{"id":8512,"date":"2022-11-16T12:48:33","date_gmt":"2022-11-16T11:48:33","guid":{"rendered":"https:\/\/bpm.wrotamazowsza.pl\/?page_id=8512"},"modified":"2024-05-07T12:16:29","modified_gmt":"2024-05-07T10:16:29","slug":"nowosci","status":"publish","type":"page","link":"https:\/\/bpm.wrotamazowsza.pl\/uk\/nowosci\/","title":{"rendered":"\u0412\u0456\u0441\u0442\u0456"},"content":{"rendered":"\n<div id=\"wp-block-themeisle-blocks-advanced-columns-bee6c076\" class=\"wp-block-themeisle-blocks-advanced-columns has-1-columns has-desktop-equal-layout has-tablet-equal-layout has-mobile-equal-layout has-vertical-unset\"><div class=\"wp-block-themeisle-blocks-advanced-columns-overlay\"><\/div><div class=\"innerblocks-wrap\">\n<div id=\"wp-block-themeisle-blocks-advanced-column-07fa663b\" class=\"wp-block-themeisle-blocks-advanced-column\"><div id=\"bs-all-events-grid\" class=\"container gridPosts post exhibitions library_lessons stm-courses czasopismo \">\n    <div class=\"row\">\n                        <!-- categories -->\n    <\/div>\n\n            <div class=\"row hidden-md-up postsGridWrap\">\n            \n<div class=\"col-md-4 mb-2 mt-2\">\n    <div class=\"posts-card m-auto\">\n        <a href=\"https:\/\/bpm.wrotamazowsza.pl\/uk\/\/show-broadcast-page\/3\/130340\">\n        <div class=\"posttype\">\n            <img decoding=\"async\" src=\"https:\/\/bpm.wrotamazowsza.pl\/wp-content\/uploads\/sites\/3\/2026\/04\/PBW-strona-www-Post-na-Facebooka.png\" class=\"card-img-top\" alt=\"PBW strona www (Post na Facebooka)\">\n        <\/div>\n            <div class=\"card-body p-2\">\n                                                <h5 class=\"card-title\">Majowe \u015awi\u0119ta Narodowe w Pe...<\/h5>\n                <span class=\"badge bg-secondary mb-2\"> Warszawa <\/span>\n            <\/div>\n        <\/a>\n    <\/div>\n<\/div>\n\n\n<div class=\"col-md-4 mb-2 mt-2\">\n    <div class=\"posts-card m-auto\">\n        <a href=\"https:\/\/bpm.wrotamazowsza.pl\/uk\/\/show-broadcast-page\/12\/102230\">\n        <div class=\"posttype\">\n            <img decoding=\"async\" src=\"https:\/\/bpm.wrotamazowsza.pl\/wp-content\/uploads\/sites\/12\/2026\/04\/IMG_3901-4-scaled.jpg\" class=\"card-img-top\" alt=\"IMG_3901\">\n        <\/div>\n            <div class=\"card-body p-2\">\n                                                <h5 class=\"card-title\">XV edycja Konkursu Pi\u0119knego...<\/h5>\n                <span class=\"badge bg-secondary mb-2\"> P\u0142ock <\/span>\n            <\/div>\n        <\/a>\n    <\/div>\n<\/div>\n\n\n<div class=\"col-md-4 mb-2 mt-2\">\n    <div class=\"posts-card m-auto\">\n        <a href=\"https:\/\/bpm.wrotamazowsza.pl\/uk\/\/show-broadcast-page\/52\/79214\">\n        <div class=\"posttype\">\n            <img decoding=\"async\" src=\"https:\/\/bpm.wrotamazowsza.pl\/wp-content\/uploads\/sites\/52\/2026\/04\/Wazny-komunikat-2.png\" class=\"card-img-top\" alt=\"Wa\u017cny komunikat (2)\">\n        <\/div>\n            <div class=\"card-body p-2\">\n                                                <h5 class=\"card-title\">Zmiana godzin pracy!<\/h5>\n                <span class=\"badge bg-secondary mb-2\"> Grodzisk Mazowiecki <\/span>\n            <\/div>\n        <\/a>\n    <\/div>\n<\/div>\n\n\n<div class=\"col-md-4 mb-2 mt-2\">\n    <div class=\"posts-card m-auto\">\n        <a href=\"https:\/\/bpm.wrotamazowsza.pl\/uk\/\/show-broadcast-page\/10\/125422\">\n        <div class=\"posttype\">\n            <img decoding=\"async\" src=\"https:\/\/bpm.wrotamazowsza.pl\/wp-content\/uploads\/sites\/10\/2026\/04\/konkurs-pieknego-czytania-1.jpg\" class=\"card-img-top\" alt=\"Fina\u0142 Konkursu Pi\u0119knego Czytania 2026\">\n        <\/div>\n            <div class=\"card-body p-2\">\n                                                <h5 class=\"card-title\">Mistrzowie pi\u0119knego czytani...<\/h5>\n                <span class=\"badge bg-secondary mb-2\"> Radom <\/span>\n            <\/div>\n        <\/a>\n    <\/div>\n<\/div>\n\n\n<div class=\"col-md-4 mb-2 mt-2\">\n    <div class=\"posts-card m-auto\">\n        <a href=\"https:\/\/bpm.wrotamazowsza.pl\/uk\/\/show-broadcast-page\/30\/27706\">\n        <div class=\"posttype\">\n            <img decoding=\"async\" src=\"https:\/\/bpm.wrotamazowsza.pl\/wp-content\/uploads\/sites\/30\/2026\/04\/IMG_20260427_113744-scaled.jpg\" class=\"card-img-top\" alt=\"IMG_20260427_113744\">\n        <\/div>\n            <div class=\"card-body p-2\">\n                                                <h5 class=\"card-title\">Rado\u015b\u0107 z poezji w szkolnej ...<\/h5>\n                <span class=\"badge bg-secondary mb-2\"> Gostynin <\/span>\n            <\/div>\n        <\/a>\n    <\/div>\n<\/div>\n\n\n<div class=\"col-md-4 mb-2 mt-2\">\n    <div class=\"posts-card m-auto\">\n        <a href=\"https:\/\/bpm.wrotamazowsza.pl\/uk\/\/show-broadcast-page\/3\/129918\">\n        <div class=\"posttype\">\n            <img decoding=\"async\" src=\"https:\/\/bpm.wrotamazowsza.pl\/wp-content\/uploads\/sites\/3\/2026\/04\/Projekt-bez-nazwy.png\" class=\"card-img-top\" alt=\"Grafika reklamuj\u0105ca podcast pt Jolanta Przybylska Bibliowywiad na Goc\u0142awskiej\">\n        <\/div>\n            <div class=\"card-body p-2\">\n                                                <h5 class=\"card-title\">Jolanta Przybylska | Biblio...<\/h5>\n                <span class=\"badge bg-secondary mb-2\"> Warszawa <\/span>\n            <\/div>\n        <\/a>\n    <\/div>\n<\/div>\n\n\n<div class=\"col-md-4 mb-2 mt-2\">\n    <div class=\"posts-card m-auto\">\n        <a href=\"https:\/\/bpm.wrotamazowsza.pl\/uk\/\/show-broadcast-page\/52\/79148\">\n        <div class=\"posttype\">\n            <img decoding=\"async\" src=\"https:\/\/bpm.wrotamazowsza.pl\/wp-content\/uploads\/sites\/52\/2026\/04\/2026.0424_Przystanek-Biblioteka_Inteligencja-emocjonalna.png\" class=\"card-img-top\" alt=\"Na czarnym tle w niebieskie wst\u0119gi znajduj\u0105 si\u0119 symboliczny rysunek w po\u0142owie m\u00f3zgu ludzkiego i w po\u0142owie \u017car\u00f3wki. Od m\u00f3zgu kreski prowadz\u0105 do trzech emotek: z\u0142ej, smutnej, u\u015bmiechni\u0119tej. Napisy: Przystanek Biblioteka, Radio Bogoria, Inteligencja emocjonalna.\">\n        <\/div>\n            <div class=\"card-body p-2\">\n                                                <h5 class=\"card-title\">Inteligencja emocjonalna &#...<\/h5>\n                <span class=\"badge bg-secondary mb-2\"> Grodzisk Mazowiecki <\/span>\n            <\/div>\n        <\/a>\n    <\/div>\n<\/div>\n\n\n<div class=\"col-md-4 mb-2 mt-2\">\n    <div class=\"posts-card m-auto\">\n        <a href=\"https:\/\/bpm.wrotamazowsza.pl\/uk\/\/show-broadcast-page\/12\/101854\">\n        <div class=\"posttype\">\n            <img decoding=\"async\" src=\"https:\/\/bpm.wrotamazowsza.pl\/wp-content\/uploads\/sites\/12\/2026\/04\/IMG_8022-scaled-e1777019551273.jpg\" class=\"card-img-top\" alt=\"IMG_8022\">\n        <\/div>\n            <div class=\"card-body p-2\">\n                                                <h5 class=\"card-title\">Ksi\u0105\u017cki sensoryczne &#8211;...<\/h5>\n                <span class=\"badge bg-secondary mb-2\"> P\u0142ock <\/span>\n            <\/div>\n        <\/a>\n    <\/div>\n<\/div>\n\n\n<div class=\"col-md-4 mb-2 mt-2\">\n    <div class=\"posts-card m-auto\">\n        <a href=\"https:\/\/bpm.wrotamazowsza.pl\/uk\/\/show-broadcast-page\/3\/129940\">\n        <div class=\"posttype\">\n            <img decoding=\"async\" src=\"https:\/\/bpm.wrotamazowsza.pl\/wp-content\/uploads\/sites\/3\/2026\/04\/blog-vinted.jpg\" class=\"card-img-top\" alt=\"blog vinted\">\n        <\/div>\n            <div class=\"card-body p-2\">\n                                                <h5 class=\"card-title\">Zapraszamy do lektury noweg...<\/h5>\n                <span class=\"badge bg-secondary mb-2\"> Warszawa <\/span>\n            <\/div>\n        <\/a>\n    <\/div>\n<\/div>\n\n        <\/div>\n    \n    \n<nav aria-label=\"Page navigation\">\n    <ul class=\"pagination justify-content-center align-items-center\">\n            <li class=\"page-item disabled\">\n                <a class=\"page-link\" href=\"?pageid=0\">\n                <i class=\"bi bi-arrow-left\"><\/i>\n            <\/a>\n        <\/li>\n        \n                                                <li class=\"page-item active disabled\" aria-current=\"page\"><a class=\"page-link\" >1<\/a><\/li>\n                                                                <li class=\"page-item\"><a class=\"page-link\" href=\"?pageid=2\">2<\/a><\/li>\n                                                                <li class=\"page-item\"><a class=\"page-link\" href=\"?pageid=3\">3<\/a><\/li>\n                                                                <li class=\"page-item disabled\"><a class=\"page-link\">&hellip;<\/a><\/li>\n                                                                <li class=\"page-item\"><a class=\"page-link\" href=\"?pageid=63\">63<\/a><\/li>\n                                                                <li class=\"page-item\"><a class=\"page-link\" href=\"?pageid=64\">64<\/a><\/li>\n                                                                <li class=\"page-item\"><a class=\"page-link\" href=\"?pageid=65\">65<\/a><\/li>\n                            \n            <li class=\"page-item\">\n                <a class=\"page-link\" href=\"?pageid=2\">\n                <i class=\"bi bi-arrow-right\"><\/i>\n            <\/a>\n        <\/li>\n    <\/ul>\n<\/nav>\n\n<\/div>\n\n\n<\/div>\n<\/div><\/div>\n\n\n\n<p><\/p>\n","protected":false},"excerpt":{"rendered":"","protected":false},"author":1570,"featured_media":0,"parent":0,"menu_order":0,"comment_status":"closed","ping_status":"closed","template":"","meta":{"_acf_changed":false,"_oasis_is_in_workflow":0,"_oasis_original":0,"inline_featured_image":false,"site-sidebar-layout":"default","site-content-layout":"","ast-site-content-layout":"default","site-content-style":"default","site-sidebar-style":"default","ast-global-header-display":"","ast-banner-title-visibility":"","ast-main-header-display":"","ast-hfb-above-header-display":"","ast-hfb-below-header-display":"","ast-hfb-mobile-header-display":"","site-post-title":"","ast-breadcrumbs-content":"","ast-featured-img":"","footer-sml-layout":"","ast-disable-related-posts":"","theme-transparent-header-meta":"","adv-header-id-meta":"","stick-header-meta":"","header-above-stick-meta":"","header-main-stick-meta":"","header-below-stick-meta":"","astra-migrate-meta-layouts":"set","ast-page-background-enabled":"default","ast-page-background-meta":{"desktop":{"background-color":"","background-image":"","background-repeat":"repeat","background-position":"center center","background-size":"auto","background-attachment":"scroll","background-type":"","background-media":"","overlay-type":"","overlay-color":"","overlay-opacity":"","overlay-gradient":""},"tablet":{"background-color":"","background-image":"","background-repeat":"repeat","background-position":"center center","background-size":"auto","background-attachment":"scroll","background-type":"","background-media":"","overlay-type":"","overlay-color":"","overlay-opacity":"","overlay-gradient":""},"mobile":{"background-color":"","background-image":"","background-repeat":"repeat","background-position":"center center","background-size":"auto","background-attachment":"scroll","background-type":"","background-media":"","overlay-type":"","overlay-color":"","overlay-opacity":"","overlay-gradient":""}},"ast-content-background-meta":{"desktop":{"background-color":"var(--ast-global-color-5)","background-image":"","background-repeat":"repeat","background-position":"center center","background-size":"auto","background-attachment":"scroll","background-type":"","background-media":"","overlay-type":"","overlay-color":"","overlay-opacity":"","overlay-gradient":""},"tablet":{"background-color":"var(--ast-global-color-5)","background-image":"","background-repeat":"repeat","background-position":"center center","background-size":"auto","background-attachment":"scroll","background-type":"","background-media":"","overlay-type":"","overlay-color":"","overlay-opacity":"","overlay-gradient":""},"mobile":{"background-color":"var(--ast-global-color-5)","background-image":"","background-repeat":"repeat","background-position":"center center","background-size":"auto","background-attachment":"scroll","background-type":"","background-media":"","overlay-type":"","overlay-color":"","overlay-opacity":"","overlay-gradient":""}},"_themeisle_gutenberg_block_has_review":false,"footnotes":""},"class_list":["post-8512","page","type-page","status-publish","hentry"],"acf":[],"featured_image_urls_v2":{"full":"","thumbnail":"","medium":"","medium_large":"","large":"","1536x1536":"","2048x2048":"","menu-24x24":"","menu-36x36":"","menu-48x48":""},"post_excerpt_stackable_v2":"<p>Majowe \u015awi\u0119ta Narodowe w Pe&#8230; Warszawa XV edycja Konkursu Pi\u0119knego&#8230; P\u0142ock Zmiana godzin pracy! Grodzisk Mazowiecki Mistrzowie pi\u0119knego czytani&#8230; Radom Rado\u015b\u0107 z poezji w szkolnej &#8230; Gostynin Jolanta Przybylska | Biblio&#8230; Warszawa Inteligencja emocjonalna &#038;#&#8230; Grodzisk Mazowiecki Ksi\u0105\u017cki sensoryczne &#8211;&#8230; P\u0142ock Zapraszamy do lektury noweg&#8230; Warszawa 1 2 3 &hellip; 63 64 65<\/p>\n","category_list_v2":"","author_info_v2":{"name":"katarzyna.krowka@gmail.com","url":"https:\/\/bpm.wrotamazowsza.pl\/uk\/author\/1d143e6c-84a1-456a-a79c-bc33164f7776\/"},"comments_num_v2":"0 \u043a\u043e\u043c\u0435\u043d\u0442\u0430\u0440\u0456\u0432","_links":{"self":[{"href":"https:\/\/bpm.wrotamazowsza.pl\/uk\/wp-json\/wp\/v2\/pages\/8512","targetHints":{"allow":["GET"]}}],"collection":[{"href":"https:\/\/bpm.wrotamazowsza.pl\/uk\/wp-json\/wp\/v2\/pages"}],"about":[{"href":"https:\/\/bpm.wrotamazowsza.pl\/uk\/wp-json\/wp\/v2\/types\/page"}],"author":[{"embeddable":true,"href":"https:\/\/bpm.wrotamazowsza.pl\/uk\/wp-json\/wp\/v2\/users\/1570"}],"replies":[{"embeddable":true,"href":"https:\/\/bpm.wrotamazowsza.pl\/uk\/wp-json\/wp\/v2\/comments?post=8512"}],"version-history":[{"count":12,"href":"https:\/\/bpm.wrotamazowsza.pl\/uk\/wp-json\/wp\/v2\/pages\/8512\/revisions"}],"predecessor-version":[{"id":10618,"href":"https:\/\/bpm.wrotamazowsza.pl\/uk\/wp-json\/wp\/v2\/pages\/8512\/revisions\/10618"}],"wp:attachment":[{"href":"https:\/\/bpm.wrotamazowsza.pl\/uk\/wp-json\/wp\/v2\/media?parent=8512"}],"curies":[{"name":"wp","href":"https:\/\/api.w.org\/{rel}","templated":true}]}}