{"id":7841,"date":"2021-12-03T10:50:14","date_gmt":"2021-12-03T09:50:14","guid":{"rendered":"https:\/\/bpm.wrotamazowsza.pl\/profil-uzytkownika\/moje-lekcje-biblioteczne\/"},"modified":"2022-10-24T19:42:20","modified_gmt":"2022-10-24T17:42:20","slug":"moje-lekcje-biblioteczne","status":"publish","type":"page","link":"https:\/\/bpm.wrotamazowsza.pl\/uk\/profil-uzytkownika\/moje-lekcje-biblioteczne\/","title":{"rendered":"\u041c\u043e\u0457 \u0431\u0456\u0431\u043b\u0456\u043e\u0442\u0435\u0447\u043d\u0456 \u0443\u0440\u043e\u043a\u0438"},"content":{"rendered":"<p><span class=\"wppb-frontend-restriction-message wppb-content-restriction-message\"><\/p>\n<h1>Musisz by\u0107 zalogowany, aby zobaczy\u0107 t\u0119 stron\u0119<\/h1>\n<p><\/span><\/p>\n","protected":false},"excerpt":{"rendered":"<p>Musisz by\u0107 zalogowany, aby zobaczy\u0107 t\u0119 stron\u0119<\/p>\n","protected":false},"author":1570,"featured_media":7589,"parent":7688,"menu_order":0,"comment_status":"closed","ping_status":"closed","template":"user-account-template.php","meta":{"_acf_changed":false,"_oasis_is_in_workflow":0,"_oasis_original":0,"inline_featured_image":false,"site-sidebar-layout":"default","site-content-layout":"","ast-site-content-layout":"default","site-content-style":"default","site-sidebar-style":"default","ast-global-header-display":"","ast-banner-title-visibility":"","ast-main-header-display":"","ast-hfb-above-header-display":"","ast-hfb-below-header-display":"","ast-hfb-mobile-header-display":"","site-post-title":"","ast-breadcrumbs-content":"","ast-featured-img":"","footer-sml-layout":"","ast-disable-related-posts":"","theme-transparent-header-meta":"","adv-header-id-meta":"","stick-header-meta":"","header-above-stick-meta":"","header-main-stick-meta":"","header-below-stick-meta":"","astra-migrate-meta-layouts":"default","ast-page-background-enabled":"default","ast-page-background-meta":{"desktop":{"background-color":"","background-image":"","background-repeat":"repeat","background-position":"center center","background-size":"auto","background-attachment":"scroll","background-type":"","background-media":"","overlay-type":"","overlay-color":"","overlay-opacity":"","overlay-gradient":""},"tablet":{"background-color":"","background-image":"","background-repeat":"repeat","background-position":"center center","background-size":"auto","background-attachment":"scroll","background-type":"","background-media":"","overlay-type":"","overlay-color":"","overlay-opacity":"","overlay-gradient":""},"mobile":{"background-color":"","background-image":"","background-repeat":"repeat","background-position":"center center","background-size":"auto","background-attachment":"scroll","background-type":"","background-media":"","overlay-type":"","overlay-color":"","overlay-opacity":"","overlay-gradient":""}},"ast-content-background-meta":{"desktop":{"background-color":"var(--ast-global-color-5)","background-image":"","background-repeat":"repeat","background-position":"center center","background-size":"auto","background-attachment":"scroll","background-type":"","background-media":"","overlay-type":"","overlay-color":"","overlay-opacity":"","overlay-gradient":""},"tablet":{"background-color":"var(--ast-global-color-5)","background-image":"","background-repeat":"repeat","background-position":"center center","background-size":"auto","background-attachment":"scroll","background-type":"","background-media":"","overlay-type":"","overlay-color":"","overlay-opacity":"","overlay-gradient":""},"mobile":{"background-color":"var(--ast-global-color-5)","background-image":"","background-repeat":"repeat","background-position":"center center","background-size":"auto","background-attachment":"scroll","background-type":"","background-media":"","overlay-type":"","overlay-color":"","overlay-opacity":"","overlay-gradient":""}},"_themeisle_gutenberg_block_has_review":false,"footnotes":""},"class_list":["post-7841","page","type-page","status-publish","has-post-thumbnail","hentry"],"acf":[],"featured_image_urls_v2":{"full":["https:\/\/bpm.wrotamazowsza.pl\/wp-content\/uploads\/2021\/05\/pexels-cottonbro-4855435.jpg",3500,2333,false],"thumbnail":["https:\/\/bpm.wrotamazowsza.pl\/wp-content\/uploads\/2021\/05\/pexels-cottonbro-4855435.jpg",150,100,false],"medium":["https:\/\/bpm.wrotamazowsza.pl\/wp-content\/uploads\/2021\/05\/pexels-cottonbro-4855435.jpg",300,200,false],"medium_large":["https:\/\/bpm.wrotamazowsza.pl\/wp-content\/uploads\/2021\/05\/pexels-cottonbro-4855435.jpg",768,512,false],"large":["https:\/\/bpm.wrotamazowsza.pl\/wp-content\/uploads\/2021\/05\/pexels-cottonbro-4855435.jpg",1024,683,false],"1536x1536":["https:\/\/bpm.wrotamazowsza.pl\/wp-content\/uploads\/2021\/05\/pexels-cottonbro-4855435.jpg",1536,1024,false],"2048x2048":["https:\/\/bpm.wrotamazowsza.pl\/wp-content\/uploads\/2021\/05\/pexels-cottonbro-4855435.jpg",2048,1365,false],"menu-24x24":["https:\/\/bpm.wrotamazowsza.pl\/wp-content\/uploads\/2021\/05\/pexels-cottonbro-4855435.jpg",24,16,false],"menu-36x36":["https:\/\/bpm.wrotamazowsza.pl\/wp-content\/uploads\/2021\/05\/pexels-cottonbro-4855435.jpg",36,24,false],"menu-48x48":["https:\/\/bpm.wrotamazowsza.pl\/wp-content\/uploads\/2021\/05\/pexels-cottonbro-4855435.jpg",48,32,false]},"post_excerpt_stackable_v2":"<p>Musisz by\u0107 zalogowany, aby zobaczy\u0107 t\u0119 stron\u0119<\/p>\n","category_list_v2":"","author_info_v2":{"name":"katarzyna.krowka@gmail.com","url":"https:\/\/bpm.wrotamazowsza.pl\/uk\/author\/1d143e6c-84a1-456a-a79c-bc33164f7776\/"},"comments_num_v2":"0 \u043a\u043e\u043c\u0435\u043d\u0442\u0430\u0440\u0456\u0432","_links":{"self":[{"href":"https:\/\/bpm.wrotamazowsza.pl\/uk\/wp-json\/wp\/v2\/pages\/7841","targetHints":{"allow":["GET"]}}],"collection":[{"href":"https:\/\/bpm.wrotamazowsza.pl\/uk\/wp-json\/wp\/v2\/pages"}],"about":[{"href":"https:\/\/bpm.wrotamazowsza.pl\/uk\/wp-json\/wp\/v2\/types\/page"}],"author":[{"embeddable":true,"href":"https:\/\/bpm.wrotamazowsza.pl\/uk\/wp-json\/wp\/v2\/users\/1570"}],"replies":[{"embeddable":true,"href":"https:\/\/bpm.wrotamazowsza.pl\/uk\/wp-json\/wp\/v2\/comments?post=7841"}],"version-history":[{"count":1,"href":"https:\/\/bpm.wrotamazowsza.pl\/uk\/wp-json\/wp\/v2\/pages\/7841\/revisions"}],"predecessor-version":[{"id":8033,"href":"https:\/\/bpm.wrotamazowsza.pl\/uk\/wp-json\/wp\/v2\/pages\/7841\/revisions\/8033"}],"up":[{"embeddable":true,"href":"https:\/\/bpm.wrotamazowsza.pl\/uk\/wp-json\/wp\/v2\/pages\/7688"}],"wp:featuredmedia":[{"embeddable":true,"href":"https:\/\/bpm.wrotamazowsza.pl\/uk\/wp-json\/wp\/v2\/media\/7589"}],"wp:attachment":[{"href":"https:\/\/bpm.wrotamazowsza.pl\/uk\/wp-json\/wp\/v2\/media?parent=7841"}],"curies":[{"name":"wp","href":"https:\/\/api.w.org\/{rel}","templated":true}]}}