{"id":7619,"date":"2021-09-09T15:57:15","date_gmt":"2021-09-09T13:57:15","guid":{"rendered":"https:\/\/bpm.wrotamazowsza.pl\/o-projekcie\/"},"modified":"2024-05-15T08:36:40","modified_gmt":"2024-05-15T06:36:40","slug":"%d0%bf%d1%80%d0%be-%d0%bf%d1%80%d0%be%d1%94%d0%ba%d1%82","status":"publish","type":"page","link":"https:\/\/bpm.wrotamazowsza.pl\/uk\/%d0%bf%d1%80%d0%be-%d0%bf%d1%80%d0%be%d1%94%d0%ba%d1%82\/","title":{"rendered":"\u041f\u0440\u043e \u043f\u0440\u043e\u0454\u043a\u0442"},"content":{"rendered":"\n<p><strong>Projekt Informatyzacja bibliotek pedagogicznych na Mazowszu<\/strong>&nbsp;realizowany jest w ramach Regionalnego Programu Operacyjnego Wojew\u00f3dztwa Mazowieckiego na lata 2014-2020, Osi priorytetowej II &#8211; Wzrost e-potencja\u0142u Mazowsza, Dzia\u0142ania 2.1 &#8211; E-us\u0142ugi, Poddzia\u0142ania 2.1.1 &#8211; E-us\u0142ugi dla Mazowsza, Typ projekt\u00f3w: Informatyzacja bibliotek.<\/p>\n\n\n\n<p>Projekt ma na celu publikacj\u0119 us\u0142ug na poziomie 3 i 4 \u015bwiadczonych przez biblioteki pedagogiczne w ramach dzia\u0142a\u0144 dydaktycznych. Us\u0142ugi prezentowane b\u0119d\u0105 Czytelnikom na jednej wsp\u00f3lnej platformie oraz na nowych, nowoczesnych, przyjaznych stronach tych bibliotek oraz ich filii. W ramach Projektu b\u0119d\u0105 wdro\u017cone systemy back-office, kt\u00f3re z jednej strony zapewni\u0105 jednolit\u0105 informatyzacj\u0119 (ustandaryzuj\u0105 \u015bwiadczenie us\u0142ug elektronicznych) bibliotek pedagogicznych na ca\u0142ym terenie wojew\u00f3dztwa mazowieckiego, a z drugiej strony u\u0142atwi\u0105, usprawni\u0105, zautomatyzuj\u0105 prac\u0119 pracownik\u00f3w bibliotek. Wprowadzenie proponowanych rozwi\u0105za\u0144 doprowadzi do stopniowej automatyzacji cz\u0119\u015bci proces\u00f3w zarz\u0105dzania oraz wytwarzania dokument\u00f3w.<\/p>\n\n\n\n<p>Wspomniana wsp\u00f3lna platforma o nazwie &#8220;Portal Mazowieckich Bibliotek Pedagogicznych&#8221;, przeznaczona b\u0119dzie g\u0142\u00f3wnie dla nauczycieli i student\u00f3w przygotowuj\u0105cych si\u0119 do pracy nauczyciela. Poprzez zwi\u0119kszenie dost\u0119pno\u015bci do proponowanych przez biblioteki us\u0142ug, portal ten b\u0119dzie wspomaga\u0142 proces kszta\u0142cenia i doskonalenia nauczycieli oraz dzia\u0142alno\u015b\u0107 szk\u00f3\u0142 i plac\u00f3wek o\u015bwiatowych, w tym bibliotek szkolnych i plac\u00f3wek doskonalenia.<\/p>\n","protected":false},"excerpt":{"rendered":"<p>Projekt Informatyzacja bibliotek pedagogicznych na Mazowszu&nbsp;realizowany jest w ramach Regionalnego Programu Operacyjnego Wojew\u00f3dztwa Mazowieckiego na lata 2014-2020, Osi priorytetowej II &#8211; Wzrost e-potencja\u0142u Mazowsza, Dzia\u0142ania 2.1 &#8211; E-us\u0142ugi, Poddzia\u0142ania 2.1.1 &#8211; E-us\u0142ugi dla Mazowsza, Typ projekt\u00f3w: Informatyzacja bibliotek. Projekt ma na celu publikacj\u0119 us\u0142ug na poziomie 3 i 4 \u015bwiadczonych przez biblioteki pedagogiczne w ramach [&hellip;]<\/p>\n","protected":false},"author":12,"featured_media":0,"parent":0,"menu_order":0,"comment_status":"closed","ping_status":"closed","template":"","meta":{"_acf_changed":false,"_oasis_is_in_workflow":0,"_oasis_original":0,"inline_featured_image":false,"site-sidebar-layout":"default","site-content-layout":"default","ast-site-content-layout":"default","site-content-style":"default","site-sidebar-style":"default","ast-global-header-display":"","ast-banner-title-visibility":"","ast-main-header-display":"","ast-hfb-above-header-display":"","ast-hfb-below-header-display":"","ast-hfb-mobile-header-display":"","site-post-title":"","ast-breadcrumbs-content":"","ast-featured-img":"","footer-sml-layout":"","ast-disable-related-posts":"","theme-transparent-header-meta":"default","adv-header-id-meta":"","stick-header-meta":"","header-above-stick-meta":"","header-main-stick-meta":"","header-below-stick-meta":"","astra-migrate-meta-layouts":"set","ast-page-background-enabled":"default","ast-page-background-meta":{"desktop":{"background-color":"","background-image":"","background-repeat":"repeat","background-position":"center center","background-size":"auto","background-attachment":"scroll","background-type":"","background-media":"","overlay-type":"","overlay-color":"","overlay-opacity":"","overlay-gradient":""},"tablet":{"background-color":"","background-image":"","background-repeat":"repeat","background-position":"center center","background-size":"auto","background-attachment":"scroll","background-type":"","background-media":"","overlay-type":"","overlay-color":"","overlay-opacity":"","overlay-gradient":""},"mobile":{"background-color":"","background-image":"","background-repeat":"repeat","background-position":"center center","background-size":"auto","background-attachment":"scroll","background-type":"","background-media":"","overlay-type":"","overlay-color":"","overlay-opacity":"","overlay-gradient":""}},"ast-content-background-meta":{"desktop":{"background-color":"var(--ast-global-color-5)","background-image":"","background-repeat":"repeat","background-position":"center center","background-size":"auto","background-attachment":"scroll","background-type":"","background-media":"","overlay-type":"","overlay-color":"","overlay-opacity":"","overlay-gradient":""},"tablet":{"background-color":"var(--ast-global-color-5)","background-image":"","background-repeat":"repeat","background-position":"center center","background-size":"auto","background-attachment":"scroll","background-type":"","background-media":"","overlay-type":"","overlay-color":"","overlay-opacity":"","overlay-gradient":""},"mobile":{"background-color":"var(--ast-global-color-5)","background-image":"","background-repeat":"repeat","background-position":"center center","background-size":"auto","background-attachment":"scroll","background-type":"","background-media":"","overlay-type":"","overlay-color":"","overlay-opacity":"","overlay-gradient":""}},"_themeisle_gutenberg_block_has_review":false,"footnotes":""},"class_list":["post-7619","page","type-page","status-publish","hentry"],"acf":[],"featured_image_urls_v2":{"full":"","thumbnail":"","medium":"","medium_large":"","large":"","1536x1536":"","2048x2048":"","menu-24x24":"","menu-36x36":"","menu-48x48":""},"post_excerpt_stackable_v2":"<p>Projekt Informatyzacja bibliotek pedagogicznych na Mazowszu&nbsp;realizowany jest w ramach Regionalnego Programu Operacyjnego Wojew\u00f3dztwa Mazowieckiego na lata 2014-2020, Osi priorytetowej II &#8211; Wzrost e-potencja\u0142u Mazowsza, Dzia\u0142ania 2.1 &#8211; E-us\u0142ugi, Poddzia\u0142ania 2.1.1 &#8211; E-us\u0142ugi dla Mazowsza, Typ projekt\u00f3w: Informatyzacja bibliotek. Projekt ma na celu publikacj\u0119 us\u0142ug na poziomie 3 i 4 \u015bwiadczonych przez biblioteki pedagogiczne w ramach dzia\u0142a\u0144 dydaktycznych. Us\u0142ugi prezentowane b\u0119d\u0105 Czytelnikom na jednej wsp\u00f3lnej platformie oraz na nowych, nowoczesnych, przyjaznych stronach tych bibliotek oraz ich filii. W ramach Projektu b\u0119d\u0105 wdro\u017cone systemy back-office, kt\u00f3re z jednej strony zapewni\u0105 jednolit\u0105 informatyzacj\u0119 (ustandaryzuj\u0105 \u015bwiadczenie us\u0142ug elektronicznych) bibliotek pedagogicznych na ca\u0142ym terenie wojew\u00f3dztwa&hellip;<\/p>\n","category_list_v2":"","author_info_v2":{"name":"ktadaszak","url":"https:\/\/bpm.wrotamazowsza.pl\/uk\/author\/ktadaszak\/"},"comments_num_v2":"0 \u043a\u043e\u043c\u0435\u043d\u0442\u0430\u0440\u0456\u0432","_links":{"self":[{"href":"https:\/\/bpm.wrotamazowsza.pl\/uk\/wp-json\/wp\/v2\/pages\/7619","targetHints":{"allow":["GET"]}}],"collection":[{"href":"https:\/\/bpm.wrotamazowsza.pl\/uk\/wp-json\/wp\/v2\/pages"}],"about":[{"href":"https:\/\/bpm.wrotamazowsza.pl\/uk\/wp-json\/wp\/v2\/types\/page"}],"author":[{"embeddable":true,"href":"https:\/\/bpm.wrotamazowsza.pl\/uk\/wp-json\/wp\/v2\/users\/12"}],"replies":[{"embeddable":true,"href":"https:\/\/bpm.wrotamazowsza.pl\/uk\/wp-json\/wp\/v2\/comments?post=7619"}],"version-history":[{"count":6,"href":"https:\/\/bpm.wrotamazowsza.pl\/uk\/wp-json\/wp\/v2\/pages\/7619\/revisions"}],"predecessor-version":[{"id":11221,"href":"https:\/\/bpm.wrotamazowsza.pl\/uk\/wp-json\/wp\/v2\/pages\/7619\/revisions\/11221"}],"wp:attachment":[{"href":"https:\/\/bpm.wrotamazowsza.pl\/uk\/wp-json\/wp\/v2\/media?parent=7619"}],"curies":[{"name":"wp","href":"https:\/\/api.w.org\/{rel}","templated":true}]}}