{"id":15154,"date":"2026-01-14T12:53:19","date_gmt":"2026-01-14T11:53:19","guid":{"rendered":"https:\/\/bpm.wrotamazowsza.pl\/?page_id=15154"},"modified":"2026-03-26T13:47:19","modified_gmt":"2026-03-26T12:47:19","slug":"deklaracja-dostepnosci-aplikacji-mobilnej","status":"publish","type":"page","link":"https:\/\/bpm.wrotamazowsza.pl\/uk\/deklaracja-dostepnosci-aplikacji-mobilnej\/","title":{"rendered":"Deklaracja dost\u0119pno\u015bci aplikacji mobilnej"},"content":{"rendered":"<p><span style=\"color: #3a3a3a; font-size: 2.66667rem; font-weight: inherit;\">Deklaracja dost\u0119pno\u015bci<\/span><\/p>\n<section id=\"a11y-wstep\"><span id=\"a11y-podmiot\">Departament Cyfryzacji, Geodezji i Kartografii Urz\u0119du Marsza\u0142kowskiego Wojew\u00f3dztwa Mazowieckiego w Warszawie<\/span> zobowi\u0105zuje si\u0119 zapewni\u0107 dost\u0119pno\u015b\u0107 swojej <span id=\"a11y-zakres\">aplikacji mobilnej<\/span> <a href=\"https:\/\/play.google.com\/store\/apps\/details?id=pl.bonasoft.bpm\" rel=\"nofollow noopener\">BPM<\/a> zgodnie z ustaw\u0105 z dnia 4 kwietnia 2019 r. o dost\u0119pno\u015bci cyfrowej stron internetowych i aplikacji mobilnych podmiot\u00f3w publicznych.<\/p>\n<p>Deklaracja dost\u0119pno\u015bci dotyczy aplikacji mobilnej <a id=\"a11y-url\" href=\"https:\/\/play.google.com\/store\/apps\/details?id=pl.bonasoft.bpm\" rel=\"nofollow noopener\">BPM w wersji na Androida w wersji 1.0.3 oraz <\/a><a id=\"a11y-url\" href=\"https:\/\/apps.apple.com\/pl\/app\/bpm\/id1580353589\" rel=\"nofollow noopener\"> BPM na iOS w wersji 1.0.3 <\/a><a href=\"https:\/\/play.google.com\/store\/apps\/details?id=pl.bonasoft.bpm\" data-wplink-edit=\"true\" rel=\"nofollow noopener\"><\/a>.<\/p>\n<ul>\n<li>Data publikacji aplikacji dla Android: \u00a0<time id=\"a11y-data-publikacja\" datetime=\"2023-12-22\">\u00a022 grudnia 2023 r.<\/time><\/li>\n<li>Data publikacji aplikacji dla iOS: \u00a0<time id=\"a11y-data-publikacja\" datetime=\"2024-03-15\">\u00a015 marca 2024 r.<\/time><\/li>\n<li>Data ostatniej istotnej aktualizacji dla Android: \u00a0<time id=\"a11y-data-aktualizacja\" datetime=\"2025-02-02\">\u00a002 lutego 2025 r.<\/time><\/li>\n<li>Data ostatniej istotnej aktualizacji dla iOS: \u00a0<time id=\"a11y-data-aktualizacja\" datetime=\"2025-02-02\">\u00a002 lutego 2025 r.<\/time><\/li>\n<\/ul>\n<\/section>\n<section>\n<h2>Stan dost\u0119pno\u015bci cyfrowej<\/h2>\n<p id=\"a11y-status\">Ta aplikacja mobilna jest cz\u0119\u015bciowo zgodna z ustaw\u0105 z dnia 4 kwietnia 2019 r. o dost\u0119pno\u015bci cyfrowej stron internetowych i aplikacji mobilnych podmiot\u00f3w publicznych z powodu niezgodno\u015bci wymienionych poni\u017cej.<\/p>\n<h2>Niedost\u0119pne tre\u015bci<\/h2>\n<h3>Niezgodno\u015b\u0107 z za\u0142\u0105cznikiem<\/h3>\n<ul>\n<li>Brak dost\u0119pnych alternatyw tekstowych dla tre\u015bci nietekstowych.<\/li>\n<li>Elementy dekoracyjne nie s\u0105 ukryte przed czytnikiem ekranu.<\/li>\n<li>Z\u0142o\u017cone elementy graficzne, takie jak mapa, nie posiadaj\u0105 prawid\u0142owych tekstowych odpowiednik\u00f3w ani adekwatnych opis\u00f3w, a znaczniki lokalizacji s\u0105 odczytywane w spos\u00f3b niezgodny z faktycznym po\u0142o\u017ceniem.<\/li>\n<li>Brak prawid\u0142owej struktury informacji \u2013 aplikacja nie zapewnia semantycznej struktury nag\u0142\u00f3wk\u00f3w, poprawnie oznaczonych list<\/li>\n<li>Niesp\u00f3jne lub niepoprawne etykietowanie element\u00f3w interaktywnych.<\/li>\n<li>Formularze nie s\u0105 poprawnie dost\u0119pne \u2013 listy rozwijane (np. \u201eAdresat\u201d, \u201eKategoria\u201d) nie s\u0105 anonsowane po aktywacji<\/li>\n<li>Nielogiczna kolejno\u015b\u0107 odczytu oraz pu\u0142apki nawigacyjne &#8211; po aktywacji list rozwijanych fokus nie przenosi si\u0119 na elementy listy, co uniemo\u017cliwia ich obs\u0142ug\u0119; wyst\u0119puje blokada wyj\u015bcia z komponentu.<\/li>\n<li>Problemy z obs\u0142ug\u0105 orientacji ekranu i gestami \u2013 cz\u0119\u015b\u0107 funkcji (m.in. obs\u0142uga mapy) wymaga gest\u00f3w wielopunktowych bez alternatywnego mechanizmu jednopunktowego.<\/li>\n<\/ul>\n<section>\n<h2>Przygotowanie deklaracji dost\u0119pno\u015bci i jej aktualizacja<\/h2>\n<ul>\n<li>Data sporz\u0105dzenia deklaracji dla Adroid: <time id=\"a11y-data-sporzadzenie\" datetime=\"2023-12-22\">22 grudnia 2023 r.<\/time><\/li>\n<li>Data sporz\u0105dzenia deklaracji dla iOS: <time id=\"a11y-data-sporzadzenie\" datetime=\"2024-03-15\">15 marca 2024 r.<\/time><\/li>\n<li>Data ostatniego przegl\u0105du deklaracji dla Android:\u00a0<time id=\"a11y-data-przeglad\" datetime=\"2026-03-18\">18 marca 2026 r.<\/time><\/li>\n<li>Data ostatniego przegl\u0105du deklaracji dla iOS:\u00a0<time id=\"a11y-data-przeglad\" datetime=\"2026-03-18\">18 marca 2026 r.<\/time><\/li>\n<\/ul>\n<p>Deklaracj\u0119 sporz\u0105dzili\u015bmy na podstawie samooceny. <a href=\"https:\/\/bpm.wrotamazowsza.pl\/wp-content\/uploads\/2026\/03\/Raport-z-analizy-bledow-dostepnosci-cyfrowej-aplikacji-mobilnej-BPM_Android.pdf\">Raport z analizy b\u0142\u0119d\u00f3w dost\u0119pno\u015bci cyfrowej aplikacji mobilnej BPM_Android <\/a>oraz <a href=\"https:\/\/bpm.wrotamazowsza.pl\/wp-content\/uploads\/2026\/03\/Raport-z-analizy-bledow-dostepnosci-cyfrowej-aplikacji-mobilnej-BPM-App_iOS.pdf\">Raport z analizy b\u0142\u0119d\u00f3w dost\u0119pno\u015bci cyfrowej aplikacji mobilnej BPM App_iOS<\/a> <a href=\"...\">.<\/a><\/p>\n<\/section>\n<section>\n<h2>Informacje zwrotne i dane kontaktowe<\/h2>\n<p>Wszystkie problemy z dost\u0119pno\u015bci\u0105 cyfrow\u0105 tej aplikacji mobilnej mo\u017cesz zg\u0142osi\u0107 do <span id=\"a11y-kontakt\">Wydzia\u0142u ds. Rozwi\u0105za\u0144 Cyfrowych dla Edukacji i Kultury<\/span>, adres mail: <a id=\"a11y-email\" href=\"mailto:geodezja@mazovia.pl\">geodezja@mazovia.pl<\/a> lub <a href=\"mailto:cyfryzacja@mazovia.pl\">cyfryzacja@mazovia.pl<\/a> lub telefonicznie <a id=\"a11y-telefon\" href=\"tel:+48224324500\">22 432 4500<\/a>.<\/p>\n<p>T\u0105 sam\u0105 drog\u0105 mo\u017cna sk\u0142ada\u0107 wnioski o udost\u0119pnienie informacji w formie alternatywnej oraz sk\u0142ada\u0107 \u017c\u0105dania zapewnienia dost\u0119pno\u015bci.<\/p>\n<p>Ka\u017cdy ma prawo wyst\u0105pi\u0107 z \u017c\u0105daniem zapewnienia dost\u0119pno\u015bci cyfrowej tej aplikacji mobilnej lub jej element\u00f3w.<\/p>\n<p>Zg\u0142aszaj\u0105c takie \u017c\u0105danie podaj:<\/p>\n<ul>\n<li>swoje imi\u0119 i nazwisko,<\/li>\n<li>swoje dane kontaktowe (np. numer telefonu, e-mail),<\/li>\n<li>numer wersji aplikacji mobilnej oraz informacj\u0119, w kt\u00f3rym dok\u0142adnie miejscu jest problem z dost\u0119pno\u015bci\u0105 cyfrow\u0105,<\/li>\n<li>opis na czym polega problem i jaki spos\u00f3b jego rozwi\u0105zania by\u0142by dla Ciebie najwygodniejszy.<\/li>\n<\/ul>\n<p>Na Twoje zg\u0142oszenie odpowiemy najszybciej jak to mo\u017cliwe, nie p\u00f3\u017aniej ni\u017c w ci\u0105gu 7 dni od jego otrzymania.<\/p>\n<p>Je\u017celi ten termin b\u0119dzie dla nas zbyt kr\u00f3tki poinformujemy Ci\u0119 o tym. W tej informacji podamy nowy termin, do kt\u00f3rego poprawimy zg\u0142oszone przez Ciebie b\u0142\u0119dy lub przygotujemy informacje w alternatywny spos\u00f3b. Ten nowy termin nie b\u0119dzie d\u0142u\u017cszy ni\u017c 2 miesi\u0105ce.<\/p>\n<p>Je\u017celi nie b\u0119dziemy w stanie zapewni\u0107 dost\u0119pno\u015bci cyfrowej aplikacji mobilnej lub tre\u015bci, z Twojego zg\u0142oszenia, zaproponujemy Ci dost\u0119p do nich w alternatywny spos\u00f3b.<\/p>\n<\/section>\n<section id=\"a11y-procedura\">\n<h2>Obs\u0142uga wniosk\u00f3w i skarg zwi\u0105zanych z dost\u0119pno\u015bci\u0105<\/h2>\n<p>Je\u017celi w odpowiedzi na Tw\u00f3j wniosek o zapewnienie dost\u0119pno\u015bci cyfrowej, odm\u00f3wimy zapewnienia \u017c\u0105danej przez Ciebie dost\u0119pno\u015bci cyfrowej, a Ty nie zgadzasz si\u0119 z t\u0105 odmow\u0105, masz prawo z\u0142o\u017cy\u0107 skarg\u0119.<\/p>\n<p>Skarg\u0119 masz prawo z\u0142o\u017cy\u0107 tak\u017ce, je\u015bli nie zgadzasz si\u0119 na skorzystanie z alternatywnego sposobu dost\u0119pu, kt\u00f3ry zaproponowali\u015bmy Ci w odpowiedzi na Tw\u00f3j wniosek o zapewnienie dost\u0119pno\u015bci cyfrowej.<\/p>\n<p>Ewentualn\u0105 skarg\u0119 z\u0142\u00f3\u017c listownie lub mailem do kierownictwa naszego urz\u0119du:<\/p>\n<ul>\n<li>Marsza\u0142ek Wojew\u00f3dztwa Mazowieckiego,<\/li>\n<li>Adres: ul. Jagiello\u0144ska 26, 03-719 Warszawa,<\/li>\n<li>mejl: <a href=\"mailto:urzad_marszalkowski@mazovia.pl\">urzad_marszalkowski@mazovia.pl<\/a>.<\/li>\n<\/ul>\n<p><a href=\"https:\/\/www.gov.pl\/web\/gov\/zloz-wniosek-o-zapewnienie-dostepnosci-cyfrowej-strony-internetowej-lub-aplikacji-mobilnej\" rel=\"nofollow noopener\">Pomocne mog\u0105 by\u0107 informacje, kt\u00f3re mo\u017cna znale\u017a\u0107 na rz\u0105dowym portalu gov.pl<\/a>.<\/p>\n<p>Mo\u017cesz tak\u017ce poinformowa\u0107 o tej sytuacji <a href=\"https:\/\/bip.brpo.gov.pl\/\" rel=\"nofollow noopener\">Rzecznika Praw Obywatelskich<\/a> i poprosi\u0107 o interwencj\u0119 w Twojej sprawie.<\/p>\n<\/section>\n<h2>Pozosta\u0142e informacje<\/h2>\n<section id=\"a11y-architektura\">\n<h3>Dost\u0119pno\u015b\u0107 architektoniczna<\/h3>\n<h4 style=\"font-size: 14px; font-weight: normal;\"><span style=\"font-size: 16px;\">Departament Cyfryzacji, Geodezji i Kartografii Urz\u0119du Marsza\u0142kowskiego Wojew\u00f3dztwa Mazowieckiego &#8211; budynek dwukondygnacyjny przy ul. Kijowskiej 10\/12A, 03-743 Warszawa<\/span><\/h4>\n<h5><span style=\"font-size: 16px;\">Jak dojecha\u0107?<\/span><\/h5>\n<p><span style=\"font-size: 16px;\">Komunikacj\u0105 miejsk\u0105: autobusem<\/span><\/p>\n<p><span style=\"font-size: 16px;\">Najbli\u017csze przystanki: Kijowska, Dworzec Wschodni Kijowska.<\/span><\/p>\n<p><span style=\"font-size: 16px;\">Samochodem: znajduje si\u0119 og\u00f3lnodost\u0119pny p\u0142atny parking miejski.<\/span><\/p>\n<h5><span style=\"font-size: 16px;\">Dost\u0119pno\u015b\u0107 wej\u015bcia do budynku i przej\u015b\u0107 przez obszar kontroli<\/span><\/h5>\n<p><span style=\"font-size: 16px;\">Wej\u015bcie do budynku jest z poziomu ulicy. W celu wej\u015bcia do budynku nale\u017cy u\u017cy\u0107 dzwonka, kt\u00f3ry znajduje si\u0119 po prawej stronie. Po wej\u015bciu do przedsionka s\u0105 schody, kt\u00f3re prowadz\u0105 do holu g\u0142\u00f3wnego. Na parterze znajduje si\u0119 ochrona budynku, kt\u00f3ra udost\u0119pnia schodo\u0142az.<\/span><\/p>\n<p><span style=\"font-size: 16px;\">Po wej\u015bciu z prawej strony znajduje si\u0119 punkt ochrony, gdzie mo\u017cna uzyska\u0107 pomoc. Lada przy punkcie ochrony nie jest obni\u017cona do wysoko\u015bci 85 cm. W celu wej\u015bcia na teren urz\u0119du nale\u017cy um\u00f3wi\u0107 si\u0119 na wizyt\u0119 z konkretnym pracownikiem. W przypadku um\u00f3wienia wizyty, po przybyciu na miejsce nale\u017cy zg\u0142osi\u0107 si\u0119 do pracownika ochrony, kt\u00f3ry zawiadamia pracownika o konieczno\u015bci odbioru klienta z holu Toaleta dla os\u00f3b z niepe\u0142nosprawno\u015bci\u0105 znajduje si\u0119 na parterze w korytarzu po prawej stronie. W budynku nie ma tyflomap oraz d\u017awi\u0119kowych system\u00f3w nawigacji.<\/span><\/p>\n<h5><span style=\"font-size: 16px;\">Dost\u0119pno\u015b\u0107 korytarzy, schod\u00f3w i wind<\/span><\/h5>\n<p><span style=\"font-size: 16px;\">W budynku nie ma wind. Ruch dla klient\u00f3w pomi\u0119dzy pi\u0119trami odbywa si\u0119 przy pomocy klatki schodowej. Stopnie na klatce s\u0105 oznakowane kontrastowymi pasami. Na klatkach s\u0105 jednostronne por\u0119cze.<\/span><\/p>\n<p><span style=\"font-size: 16px;\">Korytarze s\u0105 dostosowane do poruszania si\u0119 na w\u00f3zkach. Korytarze s\u0105 dostosowane dla os\u00f3b s\u0142abowidz\u0105cych. Szklane drzwi s\u0105 oznakowane mlecznymi pasami.<\/span><\/p>\n<p><span style=\"font-size: 16px;\">Obecnie nie ma zainstalowanych urz\u0105dze\u0144 u\u0142atwiaj\u0105cych poruszanie si\u0119 dla os\u00f3b niewidomych.<\/span><\/p>\n<p><span style=\"font-size: 16px;\">Drzwi do pomieszcze\u0144 s\u0105 wyposa\u017cone w tabliczki z wypuk\u0142\u0105 numeracj\u0105 pomieszcze\u0144 oraz alfabetem brajla.<\/span><\/p>\n<h5><span style=\"font-size: 16px;\">Pochylnie, platformy, informacje g\u0142osowe, p\u0119tle indukcyjne<\/span><\/h5>\n<p><span style=\"font-size: 16px;\">Obecnie w budynku nie ma pochylni, platform i p\u0119tli indukcyjnej.<\/span><\/p>\n<h5><span style=\"font-size: 16px;\">Umiejscowienie, liczba i spos\u00f3b korzystania z miejsc parkingowych dla os\u00f3b z niepe\u0142nosprawno\u015bci\u0105<\/span><\/h5>\n<p><span style=\"font-size: 16px;\">Przy wej\u015bciu do budynku znajduj\u0105 si\u0119 og\u00f3lnodost\u0119pne, p\u0142atne miejsca postojowe. Bezpo\u015brednio przy budynku nie ma miejsca dla os\u00f3b z niepe\u0142nosprawno\u015bci\u0105.<\/span><\/p>\n<h5><span style=\"font-size: 16px;\">Inne udogodnienia<\/span><\/h5>\n<ul>\n<li style=\"font-size: 16px;\">Wej\u015bcie g\u0142\u00f3wne do budynku zosta\u0142o wyposa\u017cone w system <a href=\"http:\/\/www.totupoint.pl\/strona.php?nazwa=lista_znacznikow_totupoint\" rel=\"nofollow noopener\">ToTupoint<\/a>.<\/li>\n<li style=\"font-size: 16px;\">Tabliczki przy drzwiach do pomieszcze\u0144 s\u0105 zaopatrzone w znaczniki <abbr title=\"near-field communication\">NFC<\/abbr>.<\/li>\n<li style=\"font-size: 16px;\">Do budynku mo\u017cna wej\u015b\u0107 z psem asystuj\u0105cym.<\/li>\n<\/ul>\n<\/section>\n<section id=\"a11y-komunikacja\">\n<h3>Dost\u0119pno\u015b\u0107 komunikacyjno-informacyjna<\/h3>\n<p>Mo\u017cesz skorzysta\u0107 z t\u0142umacza on-line <a href=\"https:\/\/tlumacz.migam.org\/Mazovia\" rel=\"nofollow noopener\">Polskiego J\u0119zyka Migowego<\/a>. Kliknij w ikon\u0119 &#8220;Po\u0142\u0105cz z t\u0142umaczem&#8221;, \u017ceby rozpocz\u0105\u0107 rozmow\u0119. T\u0142umacz on-line jest czynny w godzinach 8-16. Z wideot\u0142umacza j\u0119zyka migowego mo\u017cesz skorzysta\u0107 tak\u017ce podczas wizyty w urz\u0119dzie.<\/p>\n<\/section>\n<\/section>\n","protected":false},"excerpt":{"rendered":"<p>Deklaracja dost\u0119pno\u015bci Departament Cyfryzacji, Geodezji i Kartografii Urz\u0119du Marsza\u0142kowskiego Wojew\u00f3dztwa Mazowieckiego w Warszawie zobowi\u0105zuje si\u0119 zapewni\u0107 dost\u0119pno\u015b\u0107 swojej aplikacji mobilnej BPM zgodnie z ustaw\u0105 z dnia 4 kwietnia 2019 r. o dost\u0119pno\u015bci cyfrowej stron internetowych i aplikacji mobilnych podmiot\u00f3w publicznych. Deklaracja dost\u0119pno\u015bci dotyczy aplikacji mobilnej BPM w wersji na Androida w wersji 1.0.3 oraz BPM [&hellip;]<\/p>\n","protected":false},"author":112,"featured_media":0,"parent":0,"menu_order":0,"comment_status":"closed","ping_status":"closed","template":"","meta":{"_acf_changed":false,"_oasis_is_in_workflow":0,"_oasis_original":0,"inline_featured_image":false,"site-sidebar-layout":"default","site-content-layout":"","ast-site-content-layout":"default","site-content-style":"default","site-sidebar-style":"default","ast-global-header-display":"","ast-banner-title-visibility":"","ast-main-header-display":"","ast-hfb-above-header-display":"","ast-hfb-below-header-display":"","ast-hfb-mobile-header-display":"","site-post-title":"","ast-breadcrumbs-content":"","ast-featured-img":"","footer-sml-layout":"","ast-disable-related-posts":"","theme-transparent-header-meta":"","adv-header-id-meta":"","stick-header-meta":"","header-above-stick-meta":"","header-main-stick-meta":"","header-below-stick-meta":"","astra-migrate-meta-layouts":"set","ast-page-background-enabled":"default","ast-page-background-meta":{"desktop":{"background-color":"","background-image":"","background-repeat":"repeat","background-position":"center center","background-size":"auto","background-attachment":"scroll","background-type":"","background-media":"","overlay-type":"","overlay-color":"","overlay-opacity":"","overlay-gradient":""},"tablet":{"background-color":"","background-image":"","background-repeat":"repeat","background-position":"center center","background-size":"auto","background-attachment":"scroll","background-type":"","background-media":"","overlay-type":"","overlay-color":"","overlay-opacity":"","overlay-gradient":""},"mobile":{"background-color":"","background-image":"","background-repeat":"repeat","background-position":"center center","background-size":"auto","background-attachment":"scroll","background-type":"","background-media":"","overlay-type":"","overlay-color":"","overlay-opacity":"","overlay-gradient":""}},"ast-content-background-meta":{"desktop":{"background-color":"var(--ast-global-color-5)","background-image":"","background-repeat":"repeat","background-position":"center center","background-size":"auto","background-attachment":"scroll","background-type":"","background-media":"","overlay-type":"","overlay-color":"","overlay-opacity":"","overlay-gradient":""},"tablet":{"background-color":"var(--ast-global-color-5)","background-image":"","background-repeat":"repeat","background-position":"center center","background-size":"auto","background-attachment":"scroll","background-type":"","background-media":"","overlay-type":"","overlay-color":"","overlay-opacity":"","overlay-gradient":""},"mobile":{"background-color":"var(--ast-global-color-5)","background-image":"","background-repeat":"repeat","background-position":"center center","background-size":"auto","background-attachment":"scroll","background-type":"","background-media":"","overlay-type":"","overlay-color":"","overlay-opacity":"","overlay-gradient":""}},"_themeisle_gutenberg_block_has_review":false,"footnotes":""},"class_list":["post-15154","page","type-page","status-publish","hentry"],"acf":[],"featured_image_urls_v2":{"full":"","thumbnail":"","medium":"","medium_large":"","large":"","1536x1536":"","2048x2048":"","menu-24x24":"","menu-36x36":"","menu-48x48":""},"post_excerpt_stackable_v2":"<p>Deklaracja dost\u0119pno\u015bci Departament Cyfryzacji, Geodezji i Kartografii Urz\u0119du Marsza\u0142kowskiego Wojew\u00f3dztwa Mazowieckiego w Warszawie zobowi\u0105zuje si\u0119 zapewni\u0107 dost\u0119pno\u015b\u0107 swojej aplikacji mobilnej BPM zgodnie z ustaw\u0105 z dnia 4 kwietnia 2019 r. o dost\u0119pno\u015bci cyfrowej stron internetowych i aplikacji mobilnych podmiot\u00f3w publicznych. Deklaracja dost\u0119pno\u015bci dotyczy aplikacji mobilnej BPM w wersji na Androida w wersji 1.0.3 oraz BPM na iOS w wersji 1.0.3 . Data publikacji aplikacji dla Android: \u00a0\u00a022 grudnia 2023 r. Data publikacji aplikacji dla iOS: \u00a0\u00a015 marca 2024 r. Data ostatniej istotnej aktualizacji dla Android: \u00a0\u00a002 lutego 2025 r. Data ostatniej istotnej aktualizacji dla iOS: \u00a0\u00a002 lutego 2025 r. Stan&hellip;<\/p>\n","category_list_v2":"","author_info_v2":{"name":"Martyna Zalewska","url":"https:\/\/bpm.wrotamazowsza.pl\/uk\/author\/mprzygodzka\/"},"comments_num_v2":"0 \u043a\u043e\u043c\u0435\u043d\u0442\u0430\u0440\u0456\u0432","_links":{"self":[{"href":"https:\/\/bpm.wrotamazowsza.pl\/uk\/wp-json\/wp\/v2\/pages\/15154","targetHints":{"allow":["GET"]}}],"collection":[{"href":"https:\/\/bpm.wrotamazowsza.pl\/uk\/wp-json\/wp\/v2\/pages"}],"about":[{"href":"https:\/\/bpm.wrotamazowsza.pl\/uk\/wp-json\/wp\/v2\/types\/page"}],"author":[{"embeddable":true,"href":"https:\/\/bpm.wrotamazowsza.pl\/uk\/wp-json\/wp\/v2\/users\/112"}],"replies":[{"embeddable":true,"href":"https:\/\/bpm.wrotamazowsza.pl\/uk\/wp-json\/wp\/v2\/comments?post=15154"}],"version-history":[{"count":56,"href":"https:\/\/bpm.wrotamazowsza.pl\/uk\/wp-json\/wp\/v2\/pages\/15154\/revisions"}],"predecessor-version":[{"id":15580,"href":"https:\/\/bpm.wrotamazowsza.pl\/uk\/wp-json\/wp\/v2\/pages\/15154\/revisions\/15580"}],"wp:attachment":[{"href":"https:\/\/bpm.wrotamazowsza.pl\/uk\/wp-json\/wp\/v2\/media?parent=15154"}],"curies":[{"name":"wp","href":"https:\/\/api.w.org\/{rel}","templated":true}]}}