{"id":11032,"date":"2024-05-10T08:32:02","date_gmt":"2024-05-10T06:32:02","guid":{"rendered":"https:\/\/bpm.wrotamazowsza.pl\/?page_id=11032"},"modified":"2024-05-10T08:32:09","modified_gmt":"2024-05-10T06:32:09","slug":"%d0%bd%d0%be%d0%b2%d0%b8%d0%bd%d0%b8","status":"publish","type":"page","link":"https:\/\/bpm.wrotamazowsza.pl\/uk\/%d0%bd%d0%be%d0%b2%d0%b8%d0%bd%d0%b8\/","title":{"rendered":"\u041d\u043e\u0432\u0438\u043d\u0438"},"content":{"rendered":"<div id=\"bs-all-events-grid\" class=\"container gridPosts post exhibitions library_lessons stm-courses czasopismo \">\n    <div class=\"row\">\n                        <!-- categories -->\n    <\/div>\n\n            <div class=\"row hidden-md-up postsGridWrap\">\n            \n<div class=\"col-md-4 mb-2 mt-2\">\n    <div class=\"posts-card m-auto\">\n        <a href=\"https:\/\/bpm.wrotamazowsza.pl\/uk\/\/show-broadcast-page\/10\/123778\">\n        <div class=\"posttype\">\n            <img decoding=\"async\" src=\"https:\/\/bpm.wrotamazowsza.pl\/wp-content\/uploads\/sites\/10\/2026\/04\/piekne-czytanie-1.jpg\" class=\"card-img-top\" alt=\"10. Regionalny Konkurs Pi\u0119knego Czytania\">\n        <\/div>\n            <div class=\"card-body p-2\">\n                                                <h5 class=\"card-title\">Mistrzowie s\u0142owa w Bibliote...<\/h5>\n                <span class=\"badge bg-secondary mb-2\"> Radom <\/span>\n            <\/div>\n        <\/a>\n    <\/div>\n<\/div>\n\n\n<div class=\"col-md-4 mb-2 mt-2\">\n    <div class=\"posts-card m-auto\">\n        <a href=\"https:\/\/bpm.wrotamazowsza.pl\/uk\/\/show-broadcast-page\/10\/123756\">\n        <div class=\"posttype\">\n            <img decoding=\"async\" src=\"https:\/\/bpm.wrotamazowsza.pl\/wp-content\/uploads\/sites\/10\/2026\/04\/dzien-drugi-7MPT-2026-11.jpg\" class=\"card-img-top\" alt=\"dzie\u0144 drugi 7 M\u0142odzie\u017cowego Przegl\u0105du Teatralnego 2026\">\n        <\/div>\n            <div class=\"card-body p-2\">\n                                                <h5 class=\"card-title\">7. M\u0142odzie\u017cowy Przegl\u0105d Tea...<\/h5>\n                <span class=\"badge bg-secondary mb-2\"> Radom <\/span>\n            <\/div>\n        <\/a>\n    <\/div>\n<\/div>\n\n\n<div class=\"col-md-4 mb-2 mt-2\">\n    <div class=\"posts-card m-auto\">\n        <a href=\"https:\/\/bpm.wrotamazowsza.pl\/uk\/\/show-broadcast-page\/10\/123612\">\n        <div class=\"posttype\">\n            <img decoding=\"async\" src=\"https:\/\/bpm.wrotamazowsza.pl\/wp-content\/uploads\/sites\/10\/2026\/04\/7-mlodziezowy-przeglad-teatralny-8.jpg\" class=\"card-img-top\" alt=\"7 M\u0142odzie\u017cowy Przegl\u0105d Teatralny 2026 - dzie\u0144 pierwszy\">\n        <\/div>\n            <div class=\"card-body p-2\">\n                                                <h5 class=\"card-title\">Wyniki pierwszego dnia 7. M...<\/h5>\n                <span class=\"badge bg-secondary mb-2\"> Radom <\/span>\n            <\/div>\n        <\/a>\n    <\/div>\n<\/div>\n\n\n<div class=\"col-md-4 mb-2 mt-2\">\n    <div class=\"posts-card m-auto\">\n        <a href=\"https:\/\/bpm.wrotamazowsza.pl\/uk\/\/show-broadcast-page\/10\/123488\">\n        <div class=\"posttype\">\n            <img decoding=\"async\" src=\"https:\/\/bpm.wrotamazowsza.pl\/wp-content\/uploads\/sites\/10\/2026\/04\/przedszkolaki-w-bibliotece-2.jpg\" class=\"card-img-top\" alt=\"wizyta przedszkolak\u00f3w w magazynie bibliotecznym\">\n        <\/div>\n            <div class=\"card-body p-2\">\n                                                <h5 class=\"card-title\">Wydarzenia z ostatniego tyg...<\/h5>\n                <span class=\"badge bg-secondary mb-2\"> Radom <\/span>\n            <\/div>\n        <\/a>\n    <\/div>\n<\/div>\n\n\n<div class=\"col-md-4 mb-2 mt-2\">\n    <div class=\"posts-card m-auto\">\n        <a href=\"https:\/\/bpm.wrotamazowsza.pl\/uk\/\/show-broadcast-page\/12\/100636\">\n        <div class=\"posttype\">\n            <img decoding=\"async\" src=\"https:\/\/bpm.wrotamazowsza.pl\/wp-content\/uploads\/sites\/12\/2024\/01\/1-3-e1712568521174.png\" class=\"card-img-top\" alt=\"1\">\n        <\/div>\n            <div class=\"card-body p-2\">\n                                                <h5 class=\"card-title\">Kwiecie\u0144 2026<\/h5>\n                <span class=\"badge bg-secondary mb-2\"> P\u0142ock <\/span>\n            <\/div>\n        <\/a>\n    <\/div>\n<\/div>\n\n\n<div class=\"col-md-4 mb-2 mt-2\">\n    <div class=\"posts-card m-auto\">\n        <a href=\"https:\/\/bpm.wrotamazowsza.pl\/uk\/\/show-broadcast-page\/3\/129170\">\n        <div class=\"posttype\">\n            <img decoding=\"async\" src=\"https:\/\/bpm.wrotamazowsza.pl\/wp-content\/uploads\/sites\/3\/2026\/04\/Bez-nazwy-686-x-500-px-6.png\" class=\"card-img-top\" alt=\"Grafika reklamuj\u0105ca podcast Biblioteki Vintage - Sze\u015b\u0107 twarzy Deotymy\">\n        <\/div>\n            <div class=\"card-body p-2\">\n                                                <h5 class=\"card-title\">Sze\u015b\u0107 twarzy &#8211; Deotym...<\/h5>\n                <span class=\"badge bg-secondary mb-2\"> Warszawa <\/span>\n            <\/div>\n        <\/a>\n    <\/div>\n<\/div>\n\n\n<div class=\"col-md-4 mb-2 mt-2\">\n    <div class=\"posts-card m-auto\">\n        <a href=\"https:\/\/bpm.wrotamazowsza.pl\/uk\/\/show-broadcast-page\/52\/78860\">\n        <div class=\"posttype\">\n            <img decoding=\"async\" src=\"https:\/\/bpm.wrotamazowsza.pl\/wp-content\/uploads\/sites\/52\/2026\/04\/10.04-kasia.png\" class=\"card-img-top\" alt=\"10.04 kasia\">\n        <\/div>\n            <div class=\"card-body p-2\">\n                                                <h5 class=\"card-title\">Katarzyna Kowalewska \u2013 auto...<\/h5>\n                <span class=\"badge bg-secondary mb-2\"> Grodzisk Mazowiecki <\/span>\n            <\/div>\n        <\/a>\n    <\/div>\n<\/div>\n\n\n<div class=\"col-md-4 mb-2 mt-2\">\n    <div class=\"posts-card m-auto\">\n        <a href=\"https:\/\/bpm.wrotamazowsza.pl\/uk\/\/show-broadcast-page\/23\/72286\">\n        <div class=\"posttype\">\n            <img decoding=\"async\" src=\"https:\/\/bpm.wrotamazowsza.pl\/wp-content\/uploads\/sites\/23\/2026\/04\/Poznajemy-zawody-przyszlosci-w-ochronie-zdrowia-\u2013-doradztwo-zawodowe-w-praktyce.-Wizyta-uczniow-PSP-w-Zwoleniu-w-PSSE.jpg\" class=\"card-img-top\" alt=\"Poznajemy zawody przysz\u0142o\u015bci w ochronie zdrowia \u2013 doradztwo zawodowe w praktyce\">\n        <\/div>\n            <div class=\"card-body p-2\">\n                                                <h5 class=\"card-title\">POZNAJEMY ZAWODY PRZYSZ\u0141O\u015aC...<\/h5>\n                <span class=\"badge bg-secondary mb-2\"> Zwole\u0144 <\/span>\n            <\/div>\n        <\/a>\n    <\/div>\n<\/div>\n\n\n<div class=\"col-md-4 mb-2 mt-2\">\n    <div class=\"posts-card m-auto\">\n        <a href=\"https:\/\/bpm.wrotamazowsza.pl\/uk\/\/show-broadcast-page\/65\/20234\">\n        <div class=\"posttype\">\n            <img decoding=\"async\" src=\"https:\/\/bpm.wrotamazowsza.pl\/wp-content\/uploads\/sites\/65\/2026\/04\/wystta.jpg\" class=\"card-img-top\" alt=\"wystta\">\n        <\/div>\n            <div class=\"card-body p-2\">\n                                                <h5 class=\"card-title\">Zapraszamy na now\u0105 wystaw\u0119 ...<\/h5>\n                <span class=\"badge bg-secondary mb-2\"> Gr\u00f3jec <\/span>\n            <\/div>\n        <\/a>\n    <\/div>\n<\/div>\n\n        <\/div>\n    \n    \n<nav aria-label=\"Page navigation\">\n    <ul class=\"pagination justify-content-center align-items-center\">\n            <li class=\"page-item disabled\">\n                <a class=\"page-link\" href=\"?pageid=0\">\n                <i class=\"bi bi-arrow-left\"><\/i>\n            <\/a>\n        <\/li>\n        \n                                                <li class=\"page-item active disabled\" aria-current=\"page\"><a class=\"page-link\" >1<\/a><\/li>\n                                                                <li class=\"page-item\"><a class=\"page-link\" href=\"?pageid=2\">2<\/a><\/li>\n                                                                <li class=\"page-item\"><a class=\"page-link\" href=\"?pageid=3\">3<\/a><\/li>\n                                                                <li class=\"page-item disabled\"><a class=\"page-link\">&hellip;<\/a><\/li>\n                                                                <li class=\"page-item\"><a class=\"page-link\" href=\"?pageid=59\">59<\/a><\/li>\n                                                                <li class=\"page-item\"><a class=\"page-link\" href=\"?pageid=60\">60<\/a><\/li>\n                                                                <li class=\"page-item\"><a class=\"page-link\" href=\"?pageid=61\">61<\/a><\/li>\n                            \n            <li class=\"page-item\">\n                <a class=\"page-link\" href=\"?pageid=2\">\n                <i class=\"bi bi-arrow-right\"><\/i>\n            <\/a>\n        <\/li>\n    <\/ul>\n<\/nav>\n\n<\/div>\n\n\n","protected":false},"excerpt":{"rendered":"","protected":false},"author":741,"featured_media":0,"parent":0,"menu_order":0,"comment_status":"closed","ping_status":"closed","template":"","meta":{"_acf_changed":false,"_oasis_is_in_workflow":0,"_oasis_original":0,"inline_featured_image":false,"site-sidebar-layout":"default","site-content-layout":"","ast-site-content-layout":"default","site-content-style":"default","site-sidebar-style":"default","ast-global-header-display":"","ast-banner-title-visibility":"","ast-main-header-display":"","ast-hfb-above-header-display":"","ast-hfb-below-header-display":"","ast-hfb-mobile-header-display":"","site-post-title":"","ast-breadcrumbs-content":"","ast-featured-img":"","footer-sml-layout":"","ast-disable-related-posts":"","theme-transparent-header-meta":"","adv-header-id-meta":"","stick-header-meta":"","header-above-stick-meta":"","header-main-stick-meta":"","header-below-stick-meta":"","astra-migrate-meta-layouts":"set","ast-page-background-enabled":"default","ast-page-background-meta":{"desktop":{"background-color":"","background-image":"","background-repeat":"repeat","background-position":"center center","background-size":"auto","background-attachment":"scroll","background-type":"","background-media":"","overlay-type":"","overlay-color":"","overlay-opacity":"","overlay-gradient":""},"tablet":{"background-color":"","background-image":"","background-repeat":"repeat","background-position":"center center","background-size":"auto","background-attachment":"scroll","background-type":"","background-media":"","overlay-type":"","overlay-color":"","overlay-opacity":"","overlay-gradient":""},"mobile":{"background-color":"","background-image":"","background-repeat":"repeat","background-position":"center center","background-size":"auto","background-attachment":"scroll","background-type":"","background-media":"","overlay-type":"","overlay-color":"","overlay-opacity":"","overlay-gradient":""}},"ast-content-background-meta":{"desktop":{"background-color":"var(--ast-global-color-5)","background-image":"","background-repeat":"repeat","background-position":"center center","background-size":"auto","background-attachment":"scroll","background-type":"","background-media":"","overlay-type":"","overlay-color":"","overlay-opacity":"","overlay-gradient":""},"tablet":{"background-color":"var(--ast-global-color-5)","background-image":"","background-repeat":"repeat","background-position":"center center","background-size":"auto","background-attachment":"scroll","background-type":"","background-media":"","overlay-type":"","overlay-color":"","overlay-opacity":"","overlay-gradient":""},"mobile":{"background-color":"var(--ast-global-color-5)","background-image":"","background-repeat":"repeat","background-position":"center center","background-size":"auto","background-attachment":"scroll","background-type":"","background-media":"","overlay-type":"","overlay-color":"","overlay-opacity":"","overlay-gradient":""}},"_themeisle_gutenberg_block_has_review":false,"footnotes":""},"class_list":["post-11032","page","type-page","status-publish","hentry"],"acf":[],"featured_image_urls_v2":{"full":"","thumbnail":"","medium":"","medium_large":"","large":"","1536x1536":"","2048x2048":"","menu-24x24":"","menu-36x36":"","menu-48x48":""},"post_excerpt_stackable_v2":"<p>Mistrzowie s\u0142owa w Bibliote&#8230; Radom 7. M\u0142odzie\u017cowy Przegl\u0105d Tea&#8230; Radom Wyniki pierwszego dnia 7. M&#8230; Radom Wydarzenia z ostatniego tyg&#8230; Radom Kwiecie\u0144 2026 P\u0142ock Sze\u015b\u0107 twarzy &#8211; Deotym&#8230; Warszawa Katarzyna Kowalewska \u2013 auto&#8230; Grodzisk Mazowiecki POZNAJEMY ZAWODY PRZYSZ\u0141O\u015aC&#8230; Zwole\u0144 Zapraszamy na now\u0105 wystaw\u0119 &#8230; Gr\u00f3jec 1 2 3 &hellip; 59 60 61<\/p>\n","category_list_v2":"","author_info_v2":{"name":"Aleksandra Cie\u015blicka","url":"https:\/\/bpm.wrotamazowsza.pl\/uk\/author\/acieslicka\/"},"comments_num_v2":"0 \u043a\u043e\u043c\u0435\u043d\u0442\u0430\u0440\u0456\u0432","_links":{"self":[{"href":"https:\/\/bpm.wrotamazowsza.pl\/uk\/wp-json\/wp\/v2\/pages\/11032","targetHints":{"allow":["GET"]}}],"collection":[{"href":"https:\/\/bpm.wrotamazowsza.pl\/uk\/wp-json\/wp\/v2\/pages"}],"about":[{"href":"https:\/\/bpm.wrotamazowsza.pl\/uk\/wp-json\/wp\/v2\/types\/page"}],"author":[{"embeddable":true,"href":"https:\/\/bpm.wrotamazowsza.pl\/uk\/wp-json\/wp\/v2\/users\/741"}],"replies":[{"embeddable":true,"href":"https:\/\/bpm.wrotamazowsza.pl\/uk\/wp-json\/wp\/v2\/comments?post=11032"}],"version-history":[{"count":2,"href":"https:\/\/bpm.wrotamazowsza.pl\/uk\/wp-json\/wp\/v2\/pages\/11032\/revisions"}],"predecessor-version":[{"id":11053,"href":"https:\/\/bpm.wrotamazowsza.pl\/uk\/wp-json\/wp\/v2\/pages\/11032\/revisions\/11053"}],"wp:attachment":[{"href":"https:\/\/bpm.wrotamazowsza.pl\/uk\/wp-json\/wp\/v2\/media?parent=11032"}],"curies":[{"name":"wp","href":"https:\/\/api.w.org\/{rel}","templated":true}]}}