{"id":5588,"date":"2022-05-06T17:15:01","date_gmt":"2022-05-06T15:15:01","guid":{"rendered":"https:\/\/bpm.wrotamazowsza.pl\/?page_id=5588"},"modified":"2024-05-10T09:51:45","modified_gmt":"2024-05-10T07:51:45","slug":"%d0%b4%d0%b5%d0%ba%d0%bb%d0%b0%d1%80%d0%b0%d1%86%d0%b8%d1%8f-%d0%be-%d0%b4%d0%be%d1%81%d1%82%d1%83%d0%bf%d0%bd%d0%be%d1%81%d1%82%d0%b8","status":"publish","type":"page","link":"https:\/\/bpm.wrotamazowsza.pl\/ru\/%d0%b4%d0%b5%d0%ba%d0%bb%d0%b0%d1%80%d0%b0%d1%86%d0%b8%d1%8f-%d0%be-%d0%b4%d0%be%d1%81%d1%82%d1%83%d0%bf%d0%bd%d0%be%d1%81%d1%82%d0%b8\/","title":{"rendered":"\u0414\u0435\u043a\u043b\u0430\u0440\u0430\u0446\u0438\u044f \u043e \u0434\u043e\u0441\u0442\u0443\u043f\u043d\u043e\u0441\u0442\u0438"},"content":{"rendered":"\n<h3 class=\"wp-block-heading\">O\u015bwiadczenie w sprawie dost\u0119pno\u015bci:<\/h3>\n\n\n\n<p>Departament Cyfryzacji, Geodezji i Kartografii Urz\u0119du Marsza\u0142kowskiego Wojew\u00f3dztwa Mazowieckiego w Warszawie (zwanego dalej \u201eUrz\u0119dem\u201d) zobowi\u0105zuje si\u0119 zapewni\u0107 dost\u0119pno\u015b\u0107 strony internetowej bpm.wrotamazowsza.pl zgodnie z ustaw\u0105 z dnia 4 kwietnia 2019 r. o dost\u0119pno\u015bci cyfrowej stron internetowych i aplikacji mobilnych podmiot\u00f3w publicznych (zwanej dalej \u201eUstaw\u0105\u201d).<\/p>\n\n\n\n<p>Data publikacji strony internetowej:&nbsp;2022-02-25<\/p>\n\n\n\n<p>Data ostatniej istotnej aktualizacji:&nbsp;2023-12-27<\/p>\n\n\n\n<h3 class=\"wp-block-heading\">Status pod wzgl\u0119dem zgodno\u015bci<\/h3>\n\n\n\n<p>Strona internetowa jest cz\u0119\u015bciowo zgodna z Ustaw\u0105.<\/p>\n\n\n\n<h4 class=\"wp-block-heading\">Tre\u015bci niedost\u0119pne:<\/h4>\n\n\n\n<p>Na stronie internetowej portalu Bibliotek Pedagogicznych Mazowsza znajduj\u0105 si\u0119 tre\u015bci, kt\u00f3re mog\u0105 by\u0107 niedost\u0119pne dla os\u00f3b z niepe\u0142nosprawno\u015bciami, w tym:&nbsp;<\/p>\n\n\n\n<ul class=\"wp-block-list\">\n<li>multimedia,<\/li>\n\n\n\n<li>dokumenty tekstowe i tekstowo-graficzne,<\/li>\n\n\n\n<li>prezentacje.<\/li>\n<\/ul>\n\n\n\n<h4 class=\"wp-block-heading\">Wy\u0142\u0105czenia:<\/h4>\n\n\n\n<p>Wybrane zawarto\u015bci strony internetowej Portalu Bibliotek Pedagogicznych Mazowsza zgodnie z ustaw\u0105 z dnia 4 kwietnia 2019 r. o dost\u0119pno\u015bci cyfrowej stron internetowych i aplikacji mobilnych podmiot\u00f3w publicznych s\u0105 wy\u0142\u0105czone z obowi\u0105zku dost\u0119pno\u015bci \u2013 zgodnie z art. 3 ust. 2 wy\u017cej wymienionej ustawy nie stosuj\u0119 si\u0119 do:&nbsp;<\/p>\n\n\n\n<ul class=\"wp-block-list\">\n<li>multimedi\u00f3w opublikowanych przed dniem 23 wrze\u015bnia 2020 r.,&nbsp;<\/li>\n\n\n\n<li>dokument\u00f3w tekstowych i tekstowo-graficznych, dokument\u00f3w utworzonych w programach przeznaczonych do tworzenia prezentacji lub arkuszy kalkulacyjnych, opublikowanych przed&nbsp;dniem 23 wrze\u015bnia 2018 r., chyba \u017ce ich zawarto\u015b\u0107 jest niezb\u0119dna do realizacji bie\u017c\u0105cych zada\u0144&nbsp;podmiotu publicznego,&nbsp;<\/li>\n\n\n\n<li>tre\u015bci b\u0119d\u0105cych w posiadaniu podmiotu publicznego:&nbsp;kt\u00f3re nie zosta\u0142y przez niego lub na jego rzecz wytworzone albo przez niego nabyte, albo&nbsp;kt\u00f3rych dostosowanie do wymaga\u0144 dost\u0119pno\u015bci cyfrowej wymaga modyfikacji, do kt\u00f3rej&nbsp;ten podmiot publiczny nie jest uprawniony.,<\/li>\n\n\n\n<li>nieczytelne, przez czytniki ekranowe (wykorzystanie technologii asystuj\u0105cych), dokumenty tekstowe&nbsp;i tekstowo-graficzne (w formacie PDF) u\u017cytkownicy mog\u0105 rozpozna\u0107 z wykorzystaniem narz\u0119dzi OCR.<\/li>\n<\/ul>\n\n\n\n<h4 class=\"wp-block-heading\">Udogodnienia:<\/h4>\n\n\n\n<p>Na stronie internetowej mo\u017cesz u\u017cywa\u0107 standardowych skr\u00f3t\u00f3w klawiaturowych przegl\u0105darki.<\/p>\n\n\n\n<h3 class=\"wp-block-heading\">Przygotowanie o\u015bwiadczenia w sprawie dost\u0119pno\u015bci<\/h3>\n\n\n\n<p>O\u015bwiadczenie sporz\u0105dzono dnia: 2022-02-25<\/p>\n\n\n\n<p>Ostatni przegl\u0105d i aktualizacja deklaracji: 2024-03-29<\/p>\n\n\n\n<p>Deklaracj\u0119 sporz\u0105dzono na podstawie samooceny.<\/p>\n\n\n\n<h3 class=\"wp-block-heading\">Informacje zwrotne i dane kontaktowe<\/h3>\n\n\n\n<p>W przypadku problem\u00f3w z dost\u0119pno\u015bci\u0105 strony internetowej skontaktuj si\u0119 z Wydzia\u0142 ds.Rozwi\u0105za\u0144 Cyfrowych dla Administracji, geodezja@mazovia.pl, telefon: 22 432 45 00 i 22 432 45 28.<\/p>\n\n\n\n<p>T\u0105 sam\u0105 drog\u0105 mo\u017cesz z\u0142o\u017cy\u0107 wniosek o udost\u0119pnienie informacji w formie alternatywnej i \u017c\u0105da\u0107 zapewnienia dost\u0119pno\u015bci.<\/p>\n\n\n\n<p>Masz prawo do \u017c\u0105dania:<\/p>\n\n\n\n<ul class=\"wp-block-list\">\n<li>zapewnienia dost\u0119pno\u015bci cyfrowej strony internetowej\/aplikacji mobilnej lub jej elementu,<\/li>\n\n\n\n<li>udost\u0119pnienia informacji w formie alternatywnej.<\/li>\n<\/ul>\n\n\n\n<p>\u017b\u0105danie powinno zawiera\u0107:<\/p>\n\n\n\n<ul class=\"wp-block-list\">\n<li>dane osoby zg\u0142aszaj\u0105cej \u017c\u0105danie,<\/li>\n\n\n\n<li>wskazanie, o&nbsp;kt\u00f3r\u0105 stron\u0119 internetow\u0105 chodzi,<\/li>\n\n\n\n<li>spos\u00f3b kontaktu,<\/li>\n\n\n\n<li>dogodny spos\u00f3b przedstawienia informacji w przypadku alternatywnego sposobu dost\u0119pu.<\/li>\n<\/ul>\n\n\n\n<p>Zrealizujemy \u017c\u0105danie niezw\u0142ocznie (nie p\u00f3\u017aniej ni\u017c w ci\u0105gu 7 dni od dnia wyst\u0105pienia z \u017c\u0105daniem). Je\u017celi dotrzymanie terminu b\u0119dzie niemo\u017cliwe to niezw\u0142ocznie Ci\u0119 o tym poinformujemy. Podamy kiedy b\u0119dziemy mogli zrealizowa\u0107 \u017c\u0105danie (nie p\u00f3\u017aniej ni\u017c 2 miesi\u0105ce od dnia wyst\u0105pienia z&nbsp;\u017c\u0105daniem). Je\u017celi zapewnienie dost\u0119pno\u015bci cyfrowej jest niemo\u017cliwe to zaproponujemy alternatywny spos\u00f3b dost\u0119pu do informacji.<\/p>\n\n\n\n<h3 class=\"wp-block-heading\">Skarga<\/h3>\n\n\n\n<p>Masz prawo do z\u0142o\u017cenia skargi w sprawie zapewnienia dost\u0119pno\u015bci cyfrowej strony internetowej\/aplikacji mobilnej lub jej elementu:<\/p>\n\n\n\n<ul class=\"wp-block-list\">\n<li>je\u017celi odm\u00f3wimy zapewnienia dost\u0119pno\u015bci cyfrowej strony internetowej\/aplikacji mobilnej lub jej elementu,<\/li>\n\n\n\n<li>gdy odm\u00f3wisz ze skorzystania z&nbsp;zaproponowanego przez nas, alternatywnego sposobu dost\u0119pu.<\/li>\n<\/ul>\n\n\n\n<p>Do rozpatrywania skarg stosuje si\u0119 przepisy dzia\u0142u VIII Kodeksu post\u0119powania administracyjnego.<\/p>\n\n\n\n<p>Skarg\u0119 wy\u015blij do Marsza\u0142ka Wojew\u00f3dztwa Mazowieckiego:<\/p>\n\n\n\n<ul class=\"wp-block-list\">\n<li>poczt\u0105 na adres: ul. Jagiello\u0144ska 26, 03-719 Warszawa,<\/li>\n\n\n\n<li>mejlem na <a href=\"mailto:urzad_marszalkowski@mazovia.pl\">urzad_marszalkowski@mazovia.pl<\/a>,<\/li>\n\n\n\n<li>przez <a href=\"http:\/\/epuap.gov.pl\/wps\/portal\/strefa-klienta\/katalog-spraw\/opis-uslugi\/skargi-wnioski-zapytania-do-urzedu\/umwm\" rel=\"nofollow noopener\">e-PUAP<\/a>.<\/li>\n<\/ul>\n\n\n\n<p>Skarg\u0119 mo\u017cesz przes\u0142a\u0107 tak\u017ce do <a href=\"https:\/\/www.rpo.gov.pl\/\" rel=\"nofollow noopener\">Rzecznika Praw Obywatelskich<\/a>.<\/p>\n\n\n\n<h3 class=\"wp-block-heading\">Dost\u0119pno\u015b\u0107 architektoniczna<\/h3>\n\n\n\n<h4 class=\"wp-block-heading\">Departament Cyfryzacji, Geodezji i Kartografii Urz\u0119du Marsza\u0142kowskiego Wojew\u00f3dztwa Mazowieckiego w Warszawie zlokalizowany jest w budynku 2 kondygnacyjnym przy ul. Kijowskiej 10\/12A, 03-743 Warszawa.<\/h4>\n\n\n\n<h4 class=\"wp-block-heading\">Jak dojecha\u0107?<\/h4>\n\n\n\n<p>Najbli\u017csze przystanki: Kijowska, Dworzec Wschodni Kijowska.<\/p>\n\n\n\n<h4 class=\"wp-block-heading\">Dost\u0119pno\u015b\u0107 wej\u015bcia do budynku i przej\u015b\u0107 przez obszar kontroli<\/h4>\n\n\n\n<p>Wej\u015bcie do budynku jest z poziomu ulicy. W celu wej\u015bcia do budynku nale\u017cy u\u017cy\u0107 dzwonka, kt\u00f3ry znajduje si\u0119 po prawej stronie. Po wej\u015bciu do przedsionka s\u0105 schody, kt\u00f3re prowadz\u0105 do holu g\u0142\u00f3wnego. Na parterze znajduje si\u0119 ochrona budynku, kt\u00f3ra udost\u0119pnia schodo\u0142az.<\/p>\n\n\n\n<h4 class=\"wp-block-heading\">Dost\u0119pno\u015b\u0107 korytarzy, schod\u00f3w i wind<\/h4>\n\n\n\n<p>Na parterze jest zmiana poziomu. Na pozosta\u0142ych pi\u0119trach nie ma zmian poziom\u00f3w. Korytarze s\u0105 dostosowane do poruszania si\u0119 na w\u00f3zkach. Na parterze jest toaleta dla os\u00f3b z niepe\u0142nosprawno\u015bci\u0105.<\/p>\n\n\n\n<h4 class=\"wp-block-heading\">Pochylnie, platformy, informacje g\u0142osowe, p\u0119tle indukcyjne<\/h4>\n\n\n\n<p>W budynku nie ma pochylni, platform i p\u0119tli indukcyjnej. Budynek wyposa\u017cony jest w schodo\u0142az.<\/p>\n\n\n\n<h4 class=\"wp-block-heading\">Umiejscowienie, liczba i spos\u00f3b korzystania z miejsc parkingowych dla os\u00f3b z niepe\u0142nosprawno\u015bci\u0105<\/h4>\n\n\n\n<p>Przy wej\u015bciu do budynku znajduj\u0105 si\u0119 og\u00f3lnodost\u0119pne, p\u0142atne miejsca postojowe. Wymagane jest uiszczenie op\u0142aty w parkometrze. Jest wyznaczone miejsce parkingowe dla os\u00f3b z niepe\u0142nosprawno\u015bci\u0105.<\/p>\n\n\n\n<h4 class=\"wp-block-heading\">Udogodnienia<\/h4>\n\n\n\n<p>Toaleta dla os\u00f3b niepe\u0142nosprawnych znajduje si\u0119 na parterze, w korytarzu za recepcj\u0105, po lewej stronie.<\/p>\n\n\n\n<h3 class=\"wp-block-heading\">Aplikacja mobilna<\/h3>\n\n\n\n<p>Aplikacj\u0119 mobiln\u0105 mo\u017cesz pobra\u0107:<\/p>\n\n\n\n<ul class=\"wp-block-list\">\n<li>EBiblioteki w wersji dla systemu Android &#8212; <a href=\"https:\/\/play.google.com\/store\/apps\/details?id=pl.bonasoft.mbp\" rel=\"nofollow noopener\">BPM \u2013 Aplikacje w Google Play<\/a>,<\/li>\n<\/ul>\n\n\n\n<h3 class=\"wp-block-heading\">Inne informacje<\/h3>\n\n\n\n<p>Nad drzwiami wej\u015bciowymi do ka\u017cdej siedziby Urz\u0119du jest znacznik <a href=\"http:\/\/www.totupoint.pl\/strona.php?nazwa=lista_znacznikow_totupoint\" rel=\"nofollow noopener\">TOTUPOINT<\/a>.<\/p>\n\n\n\n<p>Do wszystkich siedzib Urz\u0119du i znajduj\u0105cych si\u0119 w nich pomieszcze\u0144 mo\u017cesz wej\u015b\u0107 w&nbsp;asy\u015bcie psa przewodnika lub psa asystuj\u0105cego.<\/p>\n\n\n\n<p>Mo\u017cesz skorzysta\u0107 z&nbsp;t\u0142umacza on-line <a href=\"https:\/\/tlumacz.migam.org\/Mazovia\" rel=\"nofollow noopener\">Polskiego J\u0119zyka Migowego<\/a>. Kliknij w&nbsp;ikon\u0119 \u201e<a href=\"https:\/\/tlumacz.migam.org\/Mazovia\" data-type=\"link\" data-id=\"https:\/\/tlumacz.migam.org\/Mazovia\" rel=\"nofollow noopener\">Po\u0142\u0105cz z&nbsp;t\u0142umaczem<\/a>\u201d, aby rozpocz\u0105\u0107 rozmow\u0119. Z wideot\u0142umacza j\u0119zyka migowego mo\u017cesz skorzysta\u0107 tak\u017ce podczas wizyty w&nbsp;urz\u0119dzie.<\/p>\n\n\n\n<h4 class=\"wp-block-heading\">Koordynatorzy dost\u0119pno\u015bci w Urz\u0119dzie<\/h4>\n\n\n\n<ul class=\"wp-block-list\">\n<li>Agata Kowalska \u2013 Koordynator do spraw dost\u0119pno\u015bci architektonicznej<br><a href=\"mailto:koordynator_dostepnosci@mazovia.pl\">koordynator_dostepnosci@mazovia.pl<\/a><\/li>\n\n\n\n<li>Magdalena Marczakiewicz \u2013 Koordynator do spraw dost\u0119pno\u015bci informacyjno-komunikacyjnej<br><a href=\"mailto:koordynator_dostepnosci@mazovia.pl\">koordynator_dostepnosci@mazovia.pl<\/a><\/li>\n\n\n\n<li><strong><\/strong>Daniel Potrapeluk \u2013 Koordynator do spraw dost\u0119pno\u015bci cyfrowej<br><a href=\"mailto:koordynator_cyfrowy@mazovia.pl\">koordynator_cyfrowy@mazovia.pl<\/a><strong><u><\/u><\/strong><\/li>\n<\/ul>\n","protected":false},"excerpt":{"rendered":"<p>O\u015bwiadczenie w sprawie dost\u0119pno\u015bci: Departament Cyfryzacji, Geodezji i Kartografii Urz\u0119du Marsza\u0142kowskiego Wojew\u00f3dztwa Mazowieckiego w Warszawie (zwanego dalej \u201eUrz\u0119dem\u201d) zobowi\u0105zuje si\u0119 zapewni\u0107 dost\u0119pno\u015b\u0107 strony internetowej bpm.wrotamazowsza.pl zgodnie z ustaw\u0105 z dnia 4 kwietnia 2019 r. o dost\u0119pno\u015bci cyfrowej stron internetowych i aplikacji mobilnych podmiot\u00f3w publicznych (zwanej dalej \u201eUstaw\u0105\u201d). Data publikacji strony internetowej:&nbsp;2022-02-25 Data ostatniej istotnej aktualizacji:&nbsp;2023-12-27 [&hellip;]<\/p>\n","protected":false},"author":12,"featured_media":0,"parent":0,"menu_order":0,"comment_status":"closed","ping_status":"closed","template":"","meta":{"_acf_changed":false,"_oasis_is_in_workflow":0,"_oasis_original":0,"inline_featured_image":false,"site-sidebar-layout":"default","site-content-layout":"default","ast-site-content-layout":"default","site-content-style":"default","site-sidebar-style":"default","ast-global-header-display":"","ast-banner-title-visibility":"","ast-main-header-display":"","ast-hfb-above-header-display":"","ast-hfb-below-header-display":"","ast-hfb-mobile-header-display":"","site-post-title":"","ast-breadcrumbs-content":"","ast-featured-img":"","footer-sml-layout":"","ast-disable-related-posts":"","theme-transparent-header-meta":"default","adv-header-id-meta":"","stick-header-meta":"","header-above-stick-meta":"","header-main-stick-meta":"","header-below-stick-meta":"","astra-migrate-meta-layouts":"set","ast-page-background-enabled":"default","ast-page-background-meta":{"desktop":{"background-color":"","background-image":"","background-repeat":"repeat","background-position":"center center","background-size":"auto","background-attachment":"scroll","background-type":"","background-media":"","overlay-type":"","overlay-color":"","overlay-opacity":"","overlay-gradient":""},"tablet":{"background-color":"","background-image":"","background-repeat":"repeat","background-position":"center center","background-size":"auto","background-attachment":"scroll","background-type":"","background-media":"","overlay-type":"","overlay-color":"","overlay-opacity":"","overlay-gradient":""},"mobile":{"background-color":"","background-image":"","background-repeat":"repeat","background-position":"center center","background-size":"auto","background-attachment":"scroll","background-type":"","background-media":"","overlay-type":"","overlay-color":"","overlay-opacity":"","overlay-gradient":""}},"ast-content-background-meta":{"desktop":{"background-color":"var(--ast-global-color-5)","background-image":"","background-repeat":"repeat","background-position":"center center","background-size":"auto","background-attachment":"scroll","background-type":"","background-media":"","overlay-type":"","overlay-color":"","overlay-opacity":"","overlay-gradient":""},"tablet":{"background-color":"var(--ast-global-color-5)","background-image":"","background-repeat":"repeat","background-position":"center center","background-size":"auto","background-attachment":"scroll","background-type":"","background-media":"","overlay-type":"","overlay-color":"","overlay-opacity":"","overlay-gradient":""},"mobile":{"background-color":"var(--ast-global-color-5)","background-image":"","background-repeat":"repeat","background-position":"center center","background-size":"auto","background-attachment":"scroll","background-type":"","background-media":"","overlay-type":"","overlay-color":"","overlay-opacity":"","overlay-gradient":""}},"_themeisle_gutenberg_block_has_review":false,"footnotes":""},"class_list":["post-5588","page","type-page","status-publish","hentry"],"acf":[],"featured_image_urls_v2":{"full":"","thumbnail":"","medium":"","medium_large":"","large":"","1536x1536":"","2048x2048":"","menu-24x24":"","menu-36x36":"","menu-48x48":""},"post_excerpt_stackable_v2":"<p>O\u015bwiadczenie w sprawie dost\u0119pno\u015bci: Departament Cyfryzacji, Geodezji i Kartografii Urz\u0119du Marsza\u0142kowskiego Wojew\u00f3dztwa Mazowieckiego w Warszawie (zwanego dalej \u201eUrz\u0119dem\u201d) zobowi\u0105zuje si\u0119 zapewni\u0107 dost\u0119pno\u015b\u0107 strony internetowej bpm.wrotamazowsza.pl zgodnie z ustaw\u0105 z dnia 4 kwietnia 2019 r. o dost\u0119pno\u015bci cyfrowej stron internetowych i aplikacji mobilnych podmiot\u00f3w publicznych (zwanej dalej \u201eUstaw\u0105\u201d). Data publikacji strony internetowej:&nbsp;2022-02-25 Data ostatniej istotnej aktualizacji:&nbsp;2023-12-27 Status pod wzgl\u0119dem zgodno\u015bci Strona internetowa jest cz\u0119\u015bciowo zgodna z Ustaw\u0105. Tre\u015bci niedost\u0119pne: Na stronie internetowej portalu Bibliotek Pedagogicznych Mazowsza znajduj\u0105 si\u0119 tre\u015bci, kt\u00f3re mog\u0105 by\u0107 niedost\u0119pne dla os\u00f3b z niepe\u0142nosprawno\u015bciami, w tym:&nbsp; multimedia, dokumenty tekstowe i tekstowo-graficzne, prezentacje. Wy\u0142\u0105czenia: Wybrane zawarto\u015bci strony internetowej Portalu&hellip;<\/p>\n","category_list_v2":"","author_info_v2":{"name":"ktadaszak","url":"https:\/\/bpm.wrotamazowsza.pl\/ru\/author\/ktadaszak\/"},"comments_num_v2":"0 \u043a\u043e\u043c\u043c\u0435\u043d\u0442\u0430\u0440\u0438\u0435\u0432","_links":{"self":[{"href":"https:\/\/bpm.wrotamazowsza.pl\/ru\/wp-json\/wp\/v2\/pages\/5588","targetHints":{"allow":["GET"]}}],"collection":[{"href":"https:\/\/bpm.wrotamazowsza.pl\/ru\/wp-json\/wp\/v2\/pages"}],"about":[{"href":"https:\/\/bpm.wrotamazowsza.pl\/ru\/wp-json\/wp\/v2\/types\/page"}],"author":[{"embeddable":true,"href":"https:\/\/bpm.wrotamazowsza.pl\/ru\/wp-json\/wp\/v2\/users\/12"}],"replies":[{"embeddable":true,"href":"https:\/\/bpm.wrotamazowsza.pl\/ru\/wp-json\/wp\/v2\/comments?post=5588"}],"version-history":[{"count":5,"href":"https:\/\/bpm.wrotamazowsza.pl\/ru\/wp-json\/wp\/v2\/pages\/5588\/revisions"}],"predecessor-version":[{"id":11119,"href":"https:\/\/bpm.wrotamazowsza.pl\/ru\/wp-json\/wp\/v2\/pages\/5588\/revisions\/11119"}],"wp:attachment":[{"href":"https:\/\/bpm.wrotamazowsza.pl\/ru\/wp-json\/wp\/v2\/media?parent=5588"}],"curies":[{"name":"wp","href":"https:\/\/api.w.org\/{rel}","templated":true}]}}