{"id":5562,"date":"2022-05-06T16:45:40","date_gmt":"2022-05-06T14:45:40","guid":{"rendered":"https:\/\/bpm.wrotamazowsza.pl\/?page_id=5562"},"modified":"2022-05-06T16:45:48","modified_gmt":"2022-05-06T14:45:48","slug":"%d1%81%d0%be%d0%b3%d0%bb%d0%b0%d1%81%d0%b8%d0%b5-%d0%bd%d0%b0-%d0%bf%d0%be%d0%bb%d1%83%d1%87%d0%b5%d0%bd%d0%b8%d0%b5-%d0%bd%d0%be%d0%b2%d0%be%d1%81%d1%82%d0%b5%d0%b9-%d1%81%d0%b2%d1%8f%d0%b7%d0%b0","status":"publish","type":"page","link":"https:\/\/bpm.wrotamazowsza.pl\/ru\/%d1%81%d0%be%d0%b3%d0%bb%d0%b0%d1%81%d0%b8%d0%b5-%d0%bd%d0%b0-%d0%bf%d0%be%d0%bb%d1%83%d1%87%d0%b5%d0%bd%d0%b8%d0%b5-%d0%bd%d0%be%d0%b2%d0%be%d1%81%d1%82%d0%b5%d0%b9-%d1%81%d0%b2%d1%8f%d0%b7%d0%b0\/","title":{"rendered":"\u0421\u043e\u0433\u043b\u0430\u0441\u0438\u0435 \u043d\u0430 \u043f\u043e\u043b\u0443\u0447\u0435\u043d\u0438\u0435 \u043d\u043e\u0432\u043e\u0441\u0442\u0435\u0439, \u0441\u0432\u044f\u0437\u0430\u043d\u043d\u044b\u0445 \u0441 \u0441\u043e\u0431\u044b\u0442\u0438\u044f\u043c\u0438 \u0438 \u0432\u0438\u0434\u0435\u043e\u043a\u043e\u043d\u0444\u0435\u0440\u0435\u043d\u0446\u0438\u044f\u043c\u0438"},"content":{"rendered":"\n<p>tu b\u0119dzie tre\u015b\u0107 zgody odnosz\u0105cej si\u0119 do wydarze\u0144 i wideokonferencji<\/p>\n","protected":false},"excerpt":{"rendered":"<p>tu b\u0119dzie tre\u015b\u0107 zgody odnosz\u0105cej si\u0119 do wydarze\u0144 i wideokonferencji<\/p>\n","protected":false},"author":12,"featured_media":0,"parent":0,"menu_order":0,"comment_status":"closed","ping_status":"closed","template":"","meta":{"_acf_changed":false,"_oasis_is_in_workflow":0,"_oasis_original":0,"inline_featured_image":false,"site-sidebar-layout":"default","site-content-layout":"","ast-site-content-layout":"default","site-content-style":"default","site-sidebar-style":"default","ast-global-header-display":"","ast-banner-title-visibility":"","ast-main-header-display":"","ast-hfb-above-header-display":"","ast-hfb-below-header-display":"","ast-hfb-mobile-header-display":"","site-post-title":"","ast-breadcrumbs-content":"","ast-featured-img":"","footer-sml-layout":"","ast-disable-related-posts":"","theme-transparent-header-meta":"","adv-header-id-meta":"","stick-header-meta":"","header-above-stick-meta":"","header-main-stick-meta":"","header-below-stick-meta":"","astra-migrate-meta-layouts":"default","ast-page-background-enabled":"default","ast-page-background-meta":{"desktop":{"background-color":"","background-image":"","background-repeat":"repeat","background-position":"center center","background-size":"auto","background-attachment":"scroll","background-type":"","background-media":"","overlay-type":"","overlay-color":"","overlay-opacity":"","overlay-gradient":""},"tablet":{"background-color":"","background-image":"","background-repeat":"repeat","background-position":"center center","background-size":"auto","background-attachment":"scroll","background-type":"","background-media":"","overlay-type":"","overlay-color":"","overlay-opacity":"","overlay-gradient":""},"mobile":{"background-color":"","background-image":"","background-repeat":"repeat","background-position":"center center","background-size":"auto","background-attachment":"scroll","background-type":"","background-media":"","overlay-type":"","overlay-color":"","overlay-opacity":"","overlay-gradient":""}},"ast-content-background-meta":{"desktop":{"background-color":"var(--ast-global-color-5)","background-image":"","background-repeat":"repeat","background-position":"center center","background-size":"auto","background-attachment":"scroll","background-type":"","background-media":"","overlay-type":"","overlay-color":"","overlay-opacity":"","overlay-gradient":""},"tablet":{"background-color":"var(--ast-global-color-5)","background-image":"","background-repeat":"repeat","background-position":"center center","background-size":"auto","background-attachment":"scroll","background-type":"","background-media":"","overlay-type":"","overlay-color":"","overlay-opacity":"","overlay-gradient":""},"mobile":{"background-color":"var(--ast-global-color-5)","background-image":"","background-repeat":"repeat","background-position":"center center","background-size":"auto","background-attachment":"scroll","background-type":"","background-media":"","overlay-type":"","overlay-color":"","overlay-opacity":"","overlay-gradient":""}},"_themeisle_gutenberg_block_has_review":false,"footnotes":""},"class_list":["post-5562","page","type-page","status-publish","hentry"],"acf":[],"featured_image_urls_v2":{"full":"","thumbnail":"","medium":"","medium_large":"","large":"","1536x1536":"","2048x2048":"","menu-24x24":"","menu-36x36":"","menu-48x48":""},"post_excerpt_stackable_v2":"<p>tu b\u0119dzie tre\u015b\u0107 zgody odnosz\u0105cej si\u0119 do wydarze\u0144 i wideokonferencji<\/p>\n","category_list_v2":"","author_info_v2":{"name":"ktadaszak","url":"https:\/\/bpm.wrotamazowsza.pl\/ru\/author\/ktadaszak\/"},"comments_num_v2":"0 \u043a\u043e\u043c\u043c\u0435\u043d\u0442\u0430\u0440\u0438\u0435\u0432","_links":{"self":[{"href":"https:\/\/bpm.wrotamazowsza.pl\/ru\/wp-json\/wp\/v2\/pages\/5562","targetHints":{"allow":["GET"]}}],"collection":[{"href":"https:\/\/bpm.wrotamazowsza.pl\/ru\/wp-json\/wp\/v2\/pages"}],"about":[{"href":"https:\/\/bpm.wrotamazowsza.pl\/ru\/wp-json\/wp\/v2\/types\/page"}],"author":[{"embeddable":true,"href":"https:\/\/bpm.wrotamazowsza.pl\/ru\/wp-json\/wp\/v2\/users\/12"}],"replies":[{"embeddable":true,"href":"https:\/\/bpm.wrotamazowsza.pl\/ru\/wp-json\/wp\/v2\/comments?post=5562"}],"version-history":[{"count":2,"href":"https:\/\/bpm.wrotamazowsza.pl\/ru\/wp-json\/wp\/v2\/pages\/5562\/revisions"}],"predecessor-version":[{"id":5564,"href":"https:\/\/bpm.wrotamazowsza.pl\/ru\/wp-json\/wp\/v2\/pages\/5562\/revisions\/5564"}],"wp:attachment":[{"href":"https:\/\/bpm.wrotamazowsza.pl\/ru\/wp-json\/wp\/v2\/media?parent=5562"}],"curies":[{"name":"wp","href":"https:\/\/api.w.org\/{rel}","templated":true}]}}