{"id":5210,"date":"2022-05-05T06:50:34","date_gmt":"2022-05-05T04:50:34","guid":{"rendered":"https:\/\/bpm.wrotamazowsza.pl\/?page_id=5210"},"modified":"2022-10-24T19:37:37","modified_gmt":"2022-10-24T17:37:37","slug":"edytuj-profil","status":"publish","type":"page","link":"https:\/\/bpm.wrotamazowsza.pl\/ru\/%d0%bf%d1%80%d0%be%d1%84%d0%b8%d0%bb%d1%8c-%d0%bf%d0%be%d0%bb%d1%8c%d0%b7%d0%be%d0%b2%d0%b0%d1%82%d0%b5%d0%bb%d1%8f\/moj-profil\/edytuj-profil\/","title":{"rendered":"\u0420\u0435\u0434\u0430\u043a\u0442\u0438\u0440\u043e\u0432\u0430\u0442\u044c \u043f\u0440\u043e\u0444\u0438\u043b\u044c"},"content":{"rendered":"<div class=\"bs_site_content\">\n    <div class=\"bs_title_block\">\n        <h1 class=\"entry-title\">\u0420\u0435\u0434\u0430\u043a\u0442\u0438\u0440\u043e\u0432\u0430\u0442\u044c \u043f\u0440\u043e\u0444\u0438\u043b\u044c<\/h1>\n    <\/div>\n        <table>\n        <tbody>\n            <tr>\n                <td class=\"bs_bold\">\u0412\u043e\u0439\u0442\u0438<\/td>\n                <td><\/td>\n            <\/tr>\n            <tr>\n                <td class=\"bs_bold\">\u042d\u043b\u0435\u043a\u0442\u0440\u043e\u043d\u043d\u0430\u044f \u043f\u043e\u0447\u0442\u0430<\/td>\n                <td><\/td>\n            <\/tr>\n        <\/tbody>\n    <\/table>\n    <div>\r\n    <form method=\"POST\" action=\"\" enctype=\"multipart\/form-data\" data-bs-anonymous=\"fasle\" data-bs-validation>\r\n\t\t<div class=\"row mt-1\" ><div class=\"col-12 col-sm-9\"><span id=\"error-_wpnonce_bs-\" data-bs-error-display><\/span><input type=\"hidden\" id=\"_wpnonce_bs\" name=\"_wpnonce_bs\" value=\"db433d7f95\" \/><input type=\"hidden\" name=\"_wp_http_referer\" value=\"\/ru\/wp-json\/wp\/v2\/pages\/5210\" \/><span id=\"info-_wpnonce_bs-\"><\/span><\/div><\/div><div class=\"row mt-1\" ><div class=\"col-12 col-sm-9\"><span id=\"error-bs-input-security-\" data-bs-error-display><\/span><input id=\"hiddenbs-input-security\" class=\"form-control \" type=\"hidden\" name=\"bs-input-security\" value=\"e2d82274dc65c547ed641b3db0f42ef3\" placeholder=\"\"     data-bs-validate data-bs-field-instructions=\"\" \/><span id=\"info-bs-input-security-\"><\/span><\/div><\/div><div class=\"row mt-1\" ><label for=\"textfirstname\" class=\"col-12 col-sm-3 col-form-label\">\u0418\u043c\u044f<\/label><div class=\"col-12 col-sm-9\"><span id=\"error-firstname-\" data-bs-error-display><\/span><input id=\"textfirstname\" class=\"form-control \" type=\"text\" name=\"firstname\" value=\"\" placeholder=\"\"     data-bs-validate data-bs-field-instructions=\"\" \/><span id=\"info-firstname-\"><\/span><\/div><\/div><div class=\"row mt-1\" ><label for=\"textlastname\" class=\"col-12 col-sm-3 col-form-label\">\u0444\u0430\u043c\u0438\u043b\u0438\u044f<\/label><div class=\"col-12 col-sm-9\"><span id=\"error-lastname-\" data-bs-error-display><\/span><input id=\"textlastname\" class=\"form-control \" type=\"text\" name=\"lastname\" value=\"\" placeholder=\"\"     data-bs-validate data-bs-field-instructions=\"\" \/><span id=\"info-lastname-\"><\/span><\/div><\/div><div class=\"row mt-1\" ><label for=\"textworkplace\" class=\"col-12 col-sm-3 col-form-label\">\u0420\u0430\u0431\u043e\u0447\u0435\u0435 \u043c\u0435\u0441\u0442\u043e<\/label><div class=\"col-12 col-sm-9\"><span id=\"error-workplace-\" data-bs-error-display><\/span><input id=\"textworkplace\" class=\"form-control \" type=\"text\" name=\"workplace\" value=\"\" placeholder=\"\"     data-bs-validate data-bs-field-instructions=\"\" \/><span id=\"info-workplace-\"><\/span><\/div><\/div><div class=\"row mt-1\" ><label for=\"fileavatar\" class=\"col-12 col-sm-3 col-form-label\">\u0410\u0432\u0430\u0442\u0430\u0440<\/label><div class=\"col-12 col-sm-9\"><span id=\"error-avatar-\" data-bs-error-display><\/span><input id=\"fileavatar\" class=\"form-control \" type=\"file\" name=\"avatar[]\" value=\"\" placeholder=\"\"     data-bs-validate data-bs-field-instructions=\"\"accept=\"image\/png,image\/jpeg\" \/><span id=\"info-avatar-\">\u0420\u0435\u043a\u043e\u043c\u0435\u043d\u0434\u0443\u0435\u043c\u044b\u0439 \u0440\u0430\u0437\u043c\u0435\u0440 \u0444\u0430\u0439\u043b\u0430 200px \/ 200px<\/span><\/div><\/div><div class=\"row mt-1\" ><div class=\"col-12 col-sm-9\"><span id=\"error-submit-\" data-bs-error-display><\/span><input id=\"\" class=\"bs_submit_button\" type=\"submit\" name=\"submit\" value=\"\u0421\u043e\u0445\u0440\u0430\u043d\u0438\u0442\u044c\" placeholder=\"\"     data-bs-field-instructions=\"\" \/><span id=\"info-submit-\"><\/span><\/div><\/div>    <\/form>\r\n<\/div>    <hr>\n    <h2 class=\"bs_edit_account_headers\">\u0418\u0437\u043c\u0435\u043d\u0438\u0442\u044c \u043f\u0430\u0440\u043e\u043b\u044c<\/h2>\n    <div>\r\n    <form method=\"POST\" action=\"\" enctype=\"application\/x-www-form-urlencoded\" data-bs-anonymous=\"fasle\" data-bs-validation>\r\n\t\t<div class=\"row mt-1\" ><div class=\"col-12 col-sm-9\"><span id=\"error-_wpnonce_bs-\" data-bs-error-display><\/span><input type=\"hidden\" id=\"_wpnonce_bs\" name=\"_wpnonce_bs\" value=\"5b58df3bcd\" \/><input type=\"hidden\" name=\"_wp_http_referer\" value=\"\/ru\/wp-json\/wp\/v2\/pages\/5210\" \/><span id=\"info-_wpnonce_bs-\"><\/span><\/div><\/div><div class=\"row mt-1\" ><div class=\"col-12 col-sm-9\"><span id=\"error-bs-input-security-\" data-bs-error-display><\/span><input id=\"hiddenbs-input-security\" class=\"form-control \" type=\"hidden\" name=\"bs-input-security\" value=\"e2d82274dc65c547ed641b3db0f42ef3\" placeholder=\"\"     data-bs-validate data-bs-field-instructions=\"\" \/><span id=\"info-bs-input-security-\"><\/span><\/div><\/div><div class=\"row mt-1\" ><label for=\"passwordoldPassword\" class=\"col-12 col-sm-3 col-form-label\">\u0422\u0435\u043a\u0443\u0449\u0438\u0439 \u043f\u0430\u0440\u043e\u043b\u044c<\/label><div class=\"col-12 col-sm-9\"><span id=\"error-oldPassword-\" data-bs-error-display><\/span><input id=\"passwordoldPassword\" class=\"form-control \" type=\"password\" name=\"oldPassword\" value=\"\" placeholder=\"\"     data-bs-validate data-bs-field-instructions=\"\" \/><span id=\"info-oldPassword-\"><\/span><\/div><\/div><div class=\"row mt-1\" ><label for=\"passwordnewPassword\" class=\"col-12 col-sm-3 col-form-label\">\u041d\u043e\u0432\u044b\u0439 \u043f\u0430\u0440\u043e\u043b\u044c<\/label><div class=\"col-12 col-sm-9\"><span id=\"error-newPassword-\" data-bs-error-display><\/span><input id=\"passwordnewPassword\" class=\"form-control \" type=\"password\" name=\"newPassword\" value=\"\" placeholder=\"\"  required   data-bs-validate data-bs-field-instructions=\"\u041f\u0430\u0440\u043e\u043b\u044c \u0434\u043e\u043b\u0436\u0435\u043d \u0441\u043e\u0434\u0435\u0440\u0436\u0430\u0442\u044c \u043d\u0435 \u043c\u0435\u043d\u0435\u0435 \u0448\u0435\u0441\u0442\u043d\u0430\u0434\u0446\u0430\u0442\u0438 \u0441\u0438\u043c\u0432\u043e\u043b\u043e\u0432. \u041f\u0430\u0440\u043e\u043b\u044c \u043d\u0435 \u043c\u043e\u0436\u0435\u0442 \u0441\u043e\u0434\u0435\u0440\u0436\u0430\u0442\u044c \u0441\u0438\u043c\u0432\u043e\u043b \\. \u0427\u0442\u043e\u0431\u044b \u0441\u0434\u0435\u043b\u0430\u0442\u044c \u0435\u0433\u043e \u0441\u0438\u043b\u044c\u043d\u0435\u0435, \u0438\u0441\u043f\u043e\u043b\u044c\u0437\u0443\u0439\u0442\u0435 \u0441\u0442\u0440\u043e\u0447\u043d\u044b\u0435 \u0438 \u043f\u0440\u043e\u043f\u0438\u0441\u043d\u044b\u0435 \u0431\u0443\u043a\u0432\u044b, \u0446\u0438\u0444\u0440\u044b \u0438 \u0441\u0438\u043c\u0432\u043e\u043b\u044b, \u0442\u0430\u043a\u0438\u0435 \u043a\u0430\u043a: ! ? $ % ^ & ) \"\"data-bs-is-strong-password=\"\"min=\"16\"data-bs-has-forbidden-characters=\"92;\" \/><span id=\"info-newPassword-\"><\/span><\/div><\/div><div class=\"row mt-1\" ><label for=\"passwordrepeatedPassword\" class=\"col-12 col-sm-3 col-form-label\">\u041f\u043e\u0434\u0442\u0432\u0435\u0440\u0434\u0438\u0442\u0435 \u043d\u043e\u0432\u044b\u0439 \u043f\u0430\u0440\u043e\u043b\u044c<\/label><div class=\"col-12 col-sm-9\"><span id=\"error-repeatedPassword-\" data-bs-error-display><\/span><input id=\"passwordrepeatedPassword\" class=\"form-control \" type=\"password\" name=\"repeatedPassword\" value=\"\" placeholder=\"\"  required   data-bs-validate data-bs-field-instructions=\"\u041f\u0430\u0440\u043e\u043b\u044c \u0434\u043e\u043b\u0436\u0435\u043d \u0441\u043e\u0434\u0435\u0440\u0436\u0430\u0442\u044c \u043d\u0435 \u043c\u0435\u043d\u0435\u0435 \u0448\u0435\u0441\u0442\u043d\u0430\u0434\u0446\u0430\u0442\u0438 \u0441\u0438\u043c\u0432\u043e\u043b\u043e\u0432. \u041f\u0430\u0440\u043e\u043b\u044c \u043d\u0435 \u043c\u043e\u0436\u0435\u0442 \u0441\u043e\u0434\u0435\u0440\u0436\u0430\u0442\u044c \u0441\u0438\u043c\u0432\u043e\u043b \\. \u0427\u0442\u043e\u0431\u044b \u0441\u0434\u0435\u043b\u0430\u0442\u044c \u0435\u0433\u043e \u0441\u0438\u043b\u044c\u043d\u0435\u0435, \u0438\u0441\u043f\u043e\u043b\u044c\u0437\u0443\u0439\u0442\u0435 \u0441\u0442\u0440\u043e\u0447\u043d\u044b\u0435 \u0438 \u043f\u0440\u043e\u043f\u0438\u0441\u043d\u044b\u0435 \u0431\u0443\u043a\u0432\u044b, \u0446\u0438\u0444\u0440\u044b \u0438 \u0441\u0438\u043c\u0432\u043e\u043b\u044b, \u0442\u0430\u043a\u0438\u0435 \u043a\u0430\u043a: ! ? $ % ^ & ) \"\"data-bs-is-strong-password=\"\"min=\"16\"data-bs-has-forbidden-characters=\"92;\" \/><span id=\"info-repeatedPassword-\"><\/span><\/div><\/div><div class=\"row mt-1\" ><div class=\"col-12 col-sm-9\"><span id=\"error-save-\" data-bs-error-display><\/span><input id=\"\" class=\"bs_submit_button\" type=\"submit\" name=\"save\" value=\"\u0421\u043e\u0445\u0440\u0430\u043d\u0438\u0442\u044c\" placeholder=\"\"     data-bs-field-instructions=\"\" \/><span id=\"info-save-\"><\/span><\/div><\/div>    <\/form>\r\n<\/div>    <hr>\n    <button id=\"bs-remove-account\" class=\"btn btn-danger\">\u0423\u0434\u0430\u043b\u0438\u0442\u044c \u0430\u043a\u043a\u0430\u0443\u043d\u0442<\/button>\n    <div style=\"text-align:right\">\n        <a href=\"\/profil-uzytkownika\/moj-profil\/\"><img decoding=\"async\" class=\"bs_arrow_in_link\" src=\"\/wp-content\/uploads\/2021\/05\/prev.svg\" \/>\u041d\u0430\u0437\u0430\u0434<\/a>\n    <\/div>\n    <div id=\"bs-remove-modal\" class=\"modal\">\n        <div class=\"modal-content\">\n            <div class=\"close-section\"><span class=\"close\">&times;<\/span><\/div>\n            <p>Czy na pewno chcesz usun\u0105\u0107 konto i wszystkie zgromadzone na nim dane?<\/p>\n            <div class=\"buttons-section\">\n              <button id=\"remove-all-data\" class=\"remove-button\">\n                  Potwierd\u017a              <\/button>\n              <button id=\"remove-abort\" class=\"remove-button\">\n                  Anuluj              <\/button>\n            <\/div>\n        <\/div>\n\n    <\/div>\n<\/div>\n\n","protected":false},"excerpt":{"rendered":"","protected":false},"author":1570,"featured_media":3574,"parent":5212,"menu_order":0,"comment_status":"closed","ping_status":"closed","template":"user-account-template.php","meta":{"_acf_changed":false,"_oasis_is_in_workflow":0,"_oasis_original":0,"inline_featured_image":false,"site-sidebar-layout":"default","site-content-layout":"","ast-site-content-layout":"default","site-content-style":"default","site-sidebar-style":"default","ast-global-header-display":"","ast-banner-title-visibility":"","ast-main-header-display":"","ast-hfb-above-header-display":"","ast-hfb-below-header-display":"","ast-hfb-mobile-header-display":"","site-post-title":"","ast-breadcrumbs-content":"","ast-featured-img":"","footer-sml-layout":"","ast-disable-related-posts":"","theme-transparent-header-meta":"","adv-header-id-meta":"","stick-header-meta":"","header-above-stick-meta":"","header-main-stick-meta":"","header-below-stick-meta":"","astra-migrate-meta-layouts":"default","ast-page-background-enabled":"default","ast-page-background-meta":{"desktop":{"background-color":"","background-image":"","background-repeat":"repeat","background-position":"center center","background-size":"auto","background-attachment":"scroll","background-type":"","background-media":"","overlay-type":"","overlay-color":"","overlay-opacity":"","overlay-gradient":""},"tablet":{"background-color":"","background-image":"","background-repeat":"repeat","background-position":"center center","background-size":"auto","background-attachment":"scroll","background-type":"","background-media":"","overlay-type":"","overlay-color":"","overlay-opacity":"","overlay-gradient":""},"mobile":{"background-color":"","background-image":"","background-repeat":"repeat","background-position":"center center","background-size":"auto","background-attachment":"scroll","background-type":"","background-media":"","overlay-type":"","overlay-color":"","overlay-opacity":"","overlay-gradient":""}},"ast-content-background-meta":{"desktop":{"background-color":"var(--ast-global-color-5)","background-image":"","background-repeat":"repeat","background-position":"center center","background-size":"auto","background-attachment":"scroll","background-type":"","background-media":"","overlay-type":"","overlay-color":"","overlay-opacity":"","overlay-gradient":""},"tablet":{"background-color":"var(--ast-global-color-5)","background-image":"","background-repeat":"repeat","background-position":"center center","background-size":"auto","background-attachment":"scroll","background-type":"","background-media":"","overlay-type":"","overlay-color":"","overlay-opacity":"","overlay-gradient":""},"mobile":{"background-color":"var(--ast-global-color-5)","background-image":"","background-repeat":"repeat","background-position":"center center","background-size":"auto","background-attachment":"scroll","background-type":"","background-media":"","overlay-type":"","overlay-color":"","overlay-opacity":"","overlay-gradient":""}},"_themeisle_gutenberg_block_has_review":false,"footnotes":""},"class_list":["post-5210","page","type-page","status-publish","has-post-thumbnail","hentry"],"acf":[],"featured_image_urls_v2":{"full":["https:\/\/bpm.wrotamazowsza.pl\/wp-content\/uploads\/2021\/05\/pexels-cottonbro-4855435.jpg",3500,2333,false],"thumbnail":["https:\/\/bpm.wrotamazowsza.pl\/wp-content\/uploads\/2021\/05\/pexels-cottonbro-4855435.jpg",150,100,false],"medium":["https:\/\/bpm.wrotamazowsza.pl\/wp-content\/uploads\/2021\/05\/pexels-cottonbro-4855435.jpg",300,200,false],"medium_large":["https:\/\/bpm.wrotamazowsza.pl\/wp-content\/uploads\/2021\/05\/pexels-cottonbro-4855435.jpg",768,512,false],"large":["https:\/\/bpm.wrotamazowsza.pl\/wp-content\/uploads\/2021\/05\/pexels-cottonbro-4855435.jpg",1024,683,false],"1536x1536":["https:\/\/bpm.wrotamazowsza.pl\/wp-content\/uploads\/2021\/05\/pexels-cottonbro-4855435.jpg",1536,1024,false],"2048x2048":["https:\/\/bpm.wrotamazowsza.pl\/wp-content\/uploads\/2021\/05\/pexels-cottonbro-4855435.jpg",2048,1365,false],"menu-24x24":["https:\/\/bpm.wrotamazowsza.pl\/wp-content\/uploads\/2021\/05\/pexels-cottonbro-4855435.jpg",24,16,false],"menu-36x36":["https:\/\/bpm.wrotamazowsza.pl\/wp-content\/uploads\/2021\/05\/pexels-cottonbro-4855435.jpg",36,24,false],"menu-48x48":["https:\/\/bpm.wrotamazowsza.pl\/wp-content\/uploads\/2021\/05\/pexels-cottonbro-4855435.jpg",48,32,false]},"post_excerpt_stackable_v2":"<p>\u0420\u0435\u0434\u0430\u043a\u0442\u0438\u0440\u043e\u0432\u0430\u0442\u044c \u043f\u0440\u043e\u0444\u0438\u043b\u044c \u0412\u043e\u0439\u0442\u0438 \u042d\u043b\u0435\u043a\u0442\u0440\u043e\u043d\u043d\u0430\u044f \u043f\u043e\u0447\u0442\u0430 \u0418\u043c\u044f\u0444\u0430\u043c\u0438\u043b\u0438\u044f\u0420\u0430\u0431\u043e\u0447\u0435\u0435 \u043c\u0435\u0441\u0442\u043e\u0410\u0432\u0430\u0442\u0430\u0440\u0420\u0435\u043a\u043e\u043c\u0435\u043d\u0434\u0443\u0435\u043c\u044b\u0439 \u0440\u0430\u0437\u043c\u0435\u0440 \u0444\u0430\u0439\u043b\u0430 200px \/ 200px \u0418\u0437\u043c\u0435\u043d\u0438\u0442\u044c \u043f\u0430\u0440\u043e\u043b\u044c \u0422\u0435\u043a\u0443\u0449\u0438\u0439 \u043f\u0430\u0440\u043e\u043b\u044c\u041d\u043e\u0432\u044b\u0439 \u043f\u0430\u0440\u043e\u043b\u044c \u0423\u0434\u0430\u043b\u0438\u0442\u044c \u0430\u043a\u043a\u0430\u0443\u043d\u0442 \u041d\u0430\u0437\u0430\u0434 &times; Czy na pewno chcesz usun\u0105\u0107 konto i wszystkie zgromadzone na nim dane? Potwierd\u017a Anuluj<\/p>\n","category_list_v2":"","author_info_v2":{"name":"katarzyna.krowka@gmail.com","url":"https:\/\/bpm.wrotamazowsza.pl\/ru\/author\/1d143e6c-84a1-456a-a79c-bc33164f7776\/"},"comments_num_v2":"0 \u043a\u043e\u043c\u043c\u0435\u043d\u0442\u0430\u0440\u0438\u0435\u0432","_links":{"self":[{"href":"https:\/\/bpm.wrotamazowsza.pl\/ru\/wp-json\/wp\/v2\/pages\/5210","targetHints":{"allow":["GET"]}}],"collection":[{"href":"https:\/\/bpm.wrotamazowsza.pl\/ru\/wp-json\/wp\/v2\/pages"}],"about":[{"href":"https:\/\/bpm.wrotamazowsza.pl\/ru\/wp-json\/wp\/v2\/types\/page"}],"author":[{"embeddable":true,"href":"https:\/\/bpm.wrotamazowsza.pl\/ru\/wp-json\/wp\/v2\/users\/1570"}],"replies":[{"embeddable":true,"href":"https:\/\/bpm.wrotamazowsza.pl\/ru\/wp-json\/wp\/v2\/comments?post=5210"}],"version-history":[{"count":4,"href":"https:\/\/bpm.wrotamazowsza.pl\/ru\/wp-json\/wp\/v2\/pages\/5210\/revisions"}],"predecessor-version":[{"id":7202,"href":"https:\/\/bpm.wrotamazowsza.pl\/ru\/wp-json\/wp\/v2\/pages\/5210\/revisions\/7202"}],"up":[{"embeddable":true,"href":"https:\/\/bpm.wrotamazowsza.pl\/ru\/wp-json\/wp\/v2\/pages\/5212"}],"wp:featuredmedia":[{"embeddable":true,"href":"https:\/\/bpm.wrotamazowsza.pl\/ru\/wp-json\/wp\/v2\/media\/3574"}],"wp:attachment":[{"href":"https:\/\/bpm.wrotamazowsza.pl\/ru\/wp-json\/wp\/v2\/media?parent=5210"}],"curies":[{"name":"wp","href":"https:\/\/api.w.org\/{rel}","templated":true}]}}