{"id":11695,"date":"2024-05-23T10:55:30","date_gmt":"2024-05-23T08:55:30","guid":{"rendered":"https:\/\/bpm.wrotamazowsza.pl\/aplikacja-mobilna\/"},"modified":"2024-05-23T12:57:16","modified_gmt":"2024-05-23T10:57:16","slug":"aplikacja-mobilna","status":"publish","type":"page","link":"https:\/\/bpm.wrotamazowsza.pl\/ru\/aplikacja-mobilna\/","title":{"rendered":"\u043c\u043e\u0431\u0438\u043b\u044c\u043d\u043e\u0435 \u043f\u0440\u0438\u043b\u043e\u0436\u0435\u043d\u0438\u0435"},"content":{"rendered":"\n<div class=\"wp-block-columns bs-mobile-application is-layout-flex wp-container-core-columns-is-layout-05e67a6a wp-block-columns-is-layout-flex\" style=\"padding-top:30px\">\n<div class=\"wp-block-column is-layout-flow wp-block-column-is-layout-flow\" style=\"flex-basis:33.33%\">\n<div class=\"wp-block-stackable-image stk-block-image stk-block stk-9145c2f\" data-block-id=\"9145c2f\"><style>.stk-9145c2f .stk-img-wrapper{width:95% !important;height:492px !important}<\/style><figure><span class=\"stk-img-wrapper stk-image--shape-stretch\"><img loading=\"lazy\" decoding=\"async\" class=\"stk-img wp-image-11545\" src=\"https:\/\/bpm.wrotamazowsza.pl\/wp-content\/uploads\/2024\/05\/aplikacja-mobilna-e1716460858805.png\" width=\"1501\" height=\"1028\" alt=\"telefon z aplikacj\u0105 mobiln\u0105 BPM\" srcset=\"https:\/\/bpm.wrotamazowsza.pl\/wp-content\/uploads\/2024\/05\/aplikacja-mobilna-e1716460858805.png 1501w, https:\/\/bpm.wrotamazowsza.pl\/wp-content\/uploads\/2024\/05\/aplikacja-mobilna-e1716460858805-300x205.png 300w, https:\/\/bpm.wrotamazowsza.pl\/wp-content\/uploads\/2024\/05\/aplikacja-mobilna-e1716460858805-1024x701.png 1024w, https:\/\/bpm.wrotamazowsza.pl\/wp-content\/uploads\/2024\/05\/aplikacja-mobilna-e1716460858805-768x526.png 768w, https:\/\/bpm.wrotamazowsza.pl\/wp-content\/uploads\/2024\/05\/aplikacja-mobilna-e1716460858805-1320x904.png 1320w, https:\/\/bpm.wrotamazowsza.pl\/wp-content\/uploads\/2024\/05\/aplikacja-mobilna-e1716460858805-24x16.png 24w, https:\/\/bpm.wrotamazowsza.pl\/wp-content\/uploads\/2024\/05\/aplikacja-mobilna-e1716460858805-36x25.png 36w, https:\/\/bpm.wrotamazowsza.pl\/wp-content\/uploads\/2024\/05\/aplikacja-mobilna-e1716460858805-48x33.png 48w\" sizes=\"auto, (max-width: 1501px) 100vw, 1501px\" \/><\/span><\/figure><\/div>\n<\/div>\n\n\n\n<div class=\"wp-block-column is-vertically-aligned-top is-layout-flow wp-block-column-is-layout-flow\" style=\"padding-top:45px;padding-right:30px;flex-basis:65%\">\n<p class=\"has-text-align-left\">Portal BPM to wsp\u00f3lna platforma prezentuj\u0105ca nowoczesne, przyjazne strony 6 Bibliotek Pedagogicznych oraz ich filii z ca\u0142ego terenu wojew\u00f3dztwa mazowieckiego. Dzi\u0119ki naszej aplikacji, nauczyciele i studenci przygotowuj\u0105cy si\u0119 do pracy nauczyciela maj\u0105 szybki dost\u0119p do proponowanych przez Biblioteki us\u0142ug. Platforma wspomaga proces kszta\u0142cenia i doskonalenia nauczycieli oraz dzia\u0142alno\u015b\u0107 szk\u00f3\u0142 i plac\u00f3wek o\u015bwiatowych, w tym bibliotek szkolnych i plac\u00f3wek doskonalenia.<\/p>\n\n\n\n<p class=\"has-text-align-left\"><a href=\"\/ru\/\u043f\u043e\u043b\u0438\u0442\u0438\u043a\u0430-\u043a\u043e\u043d\u0444\u0438\u0434\u0435\u043d\u0446\u0438\u0430\u043b\u044c\u043d\u043e\u0441\u0442\u0438\/\">Informacji o plikach \u015bledz\u0105cych<\/a><br><a href=\"\/ru\/\u0434\u0435\u043a\u043b\u0430\u0440\u0430\u0446\u0438\u044f-\u043e-\u0434\u043e\u0441\u0442\u0443\u043f\u043d\u043e\u0441\u0442\u0438\/\">Deklaracji dost\u0119pno\u015bci<\/a><br><a href=\"\/ru\/\u043f\u043e\u043b\u0438\u0442\u0438\u043a\u0430-\u043a\u043e\u043d\u0444\u0438\u0434\u0435\u043d\u0446\u0438\u0430\u043b\u044c\u043d\u043e\u0441\u0442\u0438\/\">Polityki prywatno\u015bci<\/a><\/p>\n\n\n\n<div class=\"wp-block-columns is-layout-flex wp-container-core-columns-is-layout-28f84493 wp-block-columns-is-layout-flex\">\n<div class=\"wp-block-column is-layout-flow wp-block-column-is-layout-flow\">\n<figure class=\"wp-block-image aligncenter size-full is-resized\"><a href=\"https:\/\/play.google.com\/store\/apps\/details?id=pl.bonasoft.mbp\" rel=\"nofollow noopener\"><img loading=\"lazy\" decoding=\"async\" width=\"646\" height=\"250\" src=\"https:\/\/bpm.wrotamazowsza.pl\/wp-content\/uploads\/2024\/05\/google-play-badge.png\" alt=\"Pobierz z Google Play\" class=\"wp-image-11416\" style=\"object-fit:cover;width:155px;height:50px\" srcset=\"https:\/\/bpm.wrotamazowsza.pl\/wp-content\/uploads\/2024\/05\/google-play-badge.png 646w, https:\/\/bpm.wrotamazowsza.pl\/wp-content\/uploads\/2024\/05\/google-play-badge-300x116.png 300w, https:\/\/bpm.wrotamazowsza.pl\/wp-content\/uploads\/2024\/05\/google-play-badge-24x9.png 24w, https:\/\/bpm.wrotamazowsza.pl\/wp-content\/uploads\/2024\/05\/google-play-badge-36x14.png 36w, https:\/\/bpm.wrotamazowsza.pl\/wp-content\/uploads\/2024\/05\/google-play-badge-48x19.png 48w\" sizes=\"auto, (max-width: 646px) 100vw, 646px\" \/><\/a><\/figure>\n<\/div>\n\n\n\n<div class=\"wp-block-column is-layout-flow wp-block-column-is-layout-flow\">\n<figure class=\"wp-block-image aligncenter size-large is-resized\"><a href=\"https:\/\/apps.apple.com\/pl\/app\/bpm\/id1580353589\" rel=\"nofollow noopener\"><img loading=\"lazy\" decoding=\"async\" width=\"119\" height=\"40\" src=\"https:\/\/bpm.wrotamazowsza.pl\/wp-content\/uploads\/\/AppStore-Icon.svg\" alt=\"App Store - ikonka\n\" class=\"wp-image-11536\" style=\"aspect-ratio:3.12;object-fit:cover;width:156px;height:auto\"\/><\/a><\/figure>\n<\/div>\n<\/div>\n<\/div>\n<\/div>\n","protected":false},"excerpt":{"rendered":"<p>Portal BPM to wsp\u00f3lna platforma prezentuj\u0105ca nowoczesne, przyjazne strony 6 Bibliotek Pedagogicznych oraz ich filii z ca\u0142ego terenu wojew\u00f3dztwa mazowieckiego. Dzi\u0119ki naszej aplikacji, nauczyciele i studenci przygotowuj\u0105cy si\u0119 do pracy nauczyciela maj\u0105 szybki dost\u0119p do proponowanych przez Biblioteki us\u0142ug. Platforma wspomaga proces kszta\u0142cenia i doskonalenia nauczycieli oraz dzia\u0142alno\u015b\u0107 szk\u00f3\u0142 i plac\u00f3wek o\u015bwiatowych, w tym bibliotek [&hellip;]<\/p>\n","protected":false},"author":89,"featured_media":0,"parent":0,"menu_order":0,"comment_status":"closed","ping_status":"closed","template":"","meta":{"_acf_changed":false,"_oasis_is_in_workflow":0,"_oasis_original":0,"inline_featured_image":false,"site-sidebar-layout":"default","site-content-layout":"","ast-site-content-layout":"default","site-content-style":"default","site-sidebar-style":"default","ast-global-header-display":"","ast-banner-title-visibility":"","ast-main-header-display":"","ast-hfb-above-header-display":"","ast-hfb-below-header-display":"","ast-hfb-mobile-header-display":"","site-post-title":"","ast-breadcrumbs-content":"","ast-featured-img":"","footer-sml-layout":"","ast-disable-related-posts":"","theme-transparent-header-meta":"","adv-header-id-meta":"","stick-header-meta":"","header-above-stick-meta":"","header-main-stick-meta":"","header-below-stick-meta":"","astra-migrate-meta-layouts":"set","ast-page-background-enabled":"default","ast-page-background-meta":{"desktop":{"background-color":"","background-image":"","background-repeat":"repeat","background-position":"center center","background-size":"auto","background-attachment":"scroll","background-type":"","background-media":"","overlay-type":"","overlay-color":"","overlay-opacity":"","overlay-gradient":""},"tablet":{"background-color":"","background-image":"","background-repeat":"repeat","background-position":"center center","background-size":"auto","background-attachment":"scroll","background-type":"","background-media":"","overlay-type":"","overlay-color":"","overlay-opacity":"","overlay-gradient":""},"mobile":{"background-color":"","background-image":"","background-repeat":"repeat","background-position":"center center","background-size":"auto","background-attachment":"scroll","background-type":"","background-media":"","overlay-type":"","overlay-color":"","overlay-opacity":"","overlay-gradient":""}},"ast-content-background-meta":{"desktop":{"background-color":"var(--ast-global-color-5)","background-image":"","background-repeat":"repeat","background-position":"center center","background-size":"auto","background-attachment":"scroll","background-type":"","background-media":"","overlay-type":"","overlay-color":"","overlay-opacity":"","overlay-gradient":""},"tablet":{"background-color":"var(--ast-global-color-5)","background-image":"","background-repeat":"repeat","background-position":"center center","background-size":"auto","background-attachment":"scroll","background-type":"","background-media":"","overlay-type":"","overlay-color":"","overlay-opacity":"","overlay-gradient":""},"mobile":{"background-color":"var(--ast-global-color-5)","background-image":"","background-repeat":"repeat","background-position":"center center","background-size":"auto","background-attachment":"scroll","background-type":"","background-media":"","overlay-type":"","overlay-color":"","overlay-opacity":"","overlay-gradient":""}},"_themeisle_gutenberg_block_has_review":false,"footnotes":""},"class_list":["post-11695","page","type-page","status-publish","hentry"],"acf":[],"featured_image_urls_v2":{"full":"","thumbnail":"","medium":"","medium_large":"","large":"","1536x1536":"","2048x2048":"","menu-24x24":"","menu-36x36":"","menu-48x48":""},"post_excerpt_stackable_v2":"<p>Portal BPM to wsp\u00f3lna platforma prezentuj\u0105ca nowoczesne, przyjazne strony 6 Bibliotek Pedagogicznych oraz ich filii z ca\u0142ego terenu wojew\u00f3dztwa mazowieckiego. Dzi\u0119ki naszej aplikacji, nauczyciele i studenci przygotowuj\u0105cy si\u0119 do pracy nauczyciela maj\u0105 szybki dost\u0119p do proponowanych przez Biblioteki us\u0142ug. Platforma wspomaga proces kszta\u0142cenia i doskonalenia nauczycieli oraz dzia\u0142alno\u015b\u0107 szk\u00f3\u0142 i plac\u00f3wek o\u015bwiatowych, w tym bibliotek szkolnych i plac\u00f3wek doskonalenia. Informacji o plikach \u015bledz\u0105cychDeklaracji dost\u0119pno\u015bciPolityki prywatno\u015bci<\/p>\n","category_list_v2":"","author_info_v2":{"name":"dstolarek","url":"https:\/\/bpm.wrotamazowsza.pl\/ru\/author\/dstolarek\/"},"comments_num_v2":"0 \u043a\u043e\u043c\u043c\u0435\u043d\u0442\u0430\u0440\u0438\u0435\u0432","_links":{"self":[{"href":"https:\/\/bpm.wrotamazowsza.pl\/ru\/wp-json\/wp\/v2\/pages\/11695","targetHints":{"allow":["GET"]}}],"collection":[{"href":"https:\/\/bpm.wrotamazowsza.pl\/ru\/wp-json\/wp\/v2\/pages"}],"about":[{"href":"https:\/\/bpm.wrotamazowsza.pl\/ru\/wp-json\/wp\/v2\/types\/page"}],"author":[{"embeddable":true,"href":"https:\/\/bpm.wrotamazowsza.pl\/ru\/wp-json\/wp\/v2\/users\/89"}],"replies":[{"embeddable":true,"href":"https:\/\/bpm.wrotamazowsza.pl\/ru\/wp-json\/wp\/v2\/comments?post=11695"}],"version-history":[{"count":8,"href":"https:\/\/bpm.wrotamazowsza.pl\/ru\/wp-json\/wp\/v2\/pages\/11695\/revisions"}],"predecessor-version":[{"id":11782,"href":"https:\/\/bpm.wrotamazowsza.pl\/ru\/wp-json\/wp\/v2\/pages\/11695\/revisions\/11782"}],"wp:attachment":[{"href":"https:\/\/bpm.wrotamazowsza.pl\/ru\/wp-json\/wp\/v2\/media?parent=11695"}],"curies":[{"name":"wp","href":"https:\/\/api.w.org\/{rel}","templated":true}]}}