{"id":11029,"date":"2024-05-10T08:31:59","date_gmt":"2024-05-10T06:31:59","guid":{"rendered":"https:\/\/bpm.wrotamazowsza.pl\/?page_id=11029"},"modified":"2024-05-10T08:32:06","modified_gmt":"2024-05-10T06:32:06","slug":"%d0%bd%d0%be%d0%b2%d0%be%d1%81%d1%82%d0%b8","status":"publish","type":"page","link":"https:\/\/bpm.wrotamazowsza.pl\/ru\/%d0%bd%d0%be%d0%b2%d0%be%d1%81%d1%82%d0%b8\/","title":{"rendered":"\u041d\u043e\u0432\u043e\u0441\u0442\u0438"},"content":{"rendered":"<div id=\"bs-all-events-grid\" class=\"container gridPosts post exhibitions library_lessons stm-courses czasopismo \">\n    <div class=\"row\">\n                        <!-- categories -->\n    <\/div>\n\n            <div class=\"row hidden-md-up postsGridWrap\">\n            \n<div class=\"col-md-4 mb-2 mt-2\">\n    <div class=\"posts-card m-auto\">\n        <a href=\"https:\/\/bpm.wrotamazowsza.pl\/ru\/\/show-broadcast-page\/10\/124454\">\n        <div class=\"posttype\">\n            <img decoding=\"async\" src=\"https:\/\/bpm.wrotamazowsza.pl\/wp-content\/uploads\/sites\/10\/2026\/04\/to-nas-porusza-Urszula-Niwinska-Reczko-7.jpg\" class=\"card-img-top\" alt=\"To nas porusza - spotkanie z Urszul\u0105 Niwi\u0144sk\u0105 Reczko\">\n        <\/div>\n            <div class=\"card-body p-2\">\n                                                <h5 class=\"card-title\">Budujemy pewno\u015b\u0107 siebie!<\/h5>\n                <span class=\"badge bg-secondary mb-2\"> Radom <\/span>\n            <\/div>\n        <\/a>\n    <\/div>\n<\/div>\n\n\n<div class=\"col-md-4 mb-2 mt-2\">\n    <div class=\"posts-card m-auto\">\n        <a href=\"https:\/\/bpm.wrotamazowsza.pl\/ru\/\/show-broadcast-page\/52\/78966\">\n        <div class=\"posttype\">\n            <img decoding=\"async\" src=\"https:\/\/bpm.wrotamazowsza.pl\/wp-content\/uploads\/sites\/52\/2026\/04\/2026.04.17_Przystanek-Biblioteka_Dzien-Doceniania-Meza.png\" class=\"card-img-top\" alt=\"Na czarnym tle zdj\u0119cie kobiety i m\u0119\u017cczyzny, kt\u00f3rzy stykaj\u0105 si\u0119 do siebie policzkami i maj\u0105 kciuki podniesione w g\u00f3r\u0119. W tle zdj\u0119cia mieszkanie, p\u00f3\u0142ki, \u0142\u00f3zko. Po prawej stronie na zdj\u0119ciu napis: Dzie\u0144 Doceniania M\u0119\u017ca. Powy\u017cej napis Przystanek Biblioteka, pi\u0105tek, 17:30, 94,5FM oraz kolorowe logo Radio Bogoria.\">\n        <\/div>\n            <div class=\"card-body p-2\">\n                                                <h5 class=\"card-title\">Dzie\u0144 Doceniania M\u0119\u017ca &#821...<\/h5>\n                <span class=\"badge bg-secondary mb-2\"> Grodzisk Mazowiecki <\/span>\n            <\/div>\n        <\/a>\n    <\/div>\n<\/div>\n\n\n<div class=\"col-md-4 mb-2 mt-2\">\n    <div class=\"posts-card m-auto\">\n        <a href=\"https:\/\/bpm.wrotamazowsza.pl\/ru\/\/show-broadcast-page\/3\/129460\">\n        <div class=\"posttype\">\n            <img decoding=\"async\" src=\"https:\/\/bpm.wrotamazowsza.pl\/wp-content\/uploads\/sites\/3\/2026\/04\/zonkil.png\" class=\"card-img-top\" alt=\"Kosz wype\u0142niony \u017c\u00f3\u0142tymi papierowymi \u017conkilami stoi na stole obok plakatu z napisem \u201e19 IV 1943 Powstanie w getcie warszawskim\u201d oraz has\u0142em \u201e\u0141\u0105czy nas pami\u0119\u0107\u201d. W tle wida\u0107 fragment wn\u0119trza z szufladami i krzes\u0142em.\">\n        <\/div>\n            <div class=\"card-body p-2\">\n                                                <h5 class=\"card-title\">Pedagogiczna Biblioteka Woj...<\/h5>\n                <span class=\"badge bg-secondary mb-2\"> Warszawa <\/span>\n            <\/div>\n        <\/a>\n    <\/div>\n<\/div>\n\n\n<div class=\"col-md-4 mb-2 mt-2\">\n    <div class=\"posts-card m-auto\">\n        <a href=\"https:\/\/bpm.wrotamazowsza.pl\/ru\/\/show-broadcast-page\/3\/129402\">\n        <div class=\"posttype\">\n            <img decoding=\"async\" src=\"https:\/\/bpm.wrotamazowsza.pl\/wp-content\/uploads\/sites\/3\/2026\/04\/Naglowek-2-scaled.png\" class=\"card-img-top\" alt=\"Grafika reklamuj\u0105ca podcast: Lekcje Madame Chic | Klucze do szcz\u0119\u015bcia - ksi\u0105\u017cki kt\u00f3re zmieniaj\u0105 \u017cycie\">\n        <\/div>\n            <div class=\"card-body p-2\">\n                                                <h5 class=\"card-title\">Lekcje Madame Chic | Klucze...<\/h5>\n                <span class=\"badge bg-secondary mb-2\"> Warszawa <\/span>\n            <\/div>\n        <\/a>\n    <\/div>\n<\/div>\n\n\n<div class=\"col-md-4 mb-2 mt-2\">\n    <div class=\"posts-card m-auto\">\n        <a href=\"https:\/\/bpm.wrotamazowsza.pl\/ru\/\/show-broadcast-page\/10\/124350\">\n        <div class=\"posttype\">\n            <img decoding=\"async\" src=\"https:\/\/bpm.wrotamazowsza.pl\/wp-content\/uploads\/sites\/10\/2026\/04\/7MPT-dzien-4-9.jpg\" class=\"card-img-top\" alt=\"7. M\u0142odzie\u017cowy Przegl\u0105d Teatralny - dzie\u0144 czwarty\">\n        <\/div>\n            <div class=\"card-body p-2\">\n                                                <h5 class=\"card-title\">Fina\u0142owe emocje na 7. M\u0142odz...<\/h5>\n                <span class=\"badge bg-secondary mb-2\"> Radom <\/span>\n            <\/div>\n        <\/a>\n    <\/div>\n<\/div>\n\n\n<div class=\"col-md-4 mb-2 mt-2\">\n    <div class=\"posts-card m-auto\">\n        <a href=\"https:\/\/bpm.wrotamazowsza.pl\/ru\/\/show-broadcast-page\/10\/124242\">\n        <div class=\"posttype\">\n            <img decoding=\"async\" src=\"https:\/\/bpm.wrotamazowsza.pl\/wp-content\/uploads\/sites\/10\/2026\/04\/wasabi-11.jpg\" class=\"card-img-top\" alt=\"wernisa\u017c wystawy \"WA(bi)SABI - niedoskona\u0142o\u015b\u0107 jako manifest m\u0142odej sztuki\" \">\n        <\/div>\n            <div class=\"card-body p-2\">\n                                                <h5 class=\"card-title\">Wabi-Sabi w Galerii \u201ePrzeci...<\/h5>\n                <span class=\"badge bg-secondary mb-2\"> Radom <\/span>\n            <\/div>\n        <\/a>\n    <\/div>\n<\/div>\n\n\n<div class=\"col-md-4 mb-2 mt-2\">\n    <div class=\"posts-card m-auto\">\n        <a href=\"https:\/\/bpm.wrotamazowsza.pl\/ru\/\/show-broadcast-page\/10\/124116\">\n        <div class=\"posttype\">\n            <img decoding=\"async\" src=\"https:\/\/bpm.wrotamazowsza.pl\/wp-content\/uploads\/sites\/10\/2026\/04\/7MPT-dzien-3-11.jpg\" class=\"card-img-top\" alt=\"7. M\u0142odzie\u017cowy Przegl\u0105d Teatralny - dzie\u0144 trzeci\">\n        <\/div>\n            <div class=\"card-body p-2\">\n                                                <h5 class=\"card-title\">Za nami kolejny dzie\u0144 7. M\u0142...<\/h5>\n                <span class=\"badge bg-secondary mb-2\"> Radom <\/span>\n            <\/div>\n        <\/a>\n    <\/div>\n<\/div>\n\n\n<div class=\"col-md-4 mb-2 mt-2\">\n    <div class=\"posts-card m-auto\">\n        <a href=\"https:\/\/bpm.wrotamazowsza.pl\/ru\/\/show-broadcast-page\/3\/129360\">\n        <div class=\"posttype\">\n            <img decoding=\"async\" src=\"https:\/\/bpm.wrotamazowsza.pl\/wp-content\/uploads\/sites\/3\/2026\/04\/komiks.png\" class=\"card-img-top\" alt=\"komiks\">\n        <\/div>\n            <div class=\"card-body p-2\">\n                                                <h5 class=\"card-title\">Komiks wychodzi z cienia &#...<\/h5>\n                <span class=\"badge bg-secondary mb-2\"> Warszawa <\/span>\n            <\/div>\n        <\/a>\n    <\/div>\n<\/div>\n\n\n<div class=\"col-md-4 mb-2 mt-2\">\n    <div class=\"posts-card m-auto\">\n        <a href=\"https:\/\/bpm.wrotamazowsza.pl\/ru\/\/show-broadcast-page\/10\/123778\">\n        <div class=\"posttype\">\n            <img decoding=\"async\" src=\"https:\/\/bpm.wrotamazowsza.pl\/wp-content\/uploads\/sites\/10\/2026\/04\/piekne-czytanie-1.jpg\" class=\"card-img-top\" alt=\"10. Regionalny Konkurs Pi\u0119knego Czytania\">\n        <\/div>\n            <div class=\"card-body p-2\">\n                                                <h5 class=\"card-title\">Mistrzowie s\u0142owa w Bibliote...<\/h5>\n                <span class=\"badge bg-secondary mb-2\"> Radom <\/span>\n            <\/div>\n        <\/a>\n    <\/div>\n<\/div>\n\n        <\/div>\n    \n    \n<nav aria-label=\"Page navigation\">\n    <ul class=\"pagination justify-content-center align-items-center\">\n            <li class=\"page-item disabled\">\n                <a class=\"page-link\" href=\"?pageid=0\">\n                <i class=\"bi bi-arrow-left\"><\/i>\n            <\/a>\n        <\/li>\n        \n                                                <li class=\"page-item active disabled\" aria-current=\"page\"><a class=\"page-link\" >1<\/a><\/li>\n                                                                <li class=\"page-item\"><a class=\"page-link\" href=\"?pageid=2\">2<\/a><\/li>\n                                                                <li class=\"page-item\"><a class=\"page-link\" href=\"?pageid=3\">3<\/a><\/li>\n                                                                <li class=\"page-item disabled\"><a class=\"page-link\">&hellip;<\/a><\/li>\n                                                                <li class=\"page-item\"><a class=\"page-link\" href=\"?pageid=60\">60<\/a><\/li>\n                                                                <li class=\"page-item\"><a class=\"page-link\" href=\"?pageid=61\">61<\/a><\/li>\n                                                                <li class=\"page-item\"><a class=\"page-link\" href=\"?pageid=62\">62<\/a><\/li>\n                            \n            <li class=\"page-item\">\n                <a class=\"page-link\" href=\"?pageid=2\">\n                <i class=\"bi bi-arrow-right\"><\/i>\n            <\/a>\n        <\/li>\n    <\/ul>\n<\/nav>\n\n<\/div>\n\n\n","protected":false},"excerpt":{"rendered":"","protected":false},"author":741,"featured_media":0,"parent":0,"menu_order":0,"comment_status":"closed","ping_status":"closed","template":"","meta":{"_acf_changed":false,"_oasis_is_in_workflow":0,"_oasis_original":0,"inline_featured_image":false,"site-sidebar-layout":"default","site-content-layout":"","ast-site-content-layout":"default","site-content-style":"default","site-sidebar-style":"default","ast-global-header-display":"","ast-banner-title-visibility":"","ast-main-header-display":"","ast-hfb-above-header-display":"","ast-hfb-below-header-display":"","ast-hfb-mobile-header-display":"","site-post-title":"","ast-breadcrumbs-content":"","ast-featured-img":"","footer-sml-layout":"","ast-disable-related-posts":"","theme-transparent-header-meta":"","adv-header-id-meta":"","stick-header-meta":"","header-above-stick-meta":"","header-main-stick-meta":"","header-below-stick-meta":"","astra-migrate-meta-layouts":"set","ast-page-background-enabled":"default","ast-page-background-meta":{"desktop":{"background-color":"","background-image":"","background-repeat":"repeat","background-position":"center center","background-size":"auto","background-attachment":"scroll","background-type":"","background-media":"","overlay-type":"","overlay-color":"","overlay-opacity":"","overlay-gradient":""},"tablet":{"background-color":"","background-image":"","background-repeat":"repeat","background-position":"center center","background-size":"auto","background-attachment":"scroll","background-type":"","background-media":"","overlay-type":"","overlay-color":"","overlay-opacity":"","overlay-gradient":""},"mobile":{"background-color":"","background-image":"","background-repeat":"repeat","background-position":"center center","background-size":"auto","background-attachment":"scroll","background-type":"","background-media":"","overlay-type":"","overlay-color":"","overlay-opacity":"","overlay-gradient":""}},"ast-content-background-meta":{"desktop":{"background-color":"var(--ast-global-color-5)","background-image":"","background-repeat":"repeat","background-position":"center center","background-size":"auto","background-attachment":"scroll","background-type":"","background-media":"","overlay-type":"","overlay-color":"","overlay-opacity":"","overlay-gradient":""},"tablet":{"background-color":"var(--ast-global-color-5)","background-image":"","background-repeat":"repeat","background-position":"center center","background-size":"auto","background-attachment":"scroll","background-type":"","background-media":"","overlay-type":"","overlay-color":"","overlay-opacity":"","overlay-gradient":""},"mobile":{"background-color":"var(--ast-global-color-5)","background-image":"","background-repeat":"repeat","background-position":"center center","background-size":"auto","background-attachment":"scroll","background-type":"","background-media":"","overlay-type":"","overlay-color":"","overlay-opacity":"","overlay-gradient":""}},"_themeisle_gutenberg_block_has_review":false,"footnotes":""},"class_list":["post-11029","page","type-page","status-publish","hentry"],"acf":[],"featured_image_urls_v2":{"full":"","thumbnail":"","medium":"","medium_large":"","large":"","1536x1536":"","2048x2048":"","menu-24x24":"","menu-36x36":"","menu-48x48":""},"post_excerpt_stackable_v2":"<p>Budujemy pewno\u015b\u0107 siebie! Radom Dzie\u0144 Doceniania M\u0119\u017ca &#038;#821&#8230; Grodzisk Mazowiecki Pedagogiczna Biblioteka Woj&#8230; Warszawa Lekcje Madame Chic | Klucze&#8230; Warszawa Fina\u0142owe emocje na 7. M\u0142odz&#8230; Radom Wabi-Sabi w Galerii \u201ePrzeci&#8230; Radom Za nami kolejny dzie\u0144 7. M\u0142&#8230; Radom Komiks wychodzi z cienia &#038;#&#8230; Warszawa Mistrzowie s\u0142owa w Bibliote&#8230; Radom 1 2 3 &hellip; 60 61 62<\/p>\n","category_list_v2":"","author_info_v2":{"name":"Aleksandra Cie\u015blicka","url":"https:\/\/bpm.wrotamazowsza.pl\/ru\/author\/acieslicka\/"},"comments_num_v2":"0 \u043a\u043e\u043c\u043c\u0435\u043d\u0442\u0430\u0440\u0438\u0435\u0432","_links":{"self":[{"href":"https:\/\/bpm.wrotamazowsza.pl\/ru\/wp-json\/wp\/v2\/pages\/11029","targetHints":{"allow":["GET"]}}],"collection":[{"href":"https:\/\/bpm.wrotamazowsza.pl\/ru\/wp-json\/wp\/v2\/pages"}],"about":[{"href":"https:\/\/bpm.wrotamazowsza.pl\/ru\/wp-json\/wp\/v2\/types\/page"}],"author":[{"embeddable":true,"href":"https:\/\/bpm.wrotamazowsza.pl\/ru\/wp-json\/wp\/v2\/users\/741"}],"replies":[{"embeddable":true,"href":"https:\/\/bpm.wrotamazowsza.pl\/ru\/wp-json\/wp\/v2\/comments?post=11029"}],"version-history":[{"count":2,"href":"https:\/\/bpm.wrotamazowsza.pl\/ru\/wp-json\/wp\/v2\/pages\/11029\/revisions"}],"predecessor-version":[{"id":11050,"href":"https:\/\/bpm.wrotamazowsza.pl\/ru\/wp-json\/wp\/v2\/pages\/11029\/revisions\/11050"}],"wp:attachment":[{"href":"https:\/\/bpm.wrotamazowsza.pl\/ru\/wp-json\/wp\/v2\/media?parent=11029"}],"curies":[{"name":"wp","href":"https:\/\/api.w.org\/{rel}","templated":true}]}}