{"id":10711,"date":"2024-03-13T08:05:36","date_gmt":"2024-03-13T07:05:36","guid":{"rendered":"https:\/\/bpm.wrotamazowsza.pl\/rejestracja-2\/"},"modified":"2024-05-07T13:05:18","modified_gmt":"2024-05-07T11:05:18","slug":"rejestracja-2","status":"publish","type":"page","link":"https:\/\/bpm.wrotamazowsza.pl\/ru\/rejestracja-2\/","title":{"rendered":"\u0420\u0435\u0433\u0438\u0441\u0442\u0440\u0430\u0446\u0438\u044f"},"content":{"rendered":"\n<p>\u041f\u043e\u043b\u044f, \u043e\u0442\u043c\u0435\u0447\u0435\u043d\u043d\u044b\u0435 *, \u043e\u0431\u044f\u0437\u0430\u0442\u0435\u043b\u044c\u043d\u044b \u0434\u043b\u044f \u0437\u0430\u043f\u043e\u043b\u043d\u0435\u043d\u0438\u044f<\/p>\n\n\n        <form enctype=\"multipart\/form-data\" method=\"post\" id=\"wppb-register-user\" class=\"wppb-user-forms wppb-register-user wppb-user-logged-out\" action=\"https:\/\/bpm.wrotamazowsza.pl\/ru\/wp-json\/wp\/v2\/pages\/10711\">\n\t\t\t<ul><li class=\"wppb-form-field wppb-default-name-heading\" id=\"wppb-form-element-1\"><h4>\u041e\u0441\u043d\u043e\u0432\u043d\u0456 \u0434\u0430\u043d\u0456<\/h4><span class=\"wppb-description-delimiter \"><\/span><\/li><li class=\"wppb-form-field wppb-default-username\" id=\"wppb-form-element-2\">\n\t\t\t<label for=\"username\">\u0406\u043c'\u044f \u043a\u043e\u0440\u0438\u0441\u0442\u0443\u0432\u0430\u0447\u0430<span class=\"wppb-required\" title=\"\u042d\u0442\u043e \u043f\u043e\u043b\u0435 \u043e\u0431\u044f\u0437\u0430\u0442\u0435\u043b\u044c\u043d\u043e \u043a \u0437\u0430\u043f\u043e\u043b\u043d\u0435\u043d\u0438\u044e\">*<\/span><\/label>\n\t\t\t<input class=\"text-input default_field_username \" name=\"username\" maxlength=\"70\" type=\"text\" id=\"username\" value=\"\"  \/><span class=\"wppb-description-delimiter\">Nazwa u\u017cytkownika mo\u017ce zawiera\u0107: ma\u0142e litery, cyfry 0-9 oraz znaki specjalne takie jak kropka, my\u015blnik oraz podkre\u015blenie (\".\", \"- \", \"_\"). Nazwy u\u017cytkownik\u00f3w nie mog\u0105 by\u0107 zmieniane.<\/span><\/li><li class=\"wppb-form-field wppb-default-first-name\" id=\"wppb-form-element-3\">\n\t\t\t<label for=\"first_name\">\u0406\u043c'\u044f<\/label>\n\t\t\t<input class=\"text-input default_field_firstname \" name=\"first_name\" maxlength=\"70\" type=\"text\" id=\"first_name\" value=\"\"  \/><\/li><li class=\"wppb-form-field wppb-default-last-name\" id=\"wppb-form-element-4\">\n\t\t\t<label for=\"last_name\">\u041f\u0440\u0456\u0437\u0432\u0438\u0449\u0435<\/label>\n\t\t\t<input class=\"text-input default_field_lastname \" name=\"last_name\" maxlength=\"70\" type=\"text\" id=\"last_name\" value=\"\" \/><\/li><li class=\"wppb-form-field wppb-default-e-mail\" id=\"wppb-form-element-8\">\n\t\t\t<label for=\"email\">\u0415\u043b\u0435\u043a\u0442\u0440\u043e\u043d\u043d\u0430 \u043f\u043e\u0448\u0442\u0430<span class=\"wppb-required\" title=\"\u042d\u0442\u043e \u043f\u043e\u043b\u0435 \u043e\u0431\u044f\u0437\u0430\u0442\u0435\u043b\u044c\u043d\u043e \u043a \u0437\u0430\u043f\u043e\u043b\u043d\u0435\u043d\u0438\u044e\">*<\/span><\/label>\n\t\t\t<input class=\"text-input default_field_email \" name=\"email\" maxlength=\"70\" type=\"email\" id=\"email\" value=\"\"   \/><\/li><li class=\"wppb-form-field wppb-default-password\" id=\"wppb-form-element-12\">\n\t\t\t<label for=\"passw1\">\u041f\u0430\u0440\u043e\u043b\u044c<span class=\"wppb-required\" title=\"\u042d\u0442\u043e \u043f\u043e\u043b\u0435 \u043e\u0431\u044f\u0437\u0430\u0442\u0435\u043b\u044c\u043d\u043e \u043a \u0437\u0430\u043f\u043e\u043b\u043d\u0435\u043d\u0438\u044e\">*<\/span><\/label>\n            <span class=\"wppb-password-field-container\">\n\t\t\t    <input class=\"text-input \" name=\"passw1\" maxlength=\"70\" type=\"password\" id=\"passw1\" value=\"\" autocomplete=\"off\" \/>\n\t\t\t     <!-- add the HTML for the visibility toggle -->\n\t\t\t<\/span><span class=\"wppb-description-delimiter\">\u041c\u0438\u043d\u0438\u043c\u0430\u043b\u044c\u043d\u0430\u044f \u0434\u043b\u0438\u043d\u043d\u0430 16 \u0441\u0438\u043c\u0432\u043e\u043b\u043e\u0432 <br>The password must have a minimum strength of \u0421\u0438\u043b\u044c\u043d\u044b\u0439<\/span><span id=\"pass-strength-result\">\u0418\u043d\u0434\u0438\u043a\u0430\u0442\u043e\u0440 \u0441\u0438\u043b\u044b<\/span>\n        <input type=\"hidden\" value=\"\" name=\"wppb_password_strength\" id=\"wppb_password_strength\"\/><\/li><li class=\"wppb-form-field wppb-default-repeat-password\" id=\"wppb-form-element-13\">\n\t\t\t<label for=\"passw2\">\u041f\u043e\u0432\u0442\u043e\u0440\u0456\u0442\u044c \u043f\u0430\u0440\u043e\u043b\u044c<span class=\"wppb-required\" title=\"\u042d\u0442\u043e \u043f\u043e\u043b\u0435 \u043e\u0431\u044f\u0437\u0430\u0442\u0435\u043b\u044c\u043d\u043e \u043a \u0437\u0430\u043f\u043e\u043b\u043d\u0435\u043d\u0438\u044e\">*<\/span><\/label>\n\t\t\t<span class=\"wppb-password-field-container\">\n\t\t\t    <input class=\"text-input \" name=\"passw2\" maxlength=\"70\" type=\"password\" id=\"passw2\" value=\"\" autocomplete=\"off\" \/>\n\t\t\t     <!-- add the HTML for the visibility toggle -->\n\t\t\t<\/span><\/li><li class=\"wppb-form-field wppb-gdpr-checkbox wppb-checkbox\" id=\"wppb-form-element-14\">\n\t\t\t\t<label for=\"user_consent_gdpr\">\n\t\t\t\t<input value=\"agree\" name=\"user_consent_gdpr\" id=\"user_consent_gdpr\" type=\"checkbox\" class=\"custom_field_gdpr\"   \/><span>\u0414\u0430\u044e \u0437\u0433\u043e\u0434\u0443 \u0432\u0456\u0434\u043f\u043e\u0432\u0456\u0434\u043d\u043e \u0434\u043e \u0441\u0442\u0430\u0442\u0442\u0456 4 \u0420\u0435\u0433\u043b\u0430\u043c\u0435\u043d\u0442\u0443 \u0404\u0432\u0440\u043e\u043f\u0435\u0439\u0441\u044c\u043a\u043e\u0433\u043e \u041f\u0430\u0440\u043b\u0430\u043c\u0435\u043d\u0442\u0443 \u0442\u0430 \u0420\u0430\u0434\u0438 (\u0404\u0421) 2016\/679 \u0432\u0456\u0434 27 \u043a\u0432\u0456\u0442\u043d\u044f 2016 \u0440\u043e\u043a\u0443 \u041f\u0440\u043e \u0437\u0430\u0445\u0438\u0441\u0442 \u0444\u0456\u0437\u0438\u0447\u043d\u0438\u0445 \u043e\u0441\u0456\u0431 \u0443 \u0437\u0432'\u044f\u0437\u043a\u0443 \u0437 \u043e\u0431\u0440\u043e\u0431\u043a\u043e\u044e \u043f\u0435\u0440\u0441\u043e\u043d\u0430\u043b\u044c\u043d\u0438\u0445 \u0434\u0430\u043d\u0438\u0445 \u0442\u0430 \u043f\u0440\u043e \u0432\u0456\u043b\u044c\u043d\u0435 \u043f\u0435\u0440\u0435\u043c\u0456\u0449\u0435\u043d\u043d\u044f \u0442\u0430\u043a\u0438\u0445 \u0434\u0430\u043d\u0438\u0445 \u0442\u0430 \u043f\u0440\u043e \u0441\u043a\u0430\u0441\u0443\u0432\u0430\u043d\u043d\u044f \u0434\u0438\u0440\u0435\u043a\u0442\u0438\u0432\u0438 95\/46\/EC (\u0437\u0430\u0433\u0430\u043b\u044c\u043d\u0435 \u043f\u043e\u043b\u043e\u0436\u0435\u043d\u043d\u044f \u041f\u0440\u043e \u0437\u0430\u0445\u0438\u0441\u0442 \u0434\u0430\u043d\u0438\u0445) \u0432\u0456\u0434 27 \u043a\u0432\u0456\u0442\u043d\u044f 2016 \u0440\u043e\u043a\u0443 (\u0417\u0430\u043a\u043e\u043d\u043e\u0434\u0430\u0432\u0447\u0438\u0439 \u0432\u0456\u0441\u043d\u0438\u043a \u0404\u0421 \u041b \u2116 119, \u0441\u0442\u043e\u0440. 1), \u043d\u0430 \u043e\u0431\u0440\u043e\u0431\u043a\u0443 \u043c\u043e\u0457\u0445 \u043f\u0435\u0440\u0441\u043e\u043d\u0430\u043b\u044c\u043d\u0438\u0445 \u0434\u0430\u043d\u0438\u0445 \u041c\u0430\u0437\u043e\u0432\u0435\u0446\u043a\u0438\u043c \u0432\u043e\u0435\u0432\u043e\u0434\u0441\u0442\u0432\u043e\u043c, \u0434\u043b\u044f \u0442\u0430\u043a\u0438\u0445 \u0446\u0456\u043b\u0435\u0439: \u043f\u043e\u0432'\u044f\u0437\u0430\u043d\u0438\u0445 \u0437 \u0440\u0435\u0454\u0441\u0442\u0440\u0430\u0446\u0456\u0454\u044e \u043d\u0430 \u043f\u043e\u0440\u0442\u0430\u043b\u0456 \u041c\u0430\u0437\u043e\u0432\u0435\u0446\u043a\u0438\u0445 \u043f\u0435\u0434\u0430\u0433\u043e\u0433\u0438\u0447\u0435\u0441\u043a\u0438\u0445 \u0431\u0438\u0431\u043b\u0438\u043e\u0442\u0435\u043a: \u0441\u0442\u0432\u043e\u0440\u0435\u043d\u043d\u044f \u043e\u0431\u043b\u0456\u043a\u043e\u0432\u043e\u0433\u043e \u0437\u0430\u043f\u0438\u0441\u0443, \u0432\u0438\u043a\u043e\u0440\u0438\u0441\u0442\u0430\u043d\u043d\u044f \u0435\u043b\u0435\u043a\u0442\u0440\u043e\u043d\u043d\u0438\u0445 \u043f\u043e\u0441\u043b\u0443\u0433, \u0442\u0430\u043a\u0438\u0445 \u044f\u043a: \u0437\u0430\u043f\u0438\u0441 \u043d\u0430 \u043f\u0440\u0430\u043a\u0442\u0438\u043a\u0438, \u043f\u0440\u043e\u043f\u043e\u0437\u0438\u0446\u0456\u0457 \u043a\u0443\u043f\u0456\u0432\u043b\u0456, \u043f\u0440\u043e\u043a\u0430\u0442 \u0432\u0438\u0441\u0442\u0430\u0432\u043e\u043a, \u0440\u043e\u0437\u0433\u043b\u044f\u0434 \u0441\u043a\u0430\u0440\u0433 \u0456 \u043f\u0440\u043e\u043f\u043e\u0437\u0438\u0446\u0456\u0439, \u0437\u0430\u044f\u0432\u043a\u0430 \u043d\u0430 \u043f\u0443\u0431\u043b\u0456\u043a\u0430\u0446\u0456\u044e \u0432 \u0436\u0443\u0440\u043d\u0430\u043b\u0456, \u043f\u0456\u0434\u043f\u0438\u0441\u043a\u0438 \u043d\u0430 \u043f\u043e\u0434\u0456\u0457, \u0437\u0430\u043f\u0438\u0441 \u043d\u0430 \u0431\u0456\u0431\u043b\u0456\u043e\u0442\u0435\u0447\u043d\u0456 \u0443\u0440\u043e\u043a\u0438, \u0434\u0438\u0441\u0442\u0430\u043d\u0446\u0456\u0439\u043d\u0435 \u043d\u0430\u0432\u0447\u0430\u043d\u043d\u044f, \u0432\u0456\u0434\u0435\u043e\u043a\u043e\u043d\u0444\u0435\u0440\u0435\u043d\u0446\u0456\u0457, \u043e\u0442\u0440\u0438\u043c\u0430\u043d\u043d\u044f \u043f\u043e\u0432\u0456\u0434\u043e\u043c\u043b\u0435\u043d\u044c \u0435\u043b\u0435\u043a\u0442\u0440\u043e\u043d\u043d\u043e\u044e \u043f\u043e\u0448\u0442\u043e\u044e, \u043f\u043e\u0432'\u044f\u0437\u0430\u043d\u0438\u0445 \u0456\u0437 \u0437\u0434\u0456\u0439\u0441\u043d\u0435\u043d\u043d\u044f\u043c \u0435\u043b\u0435\u043a\u0442\u0440\u043e\u043d\u043d\u0438\u0445 \u043f\u043e\u0441\u043b\u0443\u0433.<span class=\"wppb-required\" title=\"\u042d\u0442\u043e \u043f\u043e\u043b\u0435 \u043e\u0431\u044f\u0437\u0430\u0442\u0435\u043b\u044c\u043d\u043e \u043a \u0437\u0430\u043f\u043e\u043b\u043d\u0435\u043d\u0438\u044e\">*<\/span><\/span><\/label><\/li><li class=\"wppb-form-field wppb-recaptcha wppb-recaptcha-v3\" id=\"wppb-form-element-15\"><div id=\"wppb-recaptcha-element-pb_register1\" class=\"wppb-recaptcha-element wppb-v3-recaptcha\"><input type=\"hidden\" name=\"g-recaptcha-response\" class=\"g-recaptcha-response wppb-v3-recaptcha\"><\/div><input type=\"hidden\" name=\"wppb-recaptcha-v3\" value=\"1\"><\/li><\/ul><ul><\/ul>\t\t\t<p class=\"form-submit\"  >\n\t\t\t\t                \t\t\t\t<input name=\"register\" type=\"submit\" id=\"register\" class=\"submit button\" value=\"\u0440\u0435\u0433\u0438\u0441\u0442\u0440\" \/>\n                <input name=\"redirect_to\" type=\"hidden\" value=\"\" \/>\n                \t\t\t\t<input name=\"action\" type=\"hidden\" id=\"action\" value=\"register\" \/>\n\t\t\t\t<input name=\"form_name\" type=\"hidden\" id=\"form_name\" value=\"unspecified\" \/>\n\t\t\t\t<input name=\"form_id\" type=\"hidden\" id=\"form_id\" value=\"\" \/>\n\t\t\t\t\t\t\t<\/p><!-- .form-submit -->\n\t\t\t<input type=\"hidden\" id=\"register_unspecified_nonce_field\" name=\"register_unspecified_nonce_field\" value=\"ec2a26089f\" \/><input type=\"hidden\" name=\"_wp_http_referer\" value=\"\/ru\/wp-json\/wp\/v2\/pages\/10711\" \/>\t\t<\/form>\n\t\t","protected":false},"excerpt":{"rendered":"<p>\u041f\u043e\u043b\u044f, \u043e\u0442\u043c\u0435\u0447\u0435\u043d\u043d\u044b\u0435 *, \u043e\u0431\u044f\u0437\u0430\u0442\u0435\u043b\u044c\u043d\u044b \u0434\u043b\u044f \u0437\u0430\u043f\u043e\u043b\u043d\u0435\u043d\u0438\u044f<\/p>\n","protected":false},"author":741,"featured_media":0,"parent":0,"menu_order":0,"comment_status":"closed","ping_status":"closed","template":"","meta":{"_acf_changed":false,"_oasis_is_in_workflow":0,"_oasis_original":0,"inline_featured_image":false,"site-sidebar-layout":"default","site-content-layout":"","ast-site-content-layout":"default","site-content-style":"default","site-sidebar-style":"default","ast-global-header-display":"","ast-banner-title-visibility":"","ast-main-header-display":"","ast-hfb-above-header-display":"","ast-hfb-below-header-display":"","ast-hfb-mobile-header-display":"","site-post-title":"","ast-breadcrumbs-content":"","ast-featured-img":"","footer-sml-layout":"","ast-disable-related-posts":"","theme-transparent-header-meta":"","adv-header-id-meta":"","stick-header-meta":"","header-above-stick-meta":"","header-main-stick-meta":"","header-below-stick-meta":"","astra-migrate-meta-layouts":"set","ast-page-background-enabled":"default","ast-page-background-meta":{"desktop":{"background-color":"","background-image":"","background-repeat":"repeat","background-position":"center center","background-size":"auto","background-attachment":"scroll","background-type":"","background-media":"","overlay-type":"","overlay-color":"","overlay-opacity":"","overlay-gradient":""},"tablet":{"background-color":"","background-image":"","background-repeat":"repeat","background-position":"center center","background-size":"auto","background-attachment":"scroll","background-type":"","background-media":"","overlay-type":"","overlay-color":"","overlay-opacity":"","overlay-gradient":""},"mobile":{"background-color":"","background-image":"","background-repeat":"repeat","background-position":"center center","background-size":"auto","background-attachment":"scroll","background-type":"","background-media":"","overlay-type":"","overlay-color":"","overlay-opacity":"","overlay-gradient":""}},"ast-content-background-meta":{"desktop":{"background-color":"var(--ast-global-color-5)","background-image":"","background-repeat":"repeat","background-position":"center center","background-size":"auto","background-attachment":"scroll","background-type":"","background-media":"","overlay-type":"","overlay-color":"","overlay-opacity":"","overlay-gradient":""},"tablet":{"background-color":"var(--ast-global-color-5)","background-image":"","background-repeat":"repeat","background-position":"center center","background-size":"auto","background-attachment":"scroll","background-type":"","background-media":"","overlay-type":"","overlay-color":"","overlay-opacity":"","overlay-gradient":""},"mobile":{"background-color":"var(--ast-global-color-5)","background-image":"","background-repeat":"repeat","background-position":"center center","background-size":"auto","background-attachment":"scroll","background-type":"","background-media":"","overlay-type":"","overlay-color":"","overlay-opacity":"","overlay-gradient":""}},"_themeisle_gutenberg_block_has_review":false,"footnotes":""},"class_list":["post-10711","page","type-page","status-publish","hentry"],"acf":[],"featured_image_urls_v2":{"full":"","thumbnail":"","medium":"","medium_large":"","large":"","1536x1536":"","2048x2048":"","menu-24x24":"","menu-36x36":"","menu-48x48":""},"post_excerpt_stackable_v2":"<p>\u041f\u043e\u043b\u044f, \u043e\u0442\u043c\u0435\u0447\u0435\u043d\u043d\u044b\u0435 *, \u043e\u0431\u044f\u0437\u0430\u0442\u0435\u043b\u044c\u043d\u044b \u0434\u043b\u044f \u0437\u0430\u043f\u043e\u043b\u043d\u0435\u043d\u0438\u044f \u041e\u0441\u043d\u043e\u0432\u043d\u0456 \u0434\u0430\u043d\u0456 \u0406\u043c&#8217;\u044f \u043a\u043e\u0440\u0438\u0441\u0442\u0443\u0432\u0430\u0447\u0430* Nazwa u\u017cytkownika mo\u017ce zawiera\u0107: ma\u0142e litery, cyfry 0-9 oraz znaki specjalne takie jak kropka, my\u015blnik oraz podkre\u015blenie (&#171;.&#187;, &#171;- &#171;, &#171;_&#187;). Nazwy u\u017cytkownik\u00f3w nie mog\u0105 by\u0107 zmieniane. \u0406\u043c&#8217;\u044f \u041f\u0440\u0456\u0437\u0432\u0438\u0449\u0435 \u0415\u043b\u0435\u043a\u0442\u0440\u043e\u043d\u043d\u0430 \u043f\u043e\u0448\u0442\u0430* \u041f\u0430\u0440\u043e\u043b\u044c* \u041c\u0438\u043d\u0438\u043c\u0430\u043b\u044c\u043d\u0430\u044f \u0434\u043b\u0438\u043d\u043d\u0430 16 \u0441\u0438\u043c\u0432\u043e\u043b\u043e\u0432 The password must have a minimum strength of \u0421\u0438\u043b\u044c\u043d\u044b\u0439\u0418\u043d\u0434\u0438\u043a\u0430\u0442\u043e\u0440 \u0441\u0438\u043b\u044b \u041f\u043e\u0432\u0442\u043e\u0440\u0456\u0442\u044c \u043f\u0430\u0440\u043e\u043b\u044c* \u0414\u0430\u044e \u0437\u0433\u043e\u0434\u0443 \u0432\u0456\u0434\u043f\u043e\u0432\u0456\u0434\u043d\u043e \u0434\u043e \u0441\u0442\u0430\u0442\u0442\u0456 4 \u0420\u0435\u0433\u043b\u0430\u043c\u0435\u043d\u0442\u0443 \u0404\u0432\u0440\u043e\u043f\u0435\u0439\u0441\u044c\u043a\u043e\u0433\u043e \u041f\u0430\u0440\u043b\u0430\u043c\u0435\u043d\u0442\u0443 \u0442\u0430 \u0420\u0430\u0434\u0438 (\u0404\u0421) 2016\/679 \u0432\u0456\u0434 27 \u043a\u0432\u0456\u0442\u043d\u044f 2016 \u0440\u043e\u043a\u0443 \u041f\u0440\u043e \u0437\u0430\u0445\u0438\u0441\u0442 \u0444\u0456\u0437\u0438\u0447\u043d\u0438\u0445 \u043e\u0441\u0456\u0431 \u0443 \u0437\u0432&#8217;\u044f\u0437\u043a\u0443 \u0437 \u043e\u0431\u0440\u043e\u0431\u043a\u043e\u044e \u043f\u0435\u0440\u0441\u043e\u043d\u0430\u043b\u044c\u043d\u0438\u0445 \u0434\u0430\u043d\u0438\u0445 \u0442\u0430 \u043f\u0440\u043e \u0432\u0456\u043b\u044c\u043d\u0435 \u043f\u0435\u0440\u0435\u043c\u0456\u0449\u0435\u043d\u043d\u044f \u0442\u0430\u043a\u0438\u0445 \u0434\u0430\u043d\u0438\u0445 \u0442\u0430 \u043f\u0440\u043e \u0441\u043a\u0430\u0441\u0443\u0432\u0430\u043d\u043d\u044f \u0434\u0438\u0440\u0435\u043a\u0442\u0438\u0432\u0438 95\/46\/EC (\u0437\u0430\u0433\u0430\u043b\u044c\u043d\u0435 \u043f\u043e\u043b\u043e\u0436\u0435\u043d\u043d\u044f \u041f\u0440\u043e&hellip;<\/p>\n","category_list_v2":"","author_info_v2":{"name":"Aleksandra Cie\u015blicka","url":"https:\/\/bpm.wrotamazowsza.pl\/ru\/author\/acieslicka\/"},"comments_num_v2":"0 \u043a\u043e\u043c\u043c\u0435\u043d\u0442\u0430\u0440\u0438\u0435\u0432","_links":{"self":[{"href":"https:\/\/bpm.wrotamazowsza.pl\/ru\/wp-json\/wp\/v2\/pages\/10711","targetHints":{"allow":["GET"]}}],"collection":[{"href":"https:\/\/bpm.wrotamazowsza.pl\/ru\/wp-json\/wp\/v2\/pages"}],"about":[{"href":"https:\/\/bpm.wrotamazowsza.pl\/ru\/wp-json\/wp\/v2\/types\/page"}],"author":[{"embeddable":true,"href":"https:\/\/bpm.wrotamazowsza.pl\/ru\/wp-json\/wp\/v2\/users\/741"}],"replies":[{"embeddable":true,"href":"https:\/\/bpm.wrotamazowsza.pl\/ru\/wp-json\/wp\/v2\/comments?post=10711"}],"version-history":[{"count":4,"href":"https:\/\/bpm.wrotamazowsza.pl\/ru\/wp-json\/wp\/v2\/pages\/10711\/revisions"}],"predecessor-version":[{"id":10753,"href":"https:\/\/bpm.wrotamazowsza.pl\/ru\/wp-json\/wp\/v2\/pages\/10711\/revisions\/10753"}],"wp:attachment":[{"href":"https:\/\/bpm.wrotamazowsza.pl\/ru\/wp-json\/wp\/v2\/media?parent=10711"}],"curies":[{"name":"wp","href":"https:\/\/api.w.org\/{rel}","templated":true}]}}