{"id":5601,"date":"2022-05-06T17:31:16","date_gmt":"2022-05-06T15:31:16","guid":{"rendered":"https:\/\/bpm.wrotamazowsza.pl\/?page_id=5601"},"modified":"2026-03-18T10:00:27","modified_gmt":"2026-03-18T09:00:27","slug":"information-clause","status":"publish","type":"page","link":"https:\/\/bpm.wrotamazowsza.pl\/en\/information-clause\/","title":{"rendered":"Information clause"},"content":{"rendered":"\n<p>Przyjmuj\u0119 do wiadomo\u015bci, \u017ce:<br\/>Administratorem danych osobowych jest Wojew\u00f3dztwo Mazowieckie, dane kontaktowe: Urz\u0105d Marsza\u0142kowski Wojew\u00f3dztwa Mazowieckiego w Warszawie, ul. Jagiello\u0144ska 26, 03-719 Warszawa, tel.\u202f22\u202f5979 100, <a href=\"mailto:urzad_marszalkowski@mazovia.pl\" target=\"_blank\" rel=\"noreferrer noopener\">urzad_marszalkowski@mazovia.pl<\/a>, <a href=\"https:\/\/www.gov.pl\/web\/e-doreczenia\" target=\"_blank\" rel=\"noreferrer noopener nofollow\">e-Dor\u0119czenia<\/a>. Administrator wyznaczy\u0142 inspektora ochrony danych, z\u202fkt\u00f3rym mo\u017cna skontaktowa\u0107 si\u0119 mailowo na\u202f<a href=\"mailto:iod@mazovia.pl\" target=\"_blank\" rel=\"noreferrer noopener\">iod@mazovia.pl<\/a>.\u00a0<\/p>\n\n<p>Pa\u0144stwa dane osobowe:<\/p>\n\n<ol class=\"wp-block-list\">\n<li>b\u0119d\u0105 przetwarzane na podstawie umowy, za kt\u00f3r\u0105 uwa\u017ca si\u0119 Regulamin, w celu korzystania z\u00a0e-us\u0142ug dost\u0119pnych w ramach Systemu Mazowieckich Bibliotek Pedagogicznych (Systemu MBP), w celach zwi\u0105zanych z rejestracj\u0105 na portalu\u00a0<a href=\"https:\/\/bpm.wrotamazowsza.pl\/en\/\" target=\"_blank\" rel=\"noreferrer noopener\">bpm.wrotamazowsza.pl<\/a>, takich jak: za\u0142o\u017cenie konta, korzystanie z e-us\u0142ug, otrzymywanie powiadomie\u0144 mailowych zwi\u0105zanych z\u00a0obs\u0142ug\u0105\u00a0e-us\u0142ug, otrzymywanie powiadomie\u0144 zwi\u0105zanych z realizacj\u0105\u00a0e-us\u0142ug.<\/li>\n\n\n\n<li>mog\u0105 by\u0107 udost\u0119pniane podmiotom \u015bwiadcz\u0105cym obs\u0142ug\u0119 informatyczn\u0105 Systemu MBP oraz\u00a0podmiotom uprawnionym do\u00a0ich otrzymania na podstawie przepis\u00f3w prawa, w\u00a0tym\u00a0podmiotom \u015bwiadcz\u0105cym obs\u0142ug\u0119 administracyjno-organizacyjn\u0105 Urz\u0119du.<\/li>\n\n\n\n<li>b\u0119d\u0105 przechowywane\u00a0do czasu usuni\u0119cia konta przez U\u017cytkownika; okres przetwarzania danych mo\u017ce by\u0107 przed\u0142u\u017cony w przypadku, gdy przetwarzanie jest niezb\u0119dne do ustalenia i\u00a0dochodzenia ewentualnych roszcze\u0144 lub obrony przed nimi, a po tym czasie jedynie w\u00a0przypadku i w zakresie, w jakim b\u0119d\u0105 wymaga\u0107 tego przepisy prawa,<\/li>\n<\/ol>\n\n<p>W granicach i na zasadach opisanych w przepisach, przys\u0142uguje Pa\u0144stwu prawo:<\/p>\n\n<ol class=\"wp-block-list\">\n<li>\u017c\u0105dania dost\u0119pu do swoich danych osobowych, ich\u00a0sprostowania,\u00a0usuni\u0119cia lub ograniczenia przetwarzania, a\u00a0tak\u017ce prawo do przenoszenia danych.<\/li>\n\n\n\n<li>z\u0142o\u017cenia skargi do <a href=\"https:\/\/uodo.gov.pl\/pl\/526\/2464\" target=\"_blank\" rel=\"noreferrer noopener nofollow\">Prezesa Urz\u0119du Ochrony Danych Osobowych<\/a>,<\/li>\n<\/ol>\n\n<p>Pa\u0144stwa dane nie b\u0119d\u0105\u00a0poddawane zautomatyzowanemu podejmowaniu decyzji, w tym profilowaniu, czyli ocenie niekt\u00f3rych czynnik\u00f3w osobowych.<\/p>\n\n<p>Podanie Pa\u0144stwa danych osobowych jest dobrowolne, jednak niezb\u0119dne do korzystania z Systemu MBP. Brak podania danych skutkowa\u0107 b\u0119dzie brakiem mo\u017cliwo\u015bci realizacji niekt\u00f3rych z e-us\u0142ug dost\u0119pnych po rejestracji i za\u0142o\u017ceniu konta u\u017cytkownika.<\/p>\n\n<p><\/p>\n","protected":false},"excerpt":{"rendered":"<p>Przyjmuj\u0119 do wiadomo\u015bci, \u017ce:Administratorem danych osobowych jest Wojew\u00f3dztwo Mazowieckie, dane kontaktowe: Urz\u0105d Marsza\u0142kowski Wojew\u00f3dztwa Mazowieckiego w Warszawie, ul. Jagiello\u0144ska 26, 03-719 Warszawa, tel.\u202f22\u202f5979 100, urzad_marszalkowski@mazovia.pl, e-Dor\u0119czenia. Administrator wyznaczy\u0142 inspektora ochrony danych, z\u202fkt\u00f3rym mo\u017cna skontaktowa\u0107 si\u0119 mailowo na\u202fiod@mazovia.pl.\u00a0 Pa\u0144stwa dane osobowe: W granicach i na zasadach opisanych w przepisach, przys\u0142uguje Pa\u0144stwu prawo: Pa\u0144stwa dane nie b\u0119d\u0105\u00a0poddawane [&hellip;]<\/p>\n","protected":false},"author":89,"featured_media":0,"parent":0,"menu_order":0,"comment_status":"closed","ping_status":"closed","template":"","meta":{"_acf_changed":false,"_oasis_is_in_workflow":0,"_oasis_original":0,"inline_featured_image":false,"site-sidebar-layout":"default","site-content-layout":"","ast-site-content-layout":"default","site-content-style":"default","site-sidebar-style":"default","ast-global-header-display":"","ast-banner-title-visibility":"","ast-main-header-display":"","ast-hfb-above-header-display":"","ast-hfb-below-header-display":"","ast-hfb-mobile-header-display":"","site-post-title":"","ast-breadcrumbs-content":"","ast-featured-img":"","footer-sml-layout":"","ast-disable-related-posts":"","theme-transparent-header-meta":"","adv-header-id-meta":"","stick-header-meta":"","header-above-stick-meta":"","header-main-stick-meta":"","header-below-stick-meta":"","astra-migrate-meta-layouts":"default","ast-page-background-enabled":"default","ast-page-background-meta":{"desktop":{"background-color":"","background-image":"","background-repeat":"repeat","background-position":"center center","background-size":"auto","background-attachment":"scroll","background-type":"","background-media":"","overlay-type":"","overlay-color":"","overlay-opacity":"","overlay-gradient":""},"tablet":{"background-color":"","background-image":"","background-repeat":"repeat","background-position":"center center","background-size":"auto","background-attachment":"scroll","background-type":"","background-media":"","overlay-type":"","overlay-color":"","overlay-opacity":"","overlay-gradient":""},"mobile":{"background-color":"","background-image":"","background-repeat":"repeat","background-position":"center center","background-size":"auto","background-attachment":"scroll","background-type":"","background-media":"","overlay-type":"","overlay-color":"","overlay-opacity":"","overlay-gradient":""}},"ast-content-background-meta":{"desktop":{"background-color":"var(--ast-global-color-5)","background-image":"","background-repeat":"repeat","background-position":"center center","background-size":"auto","background-attachment":"scroll","background-type":"","background-media":"","overlay-type":"","overlay-color":"","overlay-opacity":"","overlay-gradient":""},"tablet":{"background-color":"var(--ast-global-color-5)","background-image":"","background-repeat":"repeat","background-position":"center center","background-size":"auto","background-attachment":"scroll","background-type":"","background-media":"","overlay-type":"","overlay-color":"","overlay-opacity":"","overlay-gradient":""},"mobile":{"background-color":"var(--ast-global-color-5)","background-image":"","background-repeat":"repeat","background-position":"center center","background-size":"auto","background-attachment":"scroll","background-type":"","background-media":"","overlay-type":"","overlay-color":"","overlay-opacity":"","overlay-gradient":""}},"_themeisle_gutenberg_block_has_review":false,"footnotes":""},"class_list":["post-5601","page","type-page","status-publish","hentry"],"acf":[],"featured_image_urls_v2":{"full":"","thumbnail":"","medium":"","medium_large":"","large":"","1536x1536":"","2048x2048":"","menu-24x24":"","menu-36x36":"","menu-48x48":""},"post_excerpt_stackable_v2":"<p>Przyjmuj\u0119 do wiadomo\u015bci, \u017ce:Administratorem danych osobowych jest Wojew\u00f3dztwo Mazowieckie, dane kontaktowe: Urz\u0105d Marsza\u0142kowski Wojew\u00f3dztwa Mazowieckiego w Warszawie, ul. Jagiello\u0144ska 26, 03-719 Warszawa, tel.\u202f22\u202f5979 100, urzad_marszalkowski@mazovia.pl, e-Dor\u0119czenia. Administrator wyznaczy\u0142 inspektora ochrony danych, z\u202fkt\u00f3rym mo\u017cna skontaktowa\u0107 si\u0119 mailowo na\u202fiod@mazovia.pl.\u00a0 Pa\u0144stwa dane osobowe: b\u0119d\u0105 przetwarzane na podstawie umowy, za kt\u00f3r\u0105 uwa\u017ca si\u0119 Regulamin, w celu korzystania z\u00a0e-us\u0142ug dost\u0119pnych w ramach Systemu Mazowieckich Bibliotek Pedagogicznych (Systemu MBP), w celach zwi\u0105zanych z rejestracj\u0105 na portalu\u00a0bpm.wrotamazowsza.pl, takich jak: za\u0142o\u017cenie konta, korzystanie z e-us\u0142ug, otrzymywanie powiadomie\u0144 mailowych zwi\u0105zanych z\u00a0obs\u0142ug\u0105\u00a0e-us\u0142ug, otrzymywanie powiadomie\u0144 zwi\u0105zanych z realizacj\u0105\u00a0e-us\u0142ug. mog\u0105 by\u0107 udost\u0119pniane podmiotom \u015bwiadcz\u0105cym obs\u0142ug\u0119 informatyczn\u0105 Systemu MBP oraz\u00a0podmiotom uprawnionym do\u00a0ich otrzymania&hellip;<\/p>\n","category_list_v2":"","author_info_v2":{"name":"dstolarek","url":"https:\/\/bpm.wrotamazowsza.pl\/en\/author\/dstolarek\/"},"comments_num_v2":"0 comments","_links":{"self":[{"href":"https:\/\/bpm.wrotamazowsza.pl\/en\/wp-json\/wp\/v2\/pages\/5601","targetHints":{"allow":["GET"]}}],"collection":[{"href":"https:\/\/bpm.wrotamazowsza.pl\/en\/wp-json\/wp\/v2\/pages"}],"about":[{"href":"https:\/\/bpm.wrotamazowsza.pl\/en\/wp-json\/wp\/v2\/types\/page"}],"author":[{"embeddable":true,"href":"https:\/\/bpm.wrotamazowsza.pl\/en\/wp-json\/wp\/v2\/users\/89"}],"replies":[{"embeddable":true,"href":"https:\/\/bpm.wrotamazowsza.pl\/en\/wp-json\/wp\/v2\/comments?post=5601"}],"version-history":[{"count":4,"href":"https:\/\/bpm.wrotamazowsza.pl\/en\/wp-json\/wp\/v2\/pages\/5601\/revisions"}],"predecessor-version":[{"id":15398,"href":"https:\/\/bpm.wrotamazowsza.pl\/en\/wp-json\/wp\/v2\/pages\/5601\/revisions\/15398"}],"wp:attachment":[{"href":"https:\/\/bpm.wrotamazowsza.pl\/en\/wp-json\/wp\/v2\/media?parent=5601"}],"curies":[{"name":"wp","href":"https:\/\/api.w.org\/{rel}","templated":true}]}}