{"id":5331,"date":"2022-05-05T07:23:42","date_gmt":"2022-05-05T05:23:42","guid":{"rendered":"https:\/\/bpm.wrotamazowsza.pl\/?page_id=5331"},"modified":"2022-05-20T11:42:10","modified_gmt":"2022-05-20T09:42:10","slug":"wyslij-zapytanie","status":"publish","type":"page","link":"https:\/\/bpm.wrotamazowsza.pl\/en\/e-uslugi\/wyslij-zapytanie\/","title":{"rendered":"Send an inquiry"},"content":{"rendered":"\n<div class=\"wp-block-ugb-container ugb-container bs-libraries-eservices-list ugb-6c8f67c ugb-container--v2 ugb-container--design-plain ugb-main-block\"><style>@media screen and (min-width:768px){.ugb-6c8f67c > .ugb-inner-block > .ugb-block-content > *{padding-top:0px !important;padding-bottom:0px !important;padding-right:0px !important;padding-left:0px !important}}<\/style><div class=\"ugb-inner-block\"><div class=\"ugb-block-content\"><div class=\"ugb-container__wrapper ugb-6c8f67c-wrapper\"><div class=\"ugb-container__side\"><div class=\"ugb-container__content-wrapper ugb-6c8f67c-content-wrapper\"><div class=\"wp-block-column uslugi-sidebar-blok\" style=\"flex-basis:25%\">\n\t<div class=\"menu-e-uslugi-container\">\n\t\t<ul id=\"menu-e-uslugi\" class=\"menu\">\n\t\t\t\t\t\t\t<li id=\"menu-item-0\" class=\"menu-item menu-item-type-custom menu-item-object-custom menu-item-0\">\n\t\t\t\t\t<div class=\"bs-library-list-content\">\n\t\t\t\t\t\t<div class=\"bs-library-list-main\">\n\t\t\t\t\t\t\t<div class=\"bs-library-list-logo\">\n\t\t\t\t\t\t\t\t<a href=\"https:\/\/pbw.waw.pl\/mbpeuslugi\/zapytanie\" class=\"bs-library-list-link\" rel=\"nofollow noopener\">\n\t\t\t\t\t\t\t\t\t<img decoding=\"async\" width=\"21\" height=\"27\" src=\"https:\/\/bpm.wrotamazowsza.pl\/wp-content\/uploads\/sites\/3\/2021\/05\/PBWlogocmyk-1.png\" class=\"bs-library-list__img\" alt=\"\" loading=\"lazy\">\n\t\t\t\t\t\t\t\t<\/a>\n\t\t\t\t\t\t\t<\/div>\n\t\t\t\t\t\t\t<div class=\"bs-library-list-main__name\">\n\t\t\t\t\t\t\t\t<a href=\"https:\/\/pbw.waw.pl\/mbpeuslugi\/zapytanie\" class=\"menu-image-title-after menu-image-not-hovered menu-link\" rel=\"nofollow noopener\">\n\t\t\t\t\t\t\t\t\t<p> Pedagogical Library of KEN  in Warsaw <\/p>\n\t\t\t\t\t\t\t\t<\/a>\n\t\t\t\t\t\t\t<\/div>\n\t\t\t\t\t\t<\/div>\n\t\t\t\t\t\t<div class=\"bs-library-list-container-name\">\n\t\t\t\t\t\t\t\t\t\t\t\t\t\t\t\t<div class=\"bs-library-list-name\">\n\t\t\t\t\t\t\t\t\t\t<a href=\"https:\/\/blonie.pbw.waw.pl\/mbpeuslugi\/zapytanie\" class=\"menu-image-title-after menu-image-not-hovered menu-link\" rel=\"nofollow noopener\">\n\t\t\t\t\t\t\t\t\t\t\t<p> Pedagogical Library branch in B\u0142onie <\/p>\n\t\t\t\t\t\t\t\t\t\t<\/a>\n\t\t\t\t\t\t\t\t\t<\/div>\n\t\t\t\t\t\t\t\t\t\t\t\t\t\t\t\t<div class=\"bs-library-list-name\">\n\t\t\t\t\t\t\t\t\t\t<a href=\"https:\/\/grodzisk.pbw.waw.pl\/mbpeuslugi\/zapytanie\" class=\"menu-image-title-after menu-image-not-hovered menu-link\" rel=\"nofollow noopener\">\n\t\t\t\t\t\t\t\t\t\t\t<p> Pedagogical Library branch in Grodzisk Mazowiecki <\/p>\n\t\t\t\t\t\t\t\t\t\t<\/a>\n\t\t\t\t\t\t\t\t\t<\/div>\n\t\t\t\t\t\t\t\t\t\t\t\t\t\t\t\t<div class=\"bs-library-list-name\">\n\t\t\t\t\t\t\t\t\t\t<a href=\"https:\/\/nowydwor.pbw.waw.pl\/mbpeuslugi\/zapytanie\" class=\"menu-image-title-after menu-image-not-hovered menu-link\" rel=\"nofollow noopener\">\n\t\t\t\t\t\t\t\t\t\t\t<p> Pedagogical Library branch in Nowy Dw\u00f3r Mazowiecki <\/p>\n\t\t\t\t\t\t\t\t\t\t<\/a>\n\t\t\t\t\t\t\t\t\t<\/div>\n\t\t\t\t\t\t\t\t\t\t\t\t\t\t\t\t<div class=\"bs-library-list-name\">\n\t\t\t\t\t\t\t\t\t\t<a href=\"https:\/\/sochaczew.pbw.waw.pl\/mbpeuslugi\/zapytanie\" class=\"menu-image-title-after menu-image-not-hovered menu-link\" rel=\"nofollow noopener\">\n\t\t\t\t\t\t\t\t\t\t\t<p> Pedagogical Library branch in Sochaczew <\/p>\n\t\t\t\t\t\t\t\t\t\t<\/a>\n\t\t\t\t\t\t\t\t\t<\/div>\n\t\t\t\t\t\t\t\t\t\t\t\t\t\t\t\t<div class=\"bs-library-list-name\">\n\t\t\t\t\t\t\t\t\t\t<a href=\"https:\/\/zyrardow.pbw.waw.pl\/mbpeuslugi\/zapytanie\" class=\"menu-image-title-after menu-image-not-hovered menu-link\" rel=\"nofollow noopener\">\n\t\t\t\t\t\t\t\t\t\t\t<p> Pedagogical Library branch in \u017byrard\u00f3w <\/p>\n\t\t\t\t\t\t\t\t\t\t<\/a>\n\t\t\t\t\t\t\t\t\t<\/div>\n\t\t\t\t\t\t\t\t\t\t\t\t\t<\/div>\n\t\t\t\t\t<\/div>\n\t\t\t\t<\/li>\n\t\t\t\t\t\t\t<li id=\"menu-item-1\" class=\"menu-item menu-item-type-custom menu-item-object-custom menu-item-1\">\n\t\t\t\t\t<div class=\"bs-library-list-content\">\n\t\t\t\t\t\t<div class=\"bs-library-list-main\">\n\t\t\t\t\t\t\t<div class=\"bs-library-list-logo\">\n\t\t\t\t\t\t\t\t<a href=\"https:\/\/bpciechanow.edu.pl\/mbpeuslugi\/zapytanie\" class=\"bs-library-list-link\" rel=\"nofollow noopener\">\n\t\t\t\t\t\t\t\t\t<img decoding=\"async\" width=\"21\" height=\"27\" src=\"https:\/\/bpm.wrotamazowsza.pl\/wp-content\/uploads\/sites\/4\/2024\/09\/BPWC-logo-gradient-SVG.png\" class=\"bs-library-list__img\" alt=\"\" loading=\"lazy\">\n\t\t\t\t\t\t\t\t<\/a>\n\t\t\t\t\t\t\t<\/div>\n\t\t\t\t\t\t\t<div class=\"bs-library-list-main__name\">\n\t\t\t\t\t\t\t\t<a href=\"https:\/\/bpciechanow.edu.pl\/mbpeuslugi\/zapytanie\" class=\"menu-image-title-after menu-image-not-hovered menu-link\" rel=\"nofollow noopener\">\n\t\t\t\t\t\t\t\t\t<p> Pedagogical Library in Ciechan\u00f3w <\/p>\n\t\t\t\t\t\t\t\t<\/a>\n\t\t\t\t\t\t\t<\/div>\n\t\t\t\t\t\t<\/div>\n\t\t\t\t\t\t<div class=\"bs-library-list-container-name\">\n\t\t\t\t\t\t\t\t\t\t\t\t\t\t\t\t<div class=\"bs-library-list-name\">\n\t\t\t\t\t\t\t\t\t\t<a href=\"https:\/\/bpplonsk.edu.pl\/mbpeuslugi\/zapytanie\" class=\"menu-image-title-after menu-image-not-hovered menu-link\" rel=\"nofollow noopener\">\n\t\t\t\t\t\t\t\t\t\t\t<p> Pedagogical Library branch in P\u0142o\u0144sk <\/p>\n\t\t\t\t\t\t\t\t\t\t<\/a>\n\t\t\t\t\t\t\t\t\t<\/div>\n\t\t\t\t\t\t\t\t\t\t\t\t\t\t\t\t<div class=\"bs-library-list-name\">\n\t\t\t\t\t\t\t\t\t\t<a href=\"https:\/\/bpzuromin.edu.pl\/mbpeuslugi\/zapytanie\" class=\"menu-image-title-after menu-image-not-hovered menu-link\" rel=\"nofollow noopener\">\n\t\t\t\t\t\t\t\t\t\t\t<p> Pedagogical Library branch in \u017buromin <\/p>\n\t\t\t\t\t\t\t\t\t\t<\/a>\n\t\t\t\t\t\t\t\t\t<\/div>\n\t\t\t\t\t\t\t\t\t\t\t\t\t\t\t\t<div class=\"bs-library-list-name\">\n\t\t\t\t\t\t\t\t\t\t<a href=\"https:\/\/bppultusk.edu.pl\/mbpeuslugi\/zapytanie\" class=\"menu-image-title-after menu-image-not-hovered menu-link\" rel=\"nofollow noopener\">\n\t\t\t\t\t\t\t\t\t\t\t<p> Pedagogical Library branch in Pu\u0142tusk <\/p>\n\t\t\t\t\t\t\t\t\t\t<\/a>\n\t\t\t\t\t\t\t\t\t<\/div>\n\t\t\t\t\t\t\t\t\t\t\t\t\t\t\t\t<div class=\"bs-library-list-name\">\n\t\t\t\t\t\t\t\t\t\t<a href=\"https:\/\/bpmlawa.edu.pl\/mbpeuslugi\/zapytanie\" class=\"menu-image-title-after menu-image-not-hovered menu-link\" rel=\"nofollow noopener\">\n\t\t\t\t\t\t\t\t\t\t\t<p> Branch in M\u0142awa <\/p>\n\t\t\t\t\t\t\t\t\t\t<\/a>\n\t\t\t\t\t\t\t\t\t<\/div>\n\t\t\t\t\t\t\t\t\t\t\t\t\t<\/div>\n\t\t\t\t\t<\/div>\n\t\t\t\t<\/li>\n\t\t\t\t\t\t\t<li id=\"menu-item-2\" class=\"menu-item menu-item-type-custom menu-item-object-custom menu-item-2\">\n\t\t\t\t\t<div class=\"bs-library-list-content\">\n\t\t\t\t\t\t<div class=\"bs-library-list-main\">\n\t\t\t\t\t\t\t<div class=\"bs-library-list-logo\">\n\t\t\t\t\t\t\t\t<a href=\"https:\/\/bp.ostroleka.pl\/mbpeuslugi\/zapytanie\" class=\"bs-library-list-link\" rel=\"nofollow noopener\">\n\t\t\t\t\t\t\t\t\t<img decoding=\"async\" width=\"21\" height=\"27\" src=\"https:\/\/bpm.wrotamazowsza.pl\/wp-content\/uploads\/sites\/11\/2021\/09\/Logo-BP-w-Ostrolece.svg\" class=\"bs-library-list__img\" alt=\"\" loading=\"lazy\">\n\t\t\t\t\t\t\t\t<\/a>\n\t\t\t\t\t\t\t<\/div>\n\t\t\t\t\t\t\t<div class=\"bs-library-list-main__name\">\n\t\t\t\t\t\t\t\t<a href=\"https:\/\/bp.ostroleka.pl\/mbpeuslugi\/zapytanie\" class=\"menu-image-title-after menu-image-not-hovered menu-link\" rel=\"nofollow noopener\">\n\t\t\t\t\t\t\t\t\t<p> Pedagogical Library in Ostro\u0142\u0119ka <\/p>\n\t\t\t\t\t\t\t\t<\/a>\n\t\t\t\t\t\t\t<\/div>\n\t\t\t\t\t\t<\/div>\n\t\t\t\t\t\t<div class=\"bs-library-list-container-name\">\n\t\t\t\t\t\t\t\t\t\t\t\t\t<\/div>\n\t\t\t\t\t<\/div>\n\t\t\t\t<\/li>\n\t\t\t\t\t<\/ul>\n\t<\/div>\n<\/div>\n\n<\/div><\/div><\/div><\/div><\/div><\/div>\n","protected":false},"excerpt":{"rendered":"","protected":false},"author":89,"featured_media":0,"parent":5020,"menu_order":0,"comment_status":"closed","ping_status":"closed","template":"","meta":{"_acf_changed":false,"_oasis_is_in_workflow":0,"_oasis_original":0,"inline_featured_image":false,"site-sidebar-layout":"default","site-content-layout":"","ast-site-content-layout":"default","site-content-style":"default","site-sidebar-style":"default","ast-global-header-display":"","ast-banner-title-visibility":"","ast-main-header-display":"","ast-hfb-above-header-display":"","ast-hfb-below-header-display":"","ast-hfb-mobile-header-display":"","site-post-title":"","ast-breadcrumbs-content":"","ast-featured-img":"","footer-sml-layout":"","ast-disable-related-posts":"","theme-transparent-header-meta":"","adv-header-id-meta":"","stick-header-meta":"","header-above-stick-meta":"","header-main-stick-meta":"","header-below-stick-meta":"","astra-migrate-meta-layouts":"default","ast-page-background-enabled":"default","ast-page-background-meta":{"desktop":{"background-color":"","background-image":"","background-repeat":"repeat","background-position":"center center","background-size":"auto","background-attachment":"scroll","background-type":"","background-media":"","overlay-type":"","overlay-color":"","overlay-opacity":"","overlay-gradient":""},"tablet":{"background-color":"","background-image":"","background-repeat":"repeat","background-position":"center center","background-size":"auto","background-attachment":"scroll","background-type":"","background-media":"","overlay-type":"","overlay-color":"","overlay-opacity":"","overlay-gradient":""},"mobile":{"background-color":"","background-image":"","background-repeat":"repeat","background-position":"center center","background-size":"auto","background-attachment":"scroll","background-type":"","background-media":"","overlay-type":"","overlay-color":"","overlay-opacity":"","overlay-gradient":""}},"ast-content-background-meta":{"desktop":{"background-color":"var(--ast-global-color-5)","background-image":"","background-repeat":"repeat","background-position":"center center","background-size":"auto","background-attachment":"scroll","background-type":"","background-media":"","overlay-type":"","overlay-color":"","overlay-opacity":"","overlay-gradient":""},"tablet":{"background-color":"var(--ast-global-color-5)","background-image":"","background-repeat":"repeat","background-position":"center center","background-size":"auto","background-attachment":"scroll","background-type":"","background-media":"","overlay-type":"","overlay-color":"","overlay-opacity":"","overlay-gradient":""},"mobile":{"background-color":"var(--ast-global-color-5)","background-image":"","background-repeat":"repeat","background-position":"center center","background-size":"auto","background-attachment":"scroll","background-type":"","background-media":"","overlay-type":"","overlay-color":"","overlay-opacity":"","overlay-gradient":""}},"_themeisle_gutenberg_block_has_review":false,"footnotes":""},"class_list":["post-5331","page","type-page","status-publish","hentry"],"acf":[],"featured_image_urls_v2":{"full":"","thumbnail":"","medium":"","medium_large":"","large":"","1536x1536":"","2048x2048":"","menu-24x24":"","menu-36x36":"","menu-48x48":""},"post_excerpt_stackable_v2":"<p>Pedagogical Library of KEN in Warsaw Pedagogical Library branch in B\u0142onie Pedagogical Library branch in Grodzisk Mazowiecki Pedagogical Library branch in Nowy Dw\u00f3r Mazowiecki Pedagogical Library branch in Sochaczew Pedagogical Library branch in \u017byrard\u00f3w Pedagogical Library in Ciechan\u00f3w Pedagogical Library branch in P\u0142o\u0144sk Pedagogical Library branch in \u017buromin Pedagogical Library branch in Pu\u0142tusk Branch in M\u0142awa Pedagogical Library in Ostro\u0142\u0119ka<\/p>\n","category_list_v2":"","author_info_v2":{"name":"dstolarek","url":"https:\/\/bpm.wrotamazowsza.pl\/en\/author\/dstolarek\/"},"comments_num_v2":"0 comments","_links":{"self":[{"href":"https:\/\/bpm.wrotamazowsza.pl\/en\/wp-json\/wp\/v2\/pages\/5331","targetHints":{"allow":["GET"]}}],"collection":[{"href":"https:\/\/bpm.wrotamazowsza.pl\/en\/wp-json\/wp\/v2\/pages"}],"about":[{"href":"https:\/\/bpm.wrotamazowsza.pl\/en\/wp-json\/wp\/v2\/types\/page"}],"author":[{"embeddable":true,"href":"https:\/\/bpm.wrotamazowsza.pl\/en\/wp-json\/wp\/v2\/users\/89"}],"replies":[{"embeddable":true,"href":"https:\/\/bpm.wrotamazowsza.pl\/en\/wp-json\/wp\/v2\/comments?post=5331"}],"version-history":[{"count":4,"href":"https:\/\/bpm.wrotamazowsza.pl\/en\/wp-json\/wp\/v2\/pages\/5331\/revisions"}],"predecessor-version":[{"id":5424,"href":"https:\/\/bpm.wrotamazowsza.pl\/en\/wp-json\/wp\/v2\/pages\/5331\/revisions\/5424"}],"up":[{"embeddable":true,"href":"https:\/\/bpm.wrotamazowsza.pl\/en\/wp-json\/wp\/v2\/pages\/5020"}],"wp:attachment":[{"href":"https:\/\/bpm.wrotamazowsza.pl\/en\/wp-json\/wp\/v2\/media?parent=5331"}],"curies":[{"name":"wp","href":"https:\/\/api.w.org\/{rel}","templated":true}]}}