{"id":5316,"date":"2022-05-05T07:22:02","date_gmt":"2022-05-05T05:22:02","guid":{"rendered":"https:\/\/bpm.wrotamazowsza.pl\/?page_id=5316"},"modified":"2022-05-20T11:41:38","modified_gmt":"2022-05-20T09:41:38","slug":"zapisy-na-praktyki","status":"publish","type":"page","link":"https:\/\/bpm.wrotamazowsza.pl\/en\/e-uslugi\/zapisy-na-praktyki\/","title":{"rendered":"Internship enrollment"},"content":{"rendered":"<div class=\"wp-block-column uslugi-sidebar-blok\" style=\"flex-basis:25%\">\n\t<div class=\"menu-e-uslugi-container\">\n\t\t<ul id=\"menu-e-uslugi\" class=\"menu\">\n\t\t\t\t\t\t\t<li id=\"menu-item-0\" class=\"menu-item menu-item-type-custom menu-item-object-custom menu-item-0\">\n\t\t\t\t\t<div class=\"bs-library-list-content\">\n\t\t\t\t\t\t<div class=\"bs-library-list-main\">\n\t\t\t\t\t\t\t<div class=\"bs-library-list-logo\">\n\t\t\t\t\t\t\t\t<a href=\"https:\/\/bpsiedlce.pl\/mbpeuslugi\/praktyki\" class=\"bs-library-list-link\" rel=\"nofollow noopener\">\n\t\t\t\t\t\t\t\t\t<img decoding=\"async\" width=\"21\" height=\"27\" src=\"https:\/\/bpm.wrotamazowsza.pl\/wp-content\/uploads\/sites\/5\/2023\/12\/logo.png\" class=\"bs-library-list__img\" alt=\"\" loading=\"lazy\">\n\t\t\t\t\t\t\t\t<\/a>\n\t\t\t\t\t\t\t<\/div>\n\t\t\t\t\t\t\t<div class=\"bs-library-list-main__name\">\n\t\t\t\t\t\t\t\t<a href=\"https:\/\/bpsiedlce.pl\/mbpeuslugi\/praktyki\" class=\"menu-image-title-after menu-image-not-hovered menu-link\" rel=\"nofollow noopener\">\n\t\t\t\t\t\t\t\t\t<p> Pedagogical Library of Helena Radlinska in Siedlce <\/p>\n\t\t\t\t\t\t\t\t<\/a>\n\t\t\t\t\t\t\t<\/div>\n\t\t\t\t\t\t<\/div>\n\t\t\t\t\t\t<div class=\"bs-library-list-container-name\">\n\t\t\t\t\t\t\t\t\t\t\t\t\t\t\t\t<div class=\"bs-library-list-name\">\n\t\t\t\t\t\t\t\t\t\t<a href=\"https:\/\/losice.bpsiedlce.pl\/mbpeuslugi\/praktyki\" class=\"menu-image-title-after menu-image-not-hovered menu-link\" rel=\"nofollow noopener\">\n\t\t\t\t\t\t\t\t\t\t\t<p> Branch Losice <\/p>\n\t\t\t\t\t\t\t\t\t\t<\/a>\n\t\t\t\t\t\t\t\t\t<\/div>\n\t\t\t\t\t\t\t\t\t\t\t\t\t\t\t\t<div class=\"bs-library-list-name\">\n\t\t\t\t\t\t\t\t\t\t<a href=\"https:\/\/garwolin.bpsiedlce.pl\/mbpeuslugi\/praktyki\" class=\"menu-image-title-after menu-image-not-hovered menu-link\" rel=\"nofollow noopener\">\n\t\t\t\t\t\t\t\t\t\t\t<p> Pedagogical Library branch in Garwolin <\/p>\n\t\t\t\t\t\t\t\t\t\t<\/a>\n\t\t\t\t\t\t\t\t\t<\/div>\n\t\t\t\t\t\t\t\t\t\t\t\t\t<\/div>\n\t\t\t\t\t<\/div>\n\t\t\t\t<\/li>\n\t\t\t\t\t\t\t<li id=\"menu-item-1\" class=\"menu-item menu-item-type-custom menu-item-object-custom menu-item-1\">\n\t\t\t\t\t<div class=\"bs-library-list-content\">\n\t\t\t\t\t\t<div class=\"bs-library-list-main\">\n\t\t\t\t\t\t\t<div class=\"bs-library-list-logo\">\n\t\t\t\t\t\t\t\t<a href=\"https:\/\/bp.ostroleka.pl\/mbpeuslugi\/praktyki\" class=\"bs-library-list-link\" rel=\"nofollow noopener\">\n\t\t\t\t\t\t\t\t\t<img decoding=\"async\" width=\"21\" height=\"27\" src=\"https:\/\/bpm.wrotamazowsza.pl\/wp-content\/uploads\/sites\/11\/2021\/09\/Logo-BP-w-Ostrolece.svg\" class=\"bs-library-list__img\" alt=\"\" loading=\"lazy\">\n\t\t\t\t\t\t\t\t<\/a>\n\t\t\t\t\t\t\t<\/div>\n\t\t\t\t\t\t\t<div class=\"bs-library-list-main__name\">\n\t\t\t\t\t\t\t\t<a href=\"https:\/\/bp.ostroleka.pl\/mbpeuslugi\/praktyki\" class=\"menu-image-title-after menu-image-not-hovered menu-link\" rel=\"nofollow noopener\">\n\t\t\t\t\t\t\t\t\t<p> Pedagogical Library in Ostro\u0142\u0119ka <\/p>\n\t\t\t\t\t\t\t\t<\/a>\n\t\t\t\t\t\t\t<\/div>\n\t\t\t\t\t\t<\/div>\n\t\t\t\t\t\t<div class=\"bs-library-list-container-name\">\n\t\t\t\t\t\t\t\t\t\t\t\t\t\t\t\t<div class=\"bs-library-list-name\">\n\t\t\t\t\t\t\t\t\t\t<a href=\"https:\/\/bpwyszkow.pl\/mbpeuslugi\/praktyki\" class=\"menu-image-title-after menu-image-not-hovered menu-link\" rel=\"nofollow noopener\">\n\t\t\t\t\t\t\t\t\t\t\t<p> Pedagogical Library in Wyszk\u00f3w <\/p>\n\t\t\t\t\t\t\t\t\t\t<\/a>\n\t\t\t\t\t\t\t\t\t<\/div>\n\t\t\t\t\t\t\t\t\t\t\t\t\t\t\t\t<div class=\"bs-library-list-name\">\n\t\t\t\t\t\t\t\t\t\t<a href=\"https:\/\/bpprzasnysz.pl\/mbpeuslugi\/praktyki\" class=\"menu-image-title-after menu-image-not-hovered menu-link\" rel=\"nofollow noopener\">\n\t\t\t\t\t\t\t\t\t\t\t<p> Pedagogical Library in Przasnysz <\/p>\n\t\t\t\t\t\t\t\t\t\t<\/a>\n\t\t\t\t\t\t\t\t\t<\/div>\n\t\t\t\t\t\t\t\t\t\t\t\t\t\t\t\t<div class=\"bs-library-list-name\">\n\t\t\t\t\t\t\t\t\t\t<a href=\"https:\/\/bpmakowmaz.pl\/mbpeuslugi\/praktyki\" class=\"menu-image-title-after menu-image-not-hovered menu-link\" rel=\"nofollow noopener\">\n\t\t\t\t\t\t\t\t\t\t\t<p> Pedagogical Library in Mak\u00f3w Mazowiecki <\/p>\n\t\t\t\t\t\t\t\t\t\t<\/a>\n\t\t\t\t\t\t\t\t\t<\/div>\n\t\t\t\t\t\t\t\t\t\t\t\t\t<\/div>\n\t\t\t\t\t<\/div>\n\t\t\t\t<\/li>\n\t\t\t\t\t<\/ul>\n\t<\/div>\n<\/div>\n\n","protected":false},"excerpt":{"rendered":"","protected":false},"author":89,"featured_media":0,"parent":5020,"menu_order":0,"comment_status":"closed","ping_status":"closed","template":"","meta":{"_acf_changed":false,"_oasis_is_in_workflow":0,"_oasis_original":0,"inline_featured_image":false,"site-sidebar-layout":"default","site-content-layout":"default","ast-site-content-layout":"default","site-content-style":"default","site-sidebar-style":"default","ast-global-header-display":"","ast-banner-title-visibility":"","ast-main-header-display":"","ast-hfb-above-header-display":"","ast-hfb-below-header-display":"","ast-hfb-mobile-header-display":"","site-post-title":"","ast-breadcrumbs-content":"","ast-featured-img":"","footer-sml-layout":"","ast-disable-related-posts":"","theme-transparent-header-meta":"default","adv-header-id-meta":"","stick-header-meta":"","header-above-stick-meta":"","header-main-stick-meta":"","header-below-stick-meta":"","astra-migrate-meta-layouts":"default","ast-page-background-enabled":"default","ast-page-background-meta":{"desktop":{"background-color":"","background-image":"","background-repeat":"repeat","background-position":"center center","background-size":"auto","background-attachment":"scroll","background-type":"","background-media":"","overlay-type":"","overlay-color":"","overlay-opacity":"","overlay-gradient":""},"tablet":{"background-color":"","background-image":"","background-repeat":"repeat","background-position":"center center","background-size":"auto","background-attachment":"scroll","background-type":"","background-media":"","overlay-type":"","overlay-color":"","overlay-opacity":"","overlay-gradient":""},"mobile":{"background-color":"","background-image":"","background-repeat":"repeat","background-position":"center center","background-size":"auto","background-attachment":"scroll","background-type":"","background-media":"","overlay-type":"","overlay-color":"","overlay-opacity":"","overlay-gradient":""}},"ast-content-background-meta":{"desktop":{"background-color":"var(--ast-global-color-5)","background-image":"","background-repeat":"repeat","background-position":"center center","background-size":"auto","background-attachment":"scroll","background-type":"","background-media":"","overlay-type":"","overlay-color":"","overlay-opacity":"","overlay-gradient":""},"tablet":{"background-color":"var(--ast-global-color-5)","background-image":"","background-repeat":"repeat","background-position":"center center","background-size":"auto","background-attachment":"scroll","background-type":"","background-media":"","overlay-type":"","overlay-color":"","overlay-opacity":"","overlay-gradient":""},"mobile":{"background-color":"var(--ast-global-color-5)","background-image":"","background-repeat":"repeat","background-position":"center center","background-size":"auto","background-attachment":"scroll","background-type":"","background-media":"","overlay-type":"","overlay-color":"","overlay-opacity":"","overlay-gradient":""}},"_themeisle_gutenberg_block_has_review":false,"footnotes":""},"class_list":["post-5316","page","type-page","status-publish","hentry"],"acf":[],"featured_image_urls_v2":{"full":"","thumbnail":"","medium":"","medium_large":"","large":"","1536x1536":"","2048x2048":"","menu-24x24":"","menu-36x36":"","menu-48x48":""},"post_excerpt_stackable_v2":"<p>Pedagogical Library of Helena Radlinska in Siedlce Branch Losice Pedagogical Library branch in Garwolin Pedagogical Library in Ostro\u0142\u0119ka Pedagogical Library in Wyszk\u00f3w Pedagogical Library in Przasnysz Pedagogical Library in Mak\u00f3w Mazowiecki<\/p>\n","category_list_v2":"","author_info_v2":{"name":"dstolarek","url":"https:\/\/bpm.wrotamazowsza.pl\/en\/author\/dstolarek\/"},"comments_num_v2":"0 comments","_links":{"self":[{"href":"https:\/\/bpm.wrotamazowsza.pl\/en\/wp-json\/wp\/v2\/pages\/5316","targetHints":{"allow":["GET"]}}],"collection":[{"href":"https:\/\/bpm.wrotamazowsza.pl\/en\/wp-json\/wp\/v2\/pages"}],"about":[{"href":"https:\/\/bpm.wrotamazowsza.pl\/en\/wp-json\/wp\/v2\/types\/page"}],"author":[{"embeddable":true,"href":"https:\/\/bpm.wrotamazowsza.pl\/en\/wp-json\/wp\/v2\/users\/89"}],"replies":[{"embeddable":true,"href":"https:\/\/bpm.wrotamazowsza.pl\/en\/wp-json\/wp\/v2\/comments?post=5316"}],"version-history":[{"count":4,"href":"https:\/\/bpm.wrotamazowsza.pl\/en\/wp-json\/wp\/v2\/pages\/5316\/revisions"}],"predecessor-version":[{"id":5416,"href":"https:\/\/bpm.wrotamazowsza.pl\/en\/wp-json\/wp\/v2\/pages\/5316\/revisions\/5416"}],"up":[{"embeddable":true,"href":"https:\/\/bpm.wrotamazowsza.pl\/en\/wp-json\/wp\/v2\/pages\/5020"}],"wp:attachment":[{"href":"https:\/\/bpm.wrotamazowsza.pl\/en\/wp-json\/wp\/v2\/media?parent=5316"}],"curies":[{"name":"wp","href":"https:\/\/api.w.org\/{rel}","templated":true}]}}