{"id":5149,"date":"2021-09-08T18:53:48","date_gmt":"2021-09-08T16:53:48","guid":{"rendered":"https:\/\/bpm.wrotamazowsza.pl\/katalogi-biblioteczne\/"},"modified":"2022-05-02T12:42:11","modified_gmt":"2022-05-02T10:42:11","slug":"katalogi-biblioteczne","status":"publish","type":"page","link":"https:\/\/bpm.wrotamazowsza.pl\/en\/katalogi-biblioteczne\/","title":{"rendered":"Library catalogs"},"content":{"rendered":"\n<h2 class=\"wp-block-heading\">Pedagogical Library in Ciechan\u00f3w<\/h2>\n\n\n\n<figure class=\"wp-block-image size-medium\"><img loading=\"lazy\" decoding=\"async\" width=\"300\" height=\"95\" src=\"https:\/\/bpm.wrotamazowsza.pl\/wp-content\/uploads\/2022\/01\/INTEGRO-300x95.png\" alt=\"\" class=\"wp-image-3130\" srcset=\"https:\/\/bpm.wrotamazowsza.pl\/wp-content\/uploads\/2022\/01\/INTEGRO-300x95.png 300w, https:\/\/bpm.wrotamazowsza.pl\/wp-content\/uploads\/2022\/01\/INTEGRO-24x8.png 24w, https:\/\/bpm.wrotamazowsza.pl\/wp-content\/uploads\/2022\/01\/INTEGRO-36x11.png 36w, https:\/\/bpm.wrotamazowsza.pl\/wp-content\/uploads\/2022\/01\/INTEGRO-48x15.png 48w, https:\/\/bpm.wrotamazowsza.pl\/wp-content\/uploads\/2022\/01\/INTEGRO.png 754w\" sizes=\"auto, (max-width: 300px) 100vw, 300px\" \/><figcaption><a href=\"http:\/\/83.12.188.66\/integro\/catalog\" target=\"_blank\" rel=\"noreferrer noopener nofollow\">Catalog  Pedagogical Library in Ciechan\u00f3w <\/a><\/figcaption><\/figure>\n\n\n\n<h2 class=\"wp-block-heading\">Pedagogical Library in Ostro\u0142\u0119ka<\/h2>\n\n\n\n<figure class=\"wp-block-image size-medium\"><a href=\"http:\/\/opac.bp.ostroleka.pl\/catalog\" rel=\"nofollow noopener\"><img loading=\"lazy\" decoding=\"async\" width=\"300\" height=\"95\" src=\"https:\/\/bpm.wrotamazowsza.pl\/wp-content\/uploads\/2022\/01\/INTEGRO-300x95.png\" alt=\"\" class=\"wp-image-3130\" srcset=\"https:\/\/bpm.wrotamazowsza.pl\/wp-content\/uploads\/2022\/01\/INTEGRO-300x95.png 300w, https:\/\/bpm.wrotamazowsza.pl\/wp-content\/uploads\/2022\/01\/INTEGRO-24x8.png 24w, https:\/\/bpm.wrotamazowsza.pl\/wp-content\/uploads\/2022\/01\/INTEGRO-36x11.png 36w, https:\/\/bpm.wrotamazowsza.pl\/wp-content\/uploads\/2022\/01\/INTEGRO-48x15.png 48w, https:\/\/bpm.wrotamazowsza.pl\/wp-content\/uploads\/2022\/01\/INTEGRO.png 754w\" sizes=\"auto, (max-width: 300px) 100vw, 300px\" \/><\/a><figcaption><a href=\"http:\/\/opac.bp.ostroleka.pl\/catalog\" rel=\"nofollow noopener\">Catalog Pedagogical Library in Ostro\u0142\u0119ka <\/a><\/figcaption><\/figure>\n\n\n\n<h2 class=\"wp-block-heading\">Pedagogical Library in P\u0142ock<\/h2>\n\n\n\n<figure class=\"wp-block-image size-medium\"><a href=\"https:\/\/opac.bpplock.pl\/catalog\" rel=\"nofollow noopener\"><img loading=\"lazy\" decoding=\"async\" width=\"300\" height=\"95\" src=\"https:\/\/bpm.wrotamazowsza.pl\/wp-content\/uploads\/2022\/01\/INTEGRO-300x95.png\" alt=\"\" class=\"wp-image-3130\" srcset=\"https:\/\/bpm.wrotamazowsza.pl\/wp-content\/uploads\/2022\/01\/INTEGRO-300x95.png 300w, https:\/\/bpm.wrotamazowsza.pl\/wp-content\/uploads\/2022\/01\/INTEGRO-24x8.png 24w, https:\/\/bpm.wrotamazowsza.pl\/wp-content\/uploads\/2022\/01\/INTEGRO-36x11.png 36w, https:\/\/bpm.wrotamazowsza.pl\/wp-content\/uploads\/2022\/01\/INTEGRO-48x15.png 48w, https:\/\/bpm.wrotamazowsza.pl\/wp-content\/uploads\/2022\/01\/INTEGRO.png 754w\" sizes=\"auto, (max-width: 300px) 100vw, 300px\" \/><\/a><figcaption><a href=\"https:\/\/opac.bpplock.pl\/\" rel=\"nofollow noopener\">Catalog Pedagogical Library in P\u0142ock <\/a><\/figcaption><\/figure>\n\n\n\n<h2 class=\"wp-block-heading\">Pedagogical Library in Radom<\/h2>\n\n\n\n<figure class=\"wp-block-image size-medium\"><a href=\"https:\/\/katalog.bp.radom.pl\/integro\/catalog\" rel=\"nofollow noopener\"><img loading=\"lazy\" decoding=\"async\" width=\"300\" height=\"95\" src=\"https:\/\/bpm.wrotamazowsza.pl\/wp-content\/uploads\/2022\/01\/INTEGRO-300x95.png\" alt=\"\" class=\"wp-image-3130\" srcset=\"https:\/\/bpm.wrotamazowsza.pl\/wp-content\/uploads\/2022\/01\/INTEGRO-300x95.png 300w, https:\/\/bpm.wrotamazowsza.pl\/wp-content\/uploads\/2022\/01\/INTEGRO-24x8.png 24w, https:\/\/bpm.wrotamazowsza.pl\/wp-content\/uploads\/2022\/01\/INTEGRO-36x11.png 36w, https:\/\/bpm.wrotamazowsza.pl\/wp-content\/uploads\/2022\/01\/INTEGRO-48x15.png 48w, https:\/\/bpm.wrotamazowsza.pl\/wp-content\/uploads\/2022\/01\/INTEGRO.png 754w\" sizes=\"auto, (max-width: 300px) 100vw, 300px\" \/><\/a><figcaption><a href=\"https:\/\/katalog.bp.radom.pl\/integro\/\" rel=\"nofollow noopener\">Catalog Pedagogical Library in Radom <\/a><\/figcaption><\/figure>\n\n\n\n<h2 class=\"wp-block-heading\">Pedagogical Library of Heleny Radli\u0144skiej in Siedlce<\/h2>\n\n\n\n<figure class=\"wp-block-image size-medium\"><a href=\"https:\/\/katalog.bpsiedlce.pl\/\" rel=\"nofollow noopener\"><img loading=\"lazy\" decoding=\"async\" width=\"300\" height=\"95\" src=\"https:\/\/bpm.wrotamazowsza.pl\/wp-content\/uploads\/2022\/01\/INTEGRO-300x95.png\" alt=\"\" class=\"wp-image-3130\" srcset=\"https:\/\/bpm.wrotamazowsza.pl\/wp-content\/uploads\/2022\/01\/INTEGRO-300x95.png 300w, https:\/\/bpm.wrotamazowsza.pl\/wp-content\/uploads\/2022\/01\/INTEGRO-24x8.png 24w, https:\/\/bpm.wrotamazowsza.pl\/wp-content\/uploads\/2022\/01\/INTEGRO-36x11.png 36w, https:\/\/bpm.wrotamazowsza.pl\/wp-content\/uploads\/2022\/01\/INTEGRO-48x15.png 48w, https:\/\/bpm.wrotamazowsza.pl\/wp-content\/uploads\/2022\/01\/INTEGRO.png 754w\" sizes=\"auto, (max-width: 300px) 100vw, 300px\" \/><\/a><figcaption><a href=\"https:\/\/katalog.bpsiedlce.pl\/\" rel=\"nofollow noopener\">Catalog  Pedagogical Library of Heleny Radli\u0144skiej in Siedlce <\/a><\/figcaption><\/figure>\n\n\n\n<h2 class=\"wp-block-heading\">Pedagogical Provincial Library for them. KEN in Warsaw<\/h2>\n\n\n\n<figure class=\"wp-block-image size-medium\"><img loading=\"lazy\" decoding=\"async\" width=\"300\" height=\"95\" src=\"https:\/\/bpm.wrotamazowsza.pl\/wp-content\/uploads\/2022\/01\/INTEGRO-300x95.png\" alt=\"\" class=\"wp-image-3130\" srcset=\"https:\/\/bpm.wrotamazowsza.pl\/wp-content\/uploads\/2022\/01\/INTEGRO-300x95.png 300w, https:\/\/bpm.wrotamazowsza.pl\/wp-content\/uploads\/2022\/01\/INTEGRO-24x8.png 24w, https:\/\/bpm.wrotamazowsza.pl\/wp-content\/uploads\/2022\/01\/INTEGRO-36x11.png 36w, https:\/\/bpm.wrotamazowsza.pl\/wp-content\/uploads\/2022\/01\/INTEGRO-48x15.png 48w, https:\/\/bpm.wrotamazowsza.pl\/wp-content\/uploads\/2022\/01\/INTEGRO.png 754w\" sizes=\"auto, (max-width: 300px) 100vw, 300px\" \/><figcaption><a href=\"https:\/\/integro.pbw.waw.pl\/catalog\" rel=\"nofollow noopener\">Catalog Pedagogical Provincial Library for them. KEN in Warsaw <\/a><\/figcaption><\/figure>\n","protected":false},"excerpt":{"rendered":"<p>Pedagogical Library in Ciechan\u00f3w Pedagogical Library in Ostro\u0142\u0119ka Pedagogical Library in P\u0142ock Pedagogical Library in Radom Pedagogical Library of Heleny Radli\u0144skiej in Siedlce Pedagogical Provincial Library for them. KEN in Warsaw<\/p>\n","protected":false},"author":12,"featured_media":0,"parent":0,"menu_order":0,"comment_status":"closed","ping_status":"closed","template":"","meta":{"_acf_changed":false,"_oasis_is_in_workflow":0,"_oasis_original":0,"inline_featured_image":false,"site-sidebar-layout":"default","site-content-layout":"default","ast-site-content-layout":"default","site-content-style":"default","site-sidebar-style":"default","ast-global-header-display":"","ast-banner-title-visibility":"","ast-main-header-display":"","ast-hfb-above-header-display":"","ast-hfb-below-header-display":"","ast-hfb-mobile-header-display":"","site-post-title":"","ast-breadcrumbs-content":"","ast-featured-img":"","footer-sml-layout":"","ast-disable-related-posts":"","theme-transparent-header-meta":"default","adv-header-id-meta":"","stick-header-meta":"","header-above-stick-meta":"","header-main-stick-meta":"","header-below-stick-meta":"","astra-migrate-meta-layouts":"default","ast-page-background-enabled":"default","ast-page-background-meta":{"desktop":{"background-color":"","background-image":"","background-repeat":"repeat","background-position":"center center","background-size":"auto","background-attachment":"scroll","background-type":"","background-media":"","overlay-type":"","overlay-color":"","overlay-opacity":"","overlay-gradient":""},"tablet":{"background-color":"","background-image":"","background-repeat":"repeat","background-position":"center center","background-size":"auto","background-attachment":"scroll","background-type":"","background-media":"","overlay-type":"","overlay-color":"","overlay-opacity":"","overlay-gradient":""},"mobile":{"background-color":"","background-image":"","background-repeat":"repeat","background-position":"center center","background-size":"auto","background-attachment":"scroll","background-type":"","background-media":"","overlay-type":"","overlay-color":"","overlay-opacity":"","overlay-gradient":""}},"ast-content-background-meta":{"desktop":{"background-color":"var(--ast-global-color-5)","background-image":"","background-repeat":"repeat","background-position":"center center","background-size":"auto","background-attachment":"scroll","background-type":"","background-media":"","overlay-type":"","overlay-color":"","overlay-opacity":"","overlay-gradient":""},"tablet":{"background-color":"var(--ast-global-color-5)","background-image":"","background-repeat":"repeat","background-position":"center center","background-size":"auto","background-attachment":"scroll","background-type":"","background-media":"","overlay-type":"","overlay-color":"","overlay-opacity":"","overlay-gradient":""},"mobile":{"background-color":"var(--ast-global-color-5)","background-image":"","background-repeat":"repeat","background-position":"center center","background-size":"auto","background-attachment":"scroll","background-type":"","background-media":"","overlay-type":"","overlay-color":"","overlay-opacity":"","overlay-gradient":""}},"_themeisle_gutenberg_block_has_review":false,"footnotes":""},"class_list":["post-5149","page","type-page","status-publish","hentry"],"acf":[],"featured_image_urls_v2":{"full":"","thumbnail":"","medium":"","medium_large":"","large":"","1536x1536":"","2048x2048":"","menu-24x24":"","menu-36x36":"","menu-48x48":""},"post_excerpt_stackable_v2":"<p>Pedagogical Library in Ciechan\u00f3w Catalog Pedagogical Library in Ciechan\u00f3w Pedagogical Library in Ostro\u0142\u0119ka Catalog Pedagogical Library in Ostro\u0142\u0119ka Pedagogical Library in P\u0142ock Catalog Pedagogical Library in P\u0142ock Pedagogical Library in Radom Catalog Pedagogical Library in Radom Pedagogical Library of Heleny Radli\u0144skiej in Siedlce Catalog Pedagogical Library of Heleny Radli\u0144skiej in Siedlce Pedagogical Provincial Library for them. KEN in Warsaw Catalog Pedagogical Provincial Library for them. KEN in Warsaw<\/p>\n","category_list_v2":"","author_info_v2":{"name":"ktadaszak","url":"https:\/\/bpm.wrotamazowsza.pl\/en\/author\/ktadaszak\/"},"comments_num_v2":"0 comments","_links":{"self":[{"href":"https:\/\/bpm.wrotamazowsza.pl\/en\/wp-json\/wp\/v2\/pages\/5149","targetHints":{"allow":["GET"]}}],"collection":[{"href":"https:\/\/bpm.wrotamazowsza.pl\/en\/wp-json\/wp\/v2\/pages"}],"about":[{"href":"https:\/\/bpm.wrotamazowsza.pl\/en\/wp-json\/wp\/v2\/types\/page"}],"author":[{"embeddable":true,"href":"https:\/\/bpm.wrotamazowsza.pl\/en\/wp-json\/wp\/v2\/users\/12"}],"replies":[{"embeddable":true,"href":"https:\/\/bpm.wrotamazowsza.pl\/en\/wp-json\/wp\/v2\/comments?post=5149"}],"version-history":[{"count":2,"href":"https:\/\/bpm.wrotamazowsza.pl\/en\/wp-json\/wp\/v2\/pages\/5149\/revisions"}],"predecessor-version":[{"id":5152,"href":"https:\/\/bpm.wrotamazowsza.pl\/en\/wp-json\/wp\/v2\/pages\/5149\/revisions\/5152"}],"wp:attachment":[{"href":"https:\/\/bpm.wrotamazowsza.pl\/en\/wp-json\/wp\/v2\/media?parent=5149"}],"curies":[{"name":"wp","href":"https:\/\/api.w.org\/{rel}","templated":true}]}}