{"id":5131,"date":"2022-05-02T09:46:22","date_gmt":"2022-05-02T07:46:22","guid":{"rendered":"https:\/\/bpm.wrotamazowsza.pl\/?page_id=5131"},"modified":"2024-03-19T13:53:02","modified_gmt":"2024-03-19T12:53:02","slug":"libraries","status":"publish","type":"page","link":"https:\/\/bpm.wrotamazowsza.pl\/en\/libraries\/","title":{"rendered":"Libraries"},"content":{"rendered":"\n<div class=\"wp-block-columns is-layout-flex wp-container-core-columns-is-layout-28f84493 wp-block-columns-is-layout-flex\">\n<div class=\"wp-block-column is-layout-flow wp-block-column-is-layout-flow\" style=\"flex-basis:33.33%\">\n<figure class=\"wp-block-image aligncenter size-full is-resized\"><a href=\"https:\/\/pbw.waw.pl\/en\/\" rel=\"nofollow noopener\"><img loading=\"lazy\" decoding=\"async\" width=\"291\" height=\"89\" src=\"https:\/\/bpm.wrotamazowsza.pl\/wp-content\/uploads\/2022\/11\/Screenshot_14.jpg\" alt=\"\" class=\"wp-image-8260\" style=\"object-fit:cover;width:291px;height:89px\" srcset=\"https:\/\/bpm.wrotamazowsza.pl\/wp-content\/uploads\/2022\/11\/Screenshot_14.jpg 291w, https:\/\/bpm.wrotamazowsza.pl\/wp-content\/uploads\/2022\/11\/Screenshot_14-24x7.jpg 24w, https:\/\/bpm.wrotamazowsza.pl\/wp-content\/uploads\/2022\/11\/Screenshot_14-36x11.jpg 36w, https:\/\/bpm.wrotamazowsza.pl\/wp-content\/uploads\/2022\/11\/Screenshot_14-48x15.jpg 48w\" sizes=\"auto, (max-width: 291px) 100vw, 291px\" \/><\/a><\/figure>\n<\/div>\n\n\n\n<div class=\"wp-block-column is-vertically-aligned-center is-layout-flow wp-block-column-is-layout-flow\" style=\"flex-basis:66.66%\">\n<p><a href=\"https:\/\/pbw.waw.pl\/\" rel=\"nofollow noopener\"><\/a><a href=\"https:\/\/pbw.waw.pl\/en\/\" rel=\"nofollow noopener\">Pedagogiczna Biblioteka Wojew\u00f3dzka im. Komisji Edukacji Narodowej w Warszawie<\/a><\/p>\n<\/div>\n<\/div>\n\n\n\n<div style=\"height:50px\" aria-hidden=\"true\" class=\"wp-block-spacer\"><\/div>\n\n\n\n<div class=\"wp-block-columns is-layout-flex wp-container-core-columns-is-layout-28f84493 wp-block-columns-is-layout-flex\">\n<div class=\"wp-block-column is-layout-flow wp-block-column-is-layout-flow\" style=\"flex-basis:33.33%\">\n<figure class=\"wp-block-image alignleft size-full is-resized\"><a href=\"https:\/\/bpciechanow.edu.pl\/en\/\" rel=\"nofollow noopener\"><img loading=\"lazy\" decoding=\"async\" width=\"428\" height=\"657\" src=\"https:\/\/bpm.wrotamazowsza.pl\/wp-content\/uploads\/2022\/11\/logo_bpciechanow-w-krzywych.jpg\" alt=\"\" class=\"wp-image-8326\" style=\"object-fit:cover;width:107px;height:164px\" srcset=\"https:\/\/bpm.wrotamazowsza.pl\/wp-content\/uploads\/2022\/11\/logo_bpciechanow-w-krzywych.jpg 428w, https:\/\/bpm.wrotamazowsza.pl\/wp-content\/uploads\/2022\/11\/logo_bpciechanow-w-krzywych-195x300.jpg 195w, https:\/\/bpm.wrotamazowsza.pl\/wp-content\/uploads\/2022\/11\/logo_bpciechanow-w-krzywych-16x24.jpg 16w, https:\/\/bpm.wrotamazowsza.pl\/wp-content\/uploads\/2022\/11\/logo_bpciechanow-w-krzywych-23x36.jpg 23w, https:\/\/bpm.wrotamazowsza.pl\/wp-content\/uploads\/2022\/11\/logo_bpciechanow-w-krzywych-31x48.jpg 31w\" sizes=\"auto, (max-width: 428px) 100vw, 428px\" \/><\/a><\/figure>\n<\/div>\n\n\n\n<div class=\"wp-block-column is-vertically-aligned-center is-layout-flow wp-block-column-is-layout-flow\" style=\"flex-basis:66.66%\">\n<p><a href=\"https:\/\/pbw.waw.pl\/\" rel=\"nofollow noopener\"><\/a><a href=\"https:\/\/bpciechanow.edu.pl\/en\/\" rel=\"nofollow noopener\">Biblioteka Pedagogiczna w Ciechanowie<\/a><\/p>\n<\/div>\n<\/div>\n\n\n\n<div style=\"height:50px\" aria-hidden=\"true\" class=\"wp-block-spacer\"><\/div>\n\n\n\n<div class=\"wp-block-columns is-layout-flex wp-container-core-columns-is-layout-28f84493 wp-block-columns-is-layout-flex\">\n<div class=\"wp-block-column is-layout-flow wp-block-column-is-layout-flow\" style=\"flex-basis:33.33%\">\n<figure class=\"wp-block-image alignleft size-full\"><a href=\"https:\/\/bpsiedlce.pl\/en\/\" rel=\"nofollow noopener\"><img loading=\"lazy\" decoding=\"async\" width=\"976\" height=\"361\" src=\"https:\/\/bpm.wrotamazowsza.pl\/wp-content\/uploads\/2023\/12\/logo-1.png\" alt=\"logo Biblioteki Pedagogicznej im. Heleny Radli\u0144skiej w Siedlcach\" class=\"wp-image-9040\" style=\"object-fit:cover\" srcset=\"https:\/\/bpm.wrotamazowsza.pl\/wp-content\/uploads\/2023\/12\/logo-1.png 976w, https:\/\/bpm.wrotamazowsza.pl\/wp-content\/uploads\/2023\/12\/logo-1-300x111.png 300w, https:\/\/bpm.wrotamazowsza.pl\/wp-content\/uploads\/2023\/12\/logo-1-768x284.png 768w, https:\/\/bpm.wrotamazowsza.pl\/wp-content\/uploads\/2023\/12\/logo-1-24x9.png 24w, https:\/\/bpm.wrotamazowsza.pl\/wp-content\/uploads\/2023\/12\/logo-1-36x13.png 36w, https:\/\/bpm.wrotamazowsza.pl\/wp-content\/uploads\/2023\/12\/logo-1-48x18.png 48w\" sizes=\"auto, (max-width: 976px) 100vw, 976px\" \/><\/a><\/figure>\n<\/div>\n\n\n\n<div class=\"wp-block-column is-vertically-aligned-center is-layout-flow wp-block-column-is-layout-flow\" style=\"flex-basis:66.66%\">\n<p><a href=\"https:\/\/pbw.waw.pl\/\" rel=\"nofollow noopener\"><\/a><a href=\"https:\/\/bpsiedlce.pl\/en\/\" rel=\"nofollow noopener\">Biblioteka Pedagogiczna im. Heleny Radli\u0144skiej w Siedlcach<\/a><\/p>\n<\/div>\n<\/div>\n\n\n\n<div style=\"height:50px\" aria-hidden=\"true\" class=\"wp-block-spacer\"><\/div>\n\n\n\n<div class=\"wp-block-columns is-layout-flex wp-container-core-columns-is-layout-28f84493 wp-block-columns-is-layout-flex\">\n<div class=\"wp-block-column is-layout-flow wp-block-column-is-layout-flow\" style=\"flex-basis:33.33%\">\n<figure class=\"wp-block-image alignleft size-medium is-resized\"><a href=\"https:\/\/bibliotekapedagogiczna.pl\/\" rel=\"nofollow noopener\"><img loading=\"lazy\" decoding=\"async\" width=\"300\" height=\"140\" src=\"https:\/\/bpm.wrotamazowsza.pl\/wp-content\/uploads\/2022\/11\/logo-poziome-300x140.png\" alt=\"\" class=\"wp-image-8404\" style=\"object-fit:cover;width:225px;height:105px\" srcset=\"https:\/\/bpm.wrotamazowsza.pl\/wp-content\/uploads\/2022\/11\/logo-poziome-300x140.png 300w, https:\/\/bpm.wrotamazowsza.pl\/wp-content\/uploads\/2022\/11\/logo-poziome-24x11.png 24w, https:\/\/bpm.wrotamazowsza.pl\/wp-content\/uploads\/2022\/11\/logo-poziome-36x17.png 36w, https:\/\/bpm.wrotamazowsza.pl\/wp-content\/uploads\/2022\/11\/logo-poziome-48x22.png 48w, https:\/\/bpm.wrotamazowsza.pl\/wp-content\/uploads\/2022\/11\/logo-poziome.png 350w\" sizes=\"auto, (max-width: 300px) 100vw, 300px\" \/><\/a><\/figure>\n<\/div>\n\n\n\n<div class=\"wp-block-column is-vertically-aligned-center is-layout-flow wp-block-column-is-layout-flow\" style=\"flex-basis:66.66%\">\n<p><a href=\"https:\/\/pbw.waw.pl\/\" rel=\"nofollow noopener\"><\/a><a href=\"https:\/\/bibliotekapedagogiczna.pl\/\" rel=\"nofollow noopener\">Biblioteka Pedagogiczna w Radomiu<\/a><\/p>\n<\/div>\n<\/div>\n\n\n\n<div style=\"height:50px\" aria-hidden=\"true\" class=\"wp-block-spacer\"><\/div>\n\n\n\n<div class=\"wp-block-columns is-layout-flex wp-container-core-columns-is-layout-28f84493 wp-block-columns-is-layout-flex\">\n<div class=\"wp-block-column is-layout-flow wp-block-column-is-layout-flow\" style=\"flex-basis:33.33%\">\n<figure class=\"wp-block-image alignleft size-full\"><a href=\"https:\/\/bp.ostroleka.pl\/en\/\" rel=\"nofollow noopener\"><img loading=\"lazy\" decoding=\"async\" width=\"310\" height=\"65\" src=\"https:\/\/bpm.wrotamazowsza.pl\/wp-content\/uploads\/2022\/11\/Logo_header1-e1466423466972.png\" alt=\"\" class=\"wp-image-8425\" srcset=\"https:\/\/bpm.wrotamazowsza.pl\/wp-content\/uploads\/2022\/11\/Logo_header1-e1466423466972.png 310w, https:\/\/bpm.wrotamazowsza.pl\/wp-content\/uploads\/2022\/11\/Logo_header1-e1466423466972-300x63.png 300w, https:\/\/bpm.wrotamazowsza.pl\/wp-content\/uploads\/2022\/11\/Logo_header1-e1466423466972-24x5.png 24w, https:\/\/bpm.wrotamazowsza.pl\/wp-content\/uploads\/2022\/11\/Logo_header1-e1466423466972-36x8.png 36w, https:\/\/bpm.wrotamazowsza.pl\/wp-content\/uploads\/2022\/11\/Logo_header1-e1466423466972-48x10.png 48w\" sizes=\"auto, (max-width: 310px) 100vw, 310px\" \/><\/a><\/figure>\n<\/div>\n\n\n\n<div class=\"wp-block-column is-vertically-aligned-center is-layout-flow wp-block-column-is-layout-flow\" style=\"flex-basis:66.66%\">\n<p><a href=\"https:\/\/pbw.waw.pl\/\" rel=\"nofollow noopener\"><\/a><a href=\"https:\/\/bp.ostroleka.pl\/en\/\" rel=\"nofollow noopener\">Biblioteka Pedagogiczna w Ostro\u0142\u0119ce<\/a><\/p>\n<\/div>\n<\/div>\n\n\n\n<div style=\"height:50px\" aria-hidden=\"true\" class=\"wp-block-spacer\"><\/div>\n\n\n\n<div class=\"wp-block-columns is-layout-flex wp-container-core-columns-is-layout-28f84493 wp-block-columns-is-layout-flex\">\n<div class=\"wp-block-column is-layout-flow wp-block-column-is-layout-flow\" style=\"flex-basis:33.33%\">\n<figure class=\"wp-block-image alignleft size-medium is-resized\"><a href=\"https:\/\/bpplock.pl\/en\/\" rel=\"nofollow noopener\"><img loading=\"lazy\" decoding=\"async\" width=\"300\" height=\"300\" src=\"https:\/\/bpm.wrotamazowsza.pl\/wp-content\/uploads\/2022\/11\/logo-kol-CMYK-300x300.jpg\" alt=\"\" class=\"wp-image-8446\" style=\"object-fit:cover;width:150px;height:150px\" srcset=\"https:\/\/bpm.wrotamazowsza.pl\/wp-content\/uploads\/2022\/11\/logo-kol-CMYK-300x300.jpg 300w, https:\/\/bpm.wrotamazowsza.pl\/wp-content\/uploads\/2022\/11\/logo-kol-CMYK-1024x1024.jpg 1024w, https:\/\/bpm.wrotamazowsza.pl\/wp-content\/uploads\/2022\/11\/logo-kol-CMYK-150x150.jpg 150w, https:\/\/bpm.wrotamazowsza.pl\/wp-content\/uploads\/2022\/11\/logo-kol-CMYK-768x768.jpg 768w, https:\/\/bpm.wrotamazowsza.pl\/wp-content\/uploads\/2022\/11\/logo-kol-CMYK-75x75.jpg 75w, https:\/\/bpm.wrotamazowsza.pl\/wp-content\/uploads\/2022\/11\/logo-kol-CMYK-24x24.jpg 24w, https:\/\/bpm.wrotamazowsza.pl\/wp-content\/uploads\/2022\/11\/logo-kol-CMYK-36x36.jpg 36w, https:\/\/bpm.wrotamazowsza.pl\/wp-content\/uploads\/2022\/11\/logo-kol-CMYK-48x48.jpg 48w, https:\/\/bpm.wrotamazowsza.pl\/wp-content\/uploads\/2022\/11\/logo-kol-CMYK.jpg 1259w\" sizes=\"auto, (max-width: 300px) 100vw, 300px\" \/><\/a><\/figure>\n<\/div>\n\n\n\n<div class=\"wp-block-column is-vertically-aligned-center is-layout-flow wp-block-column-is-layout-flow\" style=\"flex-basis:66.66%\">\n<p><a href=\"https:\/\/bpplock.pl\/en\/\" rel=\"nofollow noopener\">Biblioteka Pedagogiczna w P\u0142ocku<\/a><\/p>\n<\/div>\n<\/div>\n","protected":false},"excerpt":{"rendered":"<p>Pedagogiczna Biblioteka Wojew\u00f3dzka im. Komisji Edukacji Narodowej w Warszawie Biblioteka Pedagogiczna w Ciechanowie Biblioteka Pedagogiczna im. Heleny Radli\u0144skiej w Siedlcach Biblioteka Pedagogiczna w Radomiu Biblioteka Pedagogiczna w Ostro\u0142\u0119ce Biblioteka Pedagogiczna w P\u0142ocku<\/p>\n","protected":false},"author":12,"featured_media":0,"parent":0,"menu_order":0,"comment_status":"closed","ping_status":"closed","template":"","meta":{"_acf_changed":false,"_oasis_is_in_workflow":0,"_oasis_original":0,"inline_featured_image":false,"site-sidebar-layout":"default","site-content-layout":"default","ast-site-content-layout":"default","site-content-style":"default","site-sidebar-style":"default","ast-global-header-display":"","ast-banner-title-visibility":"","ast-main-header-display":"","ast-hfb-above-header-display":"","ast-hfb-below-header-display":"","ast-hfb-mobile-header-display":"","site-post-title":"","ast-breadcrumbs-content":"","ast-featured-img":"","footer-sml-layout":"","ast-disable-related-posts":"","theme-transparent-header-meta":"default","adv-header-id-meta":"","stick-header-meta":"","header-above-stick-meta":"","header-main-stick-meta":"","header-below-stick-meta":"","astra-migrate-meta-layouts":"set","ast-page-background-enabled":"default","ast-page-background-meta":{"desktop":{"background-color":"","background-image":"","background-repeat":"repeat","background-position":"center center","background-size":"auto","background-attachment":"scroll","background-type":"","background-media":"","overlay-type":"","overlay-color":"","overlay-opacity":"","overlay-gradient":""},"tablet":{"background-color":"","background-image":"","background-repeat":"repeat","background-position":"center center","background-size":"auto","background-attachment":"scroll","background-type":"","background-media":"","overlay-type":"","overlay-color":"","overlay-opacity":"","overlay-gradient":""},"mobile":{"background-color":"","background-image":"","background-repeat":"repeat","background-position":"center center","background-size":"auto","background-attachment":"scroll","background-type":"","background-media":"","overlay-type":"","overlay-color":"","overlay-opacity":"","overlay-gradient":""}},"ast-content-background-meta":{"desktop":{"background-color":"var(--ast-global-color-5)","background-image":"","background-repeat":"repeat","background-position":"center center","background-size":"auto","background-attachment":"scroll","background-type":"","background-media":"","overlay-type":"","overlay-color":"","overlay-opacity":"","overlay-gradient":""},"tablet":{"background-color":"var(--ast-global-color-5)","background-image":"","background-repeat":"repeat","background-position":"center center","background-size":"auto","background-attachment":"scroll","background-type":"","background-media":"","overlay-type":"","overlay-color":"","overlay-opacity":"","overlay-gradient":""},"mobile":{"background-color":"var(--ast-global-color-5)","background-image":"","background-repeat":"repeat","background-position":"center center","background-size":"auto","background-attachment":"scroll","background-type":"","background-media":"","overlay-type":"","overlay-color":"","overlay-opacity":"","overlay-gradient":""}},"_themeisle_gutenberg_block_has_review":false,"footnotes":""},"class_list":["post-5131","page","type-page","status-publish","hentry"],"acf":[],"featured_image_urls_v2":{"full":"","thumbnail":"","medium":"","medium_large":"","large":"","1536x1536":"","2048x2048":"","menu-24x24":"","menu-36x36":"","menu-48x48":""},"post_excerpt_stackable_v2":"<p>Pedagogiczna Biblioteka Wojew\u00f3dzka im. Komisji Edukacji Narodowej w Warszawie Biblioteka Pedagogiczna w Ciechanowie Biblioteka Pedagogiczna im. Heleny Radli\u0144skiej w Siedlcach Biblioteka Pedagogiczna w Radomiu Biblioteka Pedagogiczna w Ostro\u0142\u0119ce Biblioteka Pedagogiczna w P\u0142ocku<\/p>\n","category_list_v2":"","author_info_v2":{"name":"ktadaszak","url":"https:\/\/bpm.wrotamazowsza.pl\/en\/author\/ktadaszak\/"},"comments_num_v2":"0 comments","_links":{"self":[{"href":"https:\/\/bpm.wrotamazowsza.pl\/en\/wp-json\/wp\/v2\/pages\/5131","targetHints":{"allow":["GET"]}}],"collection":[{"href":"https:\/\/bpm.wrotamazowsza.pl\/en\/wp-json\/wp\/v2\/pages"}],"about":[{"href":"https:\/\/bpm.wrotamazowsza.pl\/en\/wp-json\/wp\/v2\/types\/page"}],"author":[{"embeddable":true,"href":"https:\/\/bpm.wrotamazowsza.pl\/en\/wp-json\/wp\/v2\/users\/12"}],"replies":[{"embeddable":true,"href":"https:\/\/bpm.wrotamazowsza.pl\/en\/wp-json\/wp\/v2\/comments?post=5131"}],"version-history":[{"count":15,"href":"https:\/\/bpm.wrotamazowsza.pl\/en\/wp-json\/wp\/v2\/pages\/5131\/revisions"}],"predecessor-version":[{"id":10084,"href":"https:\/\/bpm.wrotamazowsza.pl\/en\/wp-json\/wp\/v2\/pages\/5131\/revisions\/10084"}],"wp:attachment":[{"href":"https:\/\/bpm.wrotamazowsza.pl\/en\/wp-json\/wp\/v2\/media?parent=5131"}],"curies":[{"name":"wp","href":"https:\/\/api.w.org\/{rel}","templated":true}]}}