{"id":10708,"date":"2024-03-13T08:05:36","date_gmt":"2024-03-13T07:05:36","guid":{"rendered":"https:\/\/bpm.wrotamazowsza.pl\/rejestracja-2\/"},"modified":"2024-05-07T13:05:43","modified_gmt":"2024-05-07T11:05:43","slug":"rejestracja-2","status":"publish","type":"page","link":"https:\/\/bpm.wrotamazowsza.pl\/en\/rejestracja-2\/","title":{"rendered":"Registration"},"content":{"rendered":"\n<p>Fields marked with * are mandatory<\/p>\n\n\n        <form enctype=\"multipart\/form-data\" method=\"post\" id=\"wppb-register-user\" class=\"wppb-user-forms wppb-register-user wppb-user-logged-out\" action=\"https:\/\/bpm.wrotamazowsza.pl\/en\/wp-json\/wp\/v2\/pages\/10708\">\n\t\t\t<ul><li class=\"wppb-form-field wppb-default-name-heading\" id=\"wppb-form-element-1\"><h4>Basic data<\/h4><span class=\"wppb-description-delimiter \"><\/span><\/li><li class=\"wppb-form-field wppb-default-username\" id=\"wppb-form-element-2\">\n\t\t\t<label for=\"username\">User Name<span class=\"wppb-required\" title=\"This field is required\">*<\/span><\/label>\n\t\t\t<input class=\"text-input default_field_username \" name=\"username\" maxlength=\"70\" type=\"text\" id=\"username\" value=\"\"  \/><span class=\"wppb-description-delimiter\">Nazwa u\u017cytkownika mo\u017ce zawiera\u0107: ma\u0142e litery, cyfry 0-9 oraz znaki specjalne takie jak kropka, my\u015blnik oraz podkre\u015blenie (\".\", \"- \", \"_\"). Nazwy u\u017cytkownik\u00f3w nie mog\u0105 by\u0107 zmieniane.<\/span><\/li><li class=\"wppb-form-field wppb-default-first-name\" id=\"wppb-form-element-3\">\n\t\t\t<label for=\"first_name\">Name<\/label>\n\t\t\t<input class=\"text-input default_field_firstname \" name=\"first_name\" maxlength=\"70\" type=\"text\" id=\"first_name\" value=\"\"  \/><\/li><li class=\"wppb-form-field wppb-default-last-name\" id=\"wppb-form-element-4\">\n\t\t\t<label for=\"last_name\">Last name<\/label>\n\t\t\t<input class=\"text-input default_field_lastname \" name=\"last_name\" maxlength=\"70\" type=\"text\" id=\"last_name\" value=\"\" \/><\/li><li class=\"wppb-form-field wppb-default-e-mail\" id=\"wppb-form-element-8\">\n\t\t\t<label for=\"email\">E-mail<span class=\"wppb-required\" title=\"This field is required\">*<\/span><\/label>\n\t\t\t<input class=\"text-input default_field_email \" name=\"email\" maxlength=\"70\" type=\"email\" id=\"email\" value=\"\"   \/><\/li><li class=\"wppb-form-field wppb-default-password\" id=\"wppb-form-element-12\">\n\t\t\t<label for=\"passw1\">Password<span class=\"wppb-required\" title=\"This field is required\">*<\/span><\/label>\n            <span class=\"wppb-password-field-container\">\n\t\t\t    <input class=\"text-input \" name=\"passw1\" maxlength=\"70\" type=\"password\" id=\"passw1\" value=\"\" autocomplete=\"off\" \/>\n\t\t\t     <!-- add the HTML for the visibility toggle -->\n\t\t\t<\/span><span class=\"wppb-description-delimiter\">Minimum length of 16 characters. <br>The password must have a minimum strength of Strong<\/span><span id=\"pass-strength-result\">Strength indicator<\/span>\n        <input type=\"hidden\" value=\"\" name=\"wppb_password_strength\" id=\"wppb_password_strength\"\/><\/li><li class=\"wppb-form-field wppb-default-repeat-password\" id=\"wppb-form-element-13\">\n\t\t\t<label for=\"passw2\">Repeat password<span class=\"wppb-required\" title=\"This field is required\">*<\/span><\/label>\n\t\t\t<span class=\"wppb-password-field-container\">\n\t\t\t    <input class=\"text-input \" name=\"passw2\" maxlength=\"70\" type=\"password\" id=\"passw2\" value=\"\" autocomplete=\"off\" \/>\n\t\t\t     <!-- add the HTML for the visibility toggle -->\n\t\t\t<\/span><\/li><li class=\"wppb-form-field wppb-gdpr-checkbox wppb-checkbox\" id=\"wppb-form-element-14\">\n\t\t\t\t<label for=\"user_consent_gdpr\">\n\t\t\t\t<input value=\"agree\" name=\"user_consent_gdpr\" id=\"user_consent_gdpr\" type=\"checkbox\" class=\"custom_field_gdpr\"   \/><span>I give my consent, within the meaning of Article 4 of the Regulation (EU) 2016\/679 of the European Parliament and of the Council of 27 April 2016 on the protection of natural persons with regard to the processing of personal data and on the free movement of such data, and repealing Directive 95\/46\/EC (General Data Protection Regulation) of 27 April 2016. (DZ.Urz.EU.L No. 119, p. 1), for the processing of my personal data by Mazovian Voivodeship, for the following purposes: related to registration on Mazovian Pedagogical Libraries: setting up an account, using e-services such as internship enrollment, purchase proposal, exhibition lending, processing complaints and requests, journal publication submission, event enrollment, library lesson enrollment, distance learning, video conferencing, receiving email notifications related to the implementation of e-services.<span class=\"wppb-required\" title=\"This field is required\">*<\/span><\/span><\/label><\/li><li class=\"wppb-form-field wppb-recaptcha wppb-recaptcha-v3\" id=\"wppb-form-element-15\"><div id=\"wppb-recaptcha-element-pb_register1\" class=\"wppb-recaptcha-element wppb-v3-recaptcha\"><input type=\"hidden\" name=\"g-recaptcha-response\" class=\"g-recaptcha-response wppb-v3-recaptcha\"><\/div><input type=\"hidden\" name=\"wppb-recaptcha-v3\" value=\"1\"><\/li><\/ul><ul><\/ul>\t\t\t<p class=\"form-submit\"  >\n\t\t\t\t                \t\t\t\t<input name=\"register\" type=\"submit\" id=\"register\" class=\"submit button\" value=\"Register\" \/>\n                <input name=\"redirect_to\" type=\"hidden\" value=\"\" \/>\n                \t\t\t\t<input name=\"action\" type=\"hidden\" id=\"action\" value=\"register\" \/>\n\t\t\t\t<input name=\"form_name\" type=\"hidden\" id=\"form_name\" value=\"unspecified\" \/>\n\t\t\t\t<input name=\"form_id\" type=\"hidden\" id=\"form_id\" value=\"\" \/>\n\t\t\t\t\t\t\t<\/p><!-- .form-submit -->\n\t\t\t<input type=\"hidden\" id=\"register_unspecified_nonce_field\" name=\"register_unspecified_nonce_field\" value=\"c8f1d11f6f\" \/><input type=\"hidden\" name=\"_wp_http_referer\" value=\"\/en\/wp-json\/wp\/v2\/pages\/10708\" \/>\t\t<\/form>\n\t\t","protected":false},"excerpt":{"rendered":"<p>Fields marked with * are mandatory<\/p>\n","protected":false},"author":741,"featured_media":0,"parent":0,"menu_order":0,"comment_status":"closed","ping_status":"closed","template":"","meta":{"_acf_changed":false,"_oasis_is_in_workflow":0,"_oasis_original":0,"inline_featured_image":false,"site-sidebar-layout":"default","site-content-layout":"","ast-site-content-layout":"default","site-content-style":"default","site-sidebar-style":"default","ast-global-header-display":"","ast-banner-title-visibility":"","ast-main-header-display":"","ast-hfb-above-header-display":"","ast-hfb-below-header-display":"","ast-hfb-mobile-header-display":"","site-post-title":"","ast-breadcrumbs-content":"","ast-featured-img":"","footer-sml-layout":"","ast-disable-related-posts":"","theme-transparent-header-meta":"","adv-header-id-meta":"","stick-header-meta":"","header-above-stick-meta":"","header-main-stick-meta":"","header-below-stick-meta":"","astra-migrate-meta-layouts":"set","ast-page-background-enabled":"default","ast-page-background-meta":{"desktop":{"background-color":"","background-image":"","background-repeat":"repeat","background-position":"center center","background-size":"auto","background-attachment":"scroll","background-type":"","background-media":"","overlay-type":"","overlay-color":"","overlay-opacity":"","overlay-gradient":""},"tablet":{"background-color":"","background-image":"","background-repeat":"repeat","background-position":"center center","background-size":"auto","background-attachment":"scroll","background-type":"","background-media":"","overlay-type":"","overlay-color":"","overlay-opacity":"","overlay-gradient":""},"mobile":{"background-color":"","background-image":"","background-repeat":"repeat","background-position":"center center","background-size":"auto","background-attachment":"scroll","background-type":"","background-media":"","overlay-type":"","overlay-color":"","overlay-opacity":"","overlay-gradient":""}},"ast-content-background-meta":{"desktop":{"background-color":"var(--ast-global-color-5)","background-image":"","background-repeat":"repeat","background-position":"center center","background-size":"auto","background-attachment":"scroll","background-type":"","background-media":"","overlay-type":"","overlay-color":"","overlay-opacity":"","overlay-gradient":""},"tablet":{"background-color":"var(--ast-global-color-5)","background-image":"","background-repeat":"repeat","background-position":"center center","background-size":"auto","background-attachment":"scroll","background-type":"","background-media":"","overlay-type":"","overlay-color":"","overlay-opacity":"","overlay-gradient":""},"mobile":{"background-color":"var(--ast-global-color-5)","background-image":"","background-repeat":"repeat","background-position":"center center","background-size":"auto","background-attachment":"scroll","background-type":"","background-media":"","overlay-type":"","overlay-color":"","overlay-opacity":"","overlay-gradient":""}},"_themeisle_gutenberg_block_has_review":false,"footnotes":""},"class_list":["post-10708","page","type-page","status-publish","hentry"],"acf":[],"featured_image_urls_v2":{"full":"","thumbnail":"","medium":"","medium_large":"","large":"","1536x1536":"","2048x2048":"","menu-24x24":"","menu-36x36":"","menu-48x48":""},"post_excerpt_stackable_v2":"<p>Fields marked with * are mandatory Basic data User Name* Nazwa u\u017cytkownika mo\u017ce zawiera\u0107: ma\u0142e litery, cyfry 0-9 oraz znaki specjalne takie jak kropka, my\u015blnik oraz podkre\u015blenie (&#8220;.&#8221;, &#8220;- &#8220;, &#8220;_&#8221;). Nazwy u\u017cytkownik\u00f3w nie mog\u0105 by\u0107 zmieniane. Name Last name E-mail* Password* Minimum length of 16 characters. The password must have a minimum strength of StrongStrength indicator Repeat password* I give my consent, within the meaning of Article 4 of the Regulation (EU) 2016\/679 of the European Parliament and of the Council of 27 April 2016 on the protection of natural persons with regard to the processing of personal data&hellip;<\/p>\n","category_list_v2":"","author_info_v2":{"name":"Aleksandra Cie\u015blicka","url":"https:\/\/bpm.wrotamazowsza.pl\/en\/author\/acieslicka\/"},"comments_num_v2":"0 comments","_links":{"self":[{"href":"https:\/\/bpm.wrotamazowsza.pl\/en\/wp-json\/wp\/v2\/pages\/10708","targetHints":{"allow":["GET"]}}],"collection":[{"href":"https:\/\/bpm.wrotamazowsza.pl\/en\/wp-json\/wp\/v2\/pages"}],"about":[{"href":"https:\/\/bpm.wrotamazowsza.pl\/en\/wp-json\/wp\/v2\/types\/page"}],"author":[{"embeddable":true,"href":"https:\/\/bpm.wrotamazowsza.pl\/en\/wp-json\/wp\/v2\/users\/741"}],"replies":[{"embeddable":true,"href":"https:\/\/bpm.wrotamazowsza.pl\/en\/wp-json\/wp\/v2\/comments?post=10708"}],"version-history":[{"count":4,"href":"https:\/\/bpm.wrotamazowsza.pl\/en\/wp-json\/wp\/v2\/pages\/10708\/revisions"}],"predecessor-version":[{"id":10759,"href":"https:\/\/bpm.wrotamazowsza.pl\/en\/wp-json\/wp\/v2\/pages\/10708\/revisions\/10759"}],"wp:attachment":[{"href":"https:\/\/bpm.wrotamazowsza.pl\/en\/wp-json\/wp\/v2\/media?parent=10708"}],"curies":[{"name":"wp","href":"https:\/\/api.w.org\/{rel}","templated":true}]}}